{"id":30419,"date":"2026-01-09T13:27:19","date_gmt":"2026-01-09T13:27:19","guid":{"rendered":"https:\/\/topprixsarl.ch\/product\/poch-protege-doc-kolma-a4-pour-20-cartes-de-visite-sachet-de-5-unites\/"},"modified":"2026-01-14T14:20:26","modified_gmt":"2026-01-14T14:20:26","slug":"poch-protege-doc-kolma-a4-pour-20-cartes-de-visite-sachet-de-5-unites","status":"publish","type":"product","link":"https:\/\/topprixsarl.ch\/de\/product\/poch-protege-doc-kolma-a4-pour-20-cartes-de-visite-sachet-de-5-unites\/","title":{"rendered":"Poch. prot\u00e8ge-doc. Kolma, A4, pour 20 cartes de visite, sachet de 5\u00a0unit\u00e9s"},"content":{"rendered":"<p>Quelque chose qui pla\u00eet \u00e0 l&rsquo;\u0153il. <\/p>\n<p>Rendez-vous fier de vous-m\u00eame! Car qui n&rsquo;aime pas montrer le large \u00e9ventail de services et de produits offerts par sa propre entreprise? <\/p>\n<p>Les pochettes de pr\u00e9sentation de la marque Kolma sont parfaites \u00e0 cet effet. Gr\u00e2ce \u00e0 elles, vos prospectus sont pr\u00e9sent\u00e9s de mani\u00e8re \u00e9l\u00e9gante et incitent ainsi tout le monde \u00e0 y jeter un \u0153il et \u00e0 les parcourir. <\/p>\n<p>+ Feuilles jusqu&rsquo;au format A4 parfaitement adapt\u00e9es \u00e0 ce produit. <\/p>\n<p>+ Design brillant qui attirera les regards. <\/p>\n<p>Quand on est amen\u00e9 \u00e0 effectuer une consultation \u00e0 deux avec un coll\u00e8gue de travail, ou m\u00eame seul, on a tous une mani\u00e8re d&rsquo;informer diff\u00e9rente. C&rsquo;est la raison pour laquelle il est essentiel de faire une pr\u00e9sentation globale qui illustre votre offre de la meilleure mani\u00e8re possible. <\/p>\n<p>La marque Kolma propose dans cette optique des solutions qualitatives avec la pochette de pr\u00e9sentation. Effectivement, cet accessoire vous permet ainsi qu&rsquo;\u00e0 vos coll\u00e8gues ou vos clients de travailler dans des conditions optimales. <\/p>\n<p>Obtenez d\u00e8s aujourd&rsquo;hui un accessoire styl\u00e9 pour vos pr\u00e9sentations!<\/p>","protected":false},"excerpt":{"rendered":"<p>Quelque chose qui pla\u00eet \u00e0 l&rsquo;\u0153il Rendez-vous fier de vous-m\u00eame! Car qui n&rsquo;aime pas montrer le large \u00e9ventail de services et de produits offerts par sa propre entreprise? Les pochettes de pr\u00e9sentation de la marque Kolma sont parfaites \u00e0 cet effet. Gr\u00e2c<\/p>","protected":false},"featured_media":30418,"comment_status":"open","ping_status":"closed","template":"","meta":[],"product_brand":[],"product_cat":[137],"product_tag":[],"class_list":{"0":"post-30419","1":"product","2":"type-product","3":"status-publish","4":"has-post-thumbnail","6":"product_cat-article-offic","8":"first","9":"instock","10":"shipping-taxable","11":"purchasable","12":"product-type-simple"},"_links":{"self":[{"href":"https:\/\/topprixsarl.ch\/de\/wp-json\/wp\/v2\/product\/30419","targetHints":{"allow":["GET"]}}],"collection":[{"href":"https:\/\/topprixsarl.ch\/de\/wp-json\/wp\/v2\/product"}],"about":[{"href":"https:\/\/topprixsarl.ch\/de\/wp-json\/wp\/v2\/types\/product"}],"replies":[{"embeddable":true,"href":"https:\/\/topprixsarl.ch\/de\/wp-json\/wp\/v2\/comments?post=30419"}],"version-history":[{"count":2,"href":"https:\/\/topprixsarl.ch\/de\/wp-json\/wp\/v2\/product\/30419\/revisions"}],"predecessor-version":[{"id":32532,"href":"https:\/\/topprixsarl.ch\/de\/wp-json\/wp\/v2\/product\/30419\/revisions\/32532"}],"wp:featuredmedia":[{"embeddable":true,"href":"https:\/\/topprixsarl.ch\/de\/wp-json\/wp\/v2\/media\/30418"}],"wp:attachment":[{"href":"https:\/\/topprixsarl.ch\/de\/wp-json\/wp\/v2\/media?parent=30419"}],"wp:term":[{"taxonomy":"product_brand","embeddable":true,"href":"https:\/\/topprixsarl.ch\/de\/wp-json\/wp\/v2\/product_brand?post=30419"},{"taxonomy":"product_cat","embeddable":true,"href":"https:\/\/topprixsarl.ch\/de\/wp-json\/wp\/v2\/product_cat?post=30419"},{"taxonomy":"product_tag","embeddable":true,"href":"https:\/\/topprixsarl.ch\/de\/wp-json\/wp\/v2\/product_tag?post=30419"}],"curies":[{"name":"wp","href":"https:\/\/api.w.org\/{rel}","templated":true}]}}