{"id":30417,"date":"2026-01-09T13:27:04","date_gmt":"2026-01-09T13:27:04","guid":{"rendered":"https:\/\/topprixsarl.ch\/product\/poch-protege-doc-kolma-a4-140-microns-hte-trans-super-resist-50-unites\/"},"modified":"2026-01-14T14:20:26","modified_gmt":"2026-01-14T14:20:26","slug":"poch-protege-doc-kolma-a4-140-microns-hte-trans-super-resist-50-unites","status":"publish","type":"product","link":"https:\/\/topprixsarl.ch\/de\/product\/poch-protege-doc-kolma-a4-140-microns-hte-trans-super-resist-50-unites\/","title":{"rendered":"Poch. prot\u00e8ge-doc. Kolma, A4, 140\u00a0microns, hte trans., super r\u00e9sist., 50\u00a0unit\u00e9s"},"content":{"rendered":"<p>Quelque chose qui pla\u00eet \u00e0 l&rsquo;\u0153il <\/p>\n<p>Rendez vos coll\u00e8gues fiers de vous ! Car qui n&rsquo;aime pas montrer le large \u00e9ventail de services et de produits offerts par son entreprise ? <\/p>\n<p>Les pochettes de pr\u00e9sentation de la marque Kolma sont id\u00e9ales \u00e0 cet effet. Gr\u00e2ce \u00e0 elles, vos prospectus sont pr\u00e9sent\u00e9s de mani\u00e8re \u00e9l\u00e9gante et incitent ainsi tout le monde \u00e0 y jeter un \u0153il et \u00e0 les parcourir. <\/p>\n<p>+ Utilisation de feuilles jusqu&rsquo;au format A4 <\/p>\n<p>Son apparence \u00e9l\u00e9gante est mise en avant par son design brillant. Donnez \u00e0 la pr\u00e9sentation de vos documents le cadre optimal. C&rsquo;est la seule fa\u00e7on de cr\u00e9er une atmosph\u00e8re propice \u00e0 une attention totale. <\/p>\n<p>+ Accessoire id\u00e9al pour souligner la qualit\u00e9 de votre portfolio <\/p>\n<p>Les pochettes de pr\u00e9sentation de la marque Kolma sont l&rsquo;accessoire id\u00e9al pour cela. Elles soulignent la grande qualit\u00e9 de votre portfolio sans se mettre trop en avant par leur design. <\/p>\n<p>Commandez argument de vente aujourd&rsquo;hui !<\/p>","protected":false},"excerpt":{"rendered":"<p>Quelque chose qui pla\u00eet \u00e0 l&rsquo;\u0153il Rendez vos coll\u00e8gues fiers de vous! Car qui n&rsquo;aime pas montrer le large \u00e9ventail de services et de produits offerts par son entreprise? Les pochettes de pr\u00e9sentation de la marque Kolma sont id\u00e9ales \u00e0 cet effet. Gr\u00e2ce \u00e0<\/p>","protected":false},"featured_media":30416,"comment_status":"open","ping_status":"closed","template":"","meta":[],"product_brand":[],"product_cat":[137],"product_tag":[],"class_list":{"0":"post-30417","1":"product","2":"type-product","3":"status-publish","4":"has-post-thumbnail","6":"product_cat-article-offic","8":"first","9":"instock","10":"shipping-taxable","11":"purchasable","12":"product-type-simple"},"_links":{"self":[{"href":"https:\/\/topprixsarl.ch\/de\/wp-json\/wp\/v2\/product\/30417","targetHints":{"allow":["GET"]}}],"collection":[{"href":"https:\/\/topprixsarl.ch\/de\/wp-json\/wp\/v2\/product"}],"about":[{"href":"https:\/\/topprixsarl.ch\/de\/wp-json\/wp\/v2\/types\/product"}],"replies":[{"embeddable":true,"href":"https:\/\/topprixsarl.ch\/de\/wp-json\/wp\/v2\/comments?post=30417"}],"version-history":[{"count":2,"href":"https:\/\/topprixsarl.ch\/de\/wp-json\/wp\/v2\/product\/30417\/revisions"}],"predecessor-version":[{"id":32531,"href":"https:\/\/topprixsarl.ch\/de\/wp-json\/wp\/v2\/product\/30417\/revisions\/32531"}],"wp:featuredmedia":[{"embeddable":true,"href":"https:\/\/topprixsarl.ch\/de\/wp-json\/wp\/v2\/media\/30416"}],"wp:attachment":[{"href":"https:\/\/topprixsarl.ch\/de\/wp-json\/wp\/v2\/media?parent=30417"}],"wp:term":[{"taxonomy":"product_brand","embeddable":true,"href":"https:\/\/topprixsarl.ch\/de\/wp-json\/wp\/v2\/product_brand?post=30417"},{"taxonomy":"product_cat","embeddable":true,"href":"https:\/\/topprixsarl.ch\/de\/wp-json\/wp\/v2\/product_cat?post=30417"},{"taxonomy":"product_tag","embeddable":true,"href":"https:\/\/topprixsarl.ch\/de\/wp-json\/wp\/v2\/product_tag?post=30417"}],"curies":[{"name":"wp","href":"https:\/\/api.w.org\/{rel}","templated":true}]}}