{"id":30415,"date":"2026-01-09T13:26:49","date_gmt":"2026-01-09T13:26:49","guid":{"rendered":"https:\/\/topprixsarl.ch\/product\/spray-nettoyant-berec-design-pour-tableaux-blancs-bouteille-de-250-ml\/"},"modified":"2026-04-11T01:27:05","modified_gmt":"2026-04-11T01:27:05","slug":"spray-nettoyant-berec-design-pour-tableaux-blancs-bouteille-de-250-ml","status":"publish","type":"product","link":"https:\/\/topprixsarl.ch\/de\/product\/spray-nettoyant-berec-design-pour-tableaux-blancs-bouteille-de-250-ml\/","title":{"rendered":"Spray nettoyant Berec Design, pour tableaux blancs, bouteille de 250 ml"},"content":{"rendered":"<p>Nettoyage pratique et rapide du tableau<\/p>\n<p>Pendant les r\u00e9unions, vous pouvez \u00e9crire des informations ou dessiner des diagrammes sur un tableau blanc. Bien s\u00fbr, il doit \u00eatre nettoy\u00e9 souvent. Les \u00e9ponges ou gommes standard peuvent rayer son rev\u00eatement protecteur, ce qui finit par le rendre inutilisable. <\/p>\n<p>Le liquide de nettoyage pour tableaux blancs Berec vous aidera \u00e0 \u00e9liminer les informations inutiles sans endommager le rev\u00eatement.<\/p>\n<p>+ Liquide sp\u00e9cial livr\u00e9 dans un flacon compact de 250 ml, pratique \u00e0 stocker. <\/p>\n<p>+ Capuchon de protection qui prot\u00e8ge le tube contre les pressions et les projections accidentelles. <\/p>\n<p>+ Pulv\u00e9risation par petites gouttelettes, permettant d&rsquo;\u00e9conomiser du liquide et rendant le nettoyage plus efficace.<\/p>\n<p>Gr\u00e2ce \u00e0 sa formule chimique sp\u00e9ciale, le produit permet un nettoyage efficace et en profondeur du carton, m\u00eame avec de vieilles traces. <\/p>\n<p>+ Aide \u00e0 \u00e9liminer les marques, y compris des \u00e9raflures ou des fissures profondes, en assurant une propret\u00e9 parfaite. <\/p>\n<p>Il suffit de l\u2019appliquer sur un chiffon et d&rsquo;essuyer la surface. <\/p>\n<p>Vaporisez, essuyez, r\u00e9p\u00e9tez!<\/p>","protected":false},"excerpt":{"rendered":"<p>Nettoyage pratique et rapide du tableauPendant les r\u00e9unions, vous pouvez \u00e9crire des informations ou dessiner des diagrammes sur un tableau blanc. Bien s\u00fbr, il doit \u00eatre nettoy\u00e9 souvent. Les \u00e9ponges ou gommes standard peuvent rayer son rev\u00eatement prot<\/p>","protected":false},"featured_media":30414,"comment_status":"open","ping_status":"closed","template":"","meta":[],"product_brand":[],"product_cat":[143],"product_tag":[],"class_list":{"0":"post-30415","1":"product","2":"type-product","3":"status-publish","4":"has-post-thumbnail","6":"product_cat-nettoyage","8":"first","9":"instock","10":"shipping-taxable","11":"purchasable","12":"product-type-simple"},"_links":{"self":[{"href":"https:\/\/topprixsarl.ch\/de\/wp-json\/wp\/v2\/product\/30415","targetHints":{"allow":["GET"]}}],"collection":[{"href":"https:\/\/topprixsarl.ch\/de\/wp-json\/wp\/v2\/product"}],"about":[{"href":"https:\/\/topprixsarl.ch\/de\/wp-json\/wp\/v2\/types\/product"}],"replies":[{"embeddable":true,"href":"https:\/\/topprixsarl.ch\/de\/wp-json\/wp\/v2\/comments?post=30415"}],"version-history":[{"count":2,"href":"https:\/\/topprixsarl.ch\/de\/wp-json\/wp\/v2\/product\/30415\/revisions"}],"predecessor-version":[{"id":32530,"href":"https:\/\/topprixsarl.ch\/de\/wp-json\/wp\/v2\/product\/30415\/revisions\/32530"}],"wp:featuredmedia":[{"embeddable":true,"href":"https:\/\/topprixsarl.ch\/de\/wp-json\/wp\/v2\/media\/30414"}],"wp:attachment":[{"href":"https:\/\/topprixsarl.ch\/de\/wp-json\/wp\/v2\/media?parent=30415"}],"wp:term":[{"taxonomy":"product_brand","embeddable":true,"href":"https:\/\/topprixsarl.ch\/de\/wp-json\/wp\/v2\/product_brand?post=30415"},{"taxonomy":"product_cat","embeddable":true,"href":"https:\/\/topprixsarl.ch\/de\/wp-json\/wp\/v2\/product_cat?post=30415"},{"taxonomy":"product_tag","embeddable":true,"href":"https:\/\/topprixsarl.ch\/de\/wp-json\/wp\/v2\/product_tag?post=30415"}],"curies":[{"name":"wp","href":"https:\/\/api.w.org\/{rel}","templated":true}]}}