{"id":30411,"date":"2026-01-09T13:26:18","date_gmt":"2026-01-09T13:26:18","guid":{"rendered":"https:\/\/topprixsarl.ch\/product\/trombones-omega-3-100-emb-de-100-pcs\/"},"modified":"2026-01-14T14:20:26","modified_gmt":"2026-01-14T14:20:26","slug":"trombones-omega-3-100-emb-de-100-pcs","status":"publish","type":"product","link":"https:\/\/topprixsarl.ch\/de\/product\/trombones-omega-3-100-emb-de-100-pcs\/","title":{"rendered":"Trombones Omega 3\/100 emb. de 100 pcs."},"content":{"rendered":"<p>**Trombones pour le bureau**<\/p>\n<p>Les trombones Omega sont un excellent choix pour votre bureau, car ils n&rsquo;endommagent pas les documents comme les agrafeuses. Au contraire, ces trombones nickel\u00e9s gardent vos documents et cartes dans les meilleures conditions possibles.<\/p>\n<p>+ Einfaches und elegantes Design<br \/>\n+ Disponibles en diff\u00e9rentes tailles pour r\u00e9pondre \u00e0 tous vos besoins<br \/>\n+ Id\u00e9aux pour garder vos documents en ordre  <\/p>\n<p>*Gardez vos documents en ordre!*<\/p>","protected":false},"excerpt":{"rendered":"<p>Trombones pour le bureau Les trombones Omega sont un excellent choix pour votre bureau, car ils n&rsquo;endommagent pas les documents comme les agrafeuses. Au contraire, ces trombones nickel\u00e9s gardent vos documents et cartes dans les meilleures conditions <\/p>","protected":false},"featured_media":30410,"comment_status":"open","ping_status":"closed","template":"","meta":[],"product_brand":[],"product_cat":[137],"product_tag":[],"class_list":{"0":"post-30411","1":"product","2":"type-product","3":"status-publish","4":"has-post-thumbnail","6":"product_cat-article-offic","8":"first","9":"instock","10":"shipping-taxable","11":"purchasable","12":"product-type-simple"},"_links":{"self":[{"href":"https:\/\/topprixsarl.ch\/de\/wp-json\/wp\/v2\/product\/30411","targetHints":{"allow":["GET"]}}],"collection":[{"href":"https:\/\/topprixsarl.ch\/de\/wp-json\/wp\/v2\/product"}],"about":[{"href":"https:\/\/topprixsarl.ch\/de\/wp-json\/wp\/v2\/types\/product"}],"replies":[{"embeddable":true,"href":"https:\/\/topprixsarl.ch\/de\/wp-json\/wp\/v2\/comments?post=30411"}],"version-history":[{"count":2,"href":"https:\/\/topprixsarl.ch\/de\/wp-json\/wp\/v2\/product\/30411\/revisions"}],"predecessor-version":[{"id":32528,"href":"https:\/\/topprixsarl.ch\/de\/wp-json\/wp\/v2\/product\/30411\/revisions\/32528"}],"wp:featuredmedia":[{"embeddable":true,"href":"https:\/\/topprixsarl.ch\/de\/wp-json\/wp\/v2\/media\/30410"}],"wp:attachment":[{"href":"https:\/\/topprixsarl.ch\/de\/wp-json\/wp\/v2\/media?parent=30411"}],"wp:term":[{"taxonomy":"product_brand","embeddable":true,"href":"https:\/\/topprixsarl.ch\/de\/wp-json\/wp\/v2\/product_brand?post=30411"},{"taxonomy":"product_cat","embeddable":true,"href":"https:\/\/topprixsarl.ch\/de\/wp-json\/wp\/v2\/product_cat?post=30411"},{"taxonomy":"product_tag","embeddable":true,"href":"https:\/\/topprixsarl.ch\/de\/wp-json\/wp\/v2\/product_tag?post=30411"}],"curies":[{"name":"wp","href":"https:\/\/api.w.org\/{rel}","templated":true}]}}