{"id":30409,"date":"2026-01-09T13:26:04","date_gmt":"2026-01-09T13:26:04","guid":{"rendered":"https:\/\/topprixsarl.ch\/product\/trombones-omega-3-1000-emb-de-1000-pcs\/"},"modified":"2026-01-14T14:20:26","modified_gmt":"2026-01-14T14:20:26","slug":"trombones-omega-3-1000-emb-de-1000-pcs","status":"publish","type":"product","link":"https:\/\/topprixsarl.ch\/de\/product\/trombones-omega-3-1000-emb-de-1000-pcs\/","title":{"rendered":"Trombones Omega 3\/1000 emb. de 1000 pcs."},"content":{"rendered":"<p>Gr\u00e2ce aux trombones, organisez vos documents en quelques secondes.<\/p>\n<p>Cela vous est-il d\u00e9j\u00e0 arriv\u00e9 un jour? Vous avez besoin de quelques documents sp\u00e9cifiques pour une r\u00e9union et vous constatez que les documents rassembl\u00e9s rapidement sont en d\u00e9sordre et donnent une image de vous peu professionnelle? <\/p>\n<p>Les trombones de la marque Omega permettent d&rsquo;organiser des piles de papier de diff\u00e9rentes tailles. Gr\u00e2ce \u00e0 cet ustensile, vous pouvez assembler facilement des documents et apporter ainsi de l&rsquo;ordre dans vos affaires. <\/p>\n<p>+ Couleur : Argent\u00e9e, id\u00e9ale pour un usage professionnel. <\/p>\n<p>Le m\u00e9lange de mat\u00e9riaux r\u00e9sistants en m\u00e9tal et en nickel leur conf\u00e8re une durabilit\u00e9 certaine. <\/p>\n<p>+ Longueur : 28 mm, pratique pour un usage quotidien. <\/p>\n<p>Avec 1000 articles dans chaque paquet, vous avez toujours un stock \u00e0 votre disposition. <\/p>\n<p>Les trombones sont des ustensiles de bureau vraiment indispensables lorsque vous tenez \u00e0 bien organiser vos documents primordiaux. <\/p>\n<p>+ R\u00e9utilisables et peuvent \u00eatre retir\u00e9s sans laisser de traces. <\/p>\n<p>Ainsi, fini les trous, les marques de pression ou les r\u00e9sidus de colle! <\/p>\n<p>Faites de l&rsquo;ordre avec des moyens simples mais efficaces!<\/p>","protected":false},"excerpt":{"rendered":"<p>Gr\u00e2ce aux trombones, organisez vos documents en quelques secondesCela vous est-il d\u00e9j\u00e0 arriv\u00e9 un jour? Vous avez besoin de quelques documents sp\u00e9cifiques pour une r\u00e9union et vous constatez que les documents rassembl\u00e9s rapidement sont en d\u00e9sordre et d<\/p>","protected":false},"featured_media":30408,"comment_status":"open","ping_status":"closed","template":"","meta":[],"product_brand":[],"product_cat":[137],"product_tag":[],"class_list":{"0":"post-30409","1":"product","2":"type-product","3":"status-publish","4":"has-post-thumbnail","6":"product_cat-article-offic","8":"first","9":"instock","10":"shipping-taxable","11":"purchasable","12":"product-type-simple"},"_links":{"self":[{"href":"https:\/\/topprixsarl.ch\/de\/wp-json\/wp\/v2\/product\/30409","targetHints":{"allow":["GET"]}}],"collection":[{"href":"https:\/\/topprixsarl.ch\/de\/wp-json\/wp\/v2\/product"}],"about":[{"href":"https:\/\/topprixsarl.ch\/de\/wp-json\/wp\/v2\/types\/product"}],"replies":[{"embeddable":true,"href":"https:\/\/topprixsarl.ch\/de\/wp-json\/wp\/v2\/comments?post=30409"}],"version-history":[{"count":2,"href":"https:\/\/topprixsarl.ch\/de\/wp-json\/wp\/v2\/product\/30409\/revisions"}],"predecessor-version":[{"id":32527,"href":"https:\/\/topprixsarl.ch\/de\/wp-json\/wp\/v2\/product\/30409\/revisions\/32527"}],"wp:featuredmedia":[{"embeddable":true,"href":"https:\/\/topprixsarl.ch\/de\/wp-json\/wp\/v2\/media\/30408"}],"wp:attachment":[{"href":"https:\/\/topprixsarl.ch\/de\/wp-json\/wp\/v2\/media?parent=30409"}],"wp:term":[{"taxonomy":"product_brand","embeddable":true,"href":"https:\/\/topprixsarl.ch\/de\/wp-json\/wp\/v2\/product_brand?post=30409"},{"taxonomy":"product_cat","embeddable":true,"href":"https:\/\/topprixsarl.ch\/de\/wp-json\/wp\/v2\/product_cat?post=30409"},{"taxonomy":"product_tag","embeddable":true,"href":"https:\/\/topprixsarl.ch\/de\/wp-json\/wp\/v2\/product_tag?post=30409"}],"curies":[{"name":"wp","href":"https:\/\/api.w.org\/{rel}","templated":true}]}}