{"id":30407,"date":"2026-01-09T13:25:48","date_gmt":"2026-01-09T13:25:48","guid":{"rendered":"https:\/\/topprixsarl.ch\/product\/coins-de-lettre-omega-rouge-emb-de-100-pcs\/"},"modified":"2026-01-14T14:20:27","modified_gmt":"2026-01-14T14:20:27","slug":"coins-de-lettre-omega-rouge-emb-de-100-pcs","status":"publish","type":"product","link":"https:\/\/topprixsarl.ch\/de\/product\/coins-de-lettre-omega-rouge-emb-de-100-pcs\/","title":{"rendered":"Coins de lettre Omega, rouge, emb. de 100 pcs"},"content":{"rendered":"<p>\u00c0 toute heure la bonne agrafe \u00e0 port\u00e9e de main<\/p>\n<p>Qui n&rsquo;a pas encore v\u00e9cu cette m\u00e9saventure? Apr\u00e8s avoir p\u00e9niblement form\u00e9 des piles de feuilles pour maintenir les bons documents ensemble, tout se m\u00e9lange \u00e0 nouveau. N&rsquo;attendez pas plus longtemps: luttez contre le d\u00e9sordre au bureau.<\/p>\n<p>Gr\u00e2ce aux agrafes de coin de la marque Omega, vous pouvez trier et attacher vos documents. Cela vous permet ainsi de garder de l&rsquo;ordre dans vos affaires avec des outils simples et efficaces.<\/p>\n<p>+ Pratiques et chics : leur couleur rouge vive est bien visible \u00e0 tout moment.<\/p>\n<p>+ Longueur de 17 mm : suffisamment longues pour maintenir ensemble de grosses piles de papier.<\/p>\n<p>+ Pack de 100 articles : un stock utile pour vos besoins au bureau.<\/p>\n<p>Les agrafes de coin sont un ustensile particuli\u00e8rement pratique quand il s&rsquo;agit de mettre de l&rsquo;ordre dans vos papiers. <\/p>\n<p>Le gros avantage qu&rsquo;elles pr\u00e9sentent, c&rsquo;est qu&rsquo;elles peuvent \u00eatre enti\u00e8rement retir\u00e9es sans que les documents agraf\u00e9s ne pr\u00e9sentent de trous, sans qu&rsquo;il y ait des r\u00e9sidus de colle ou d&rsquo;autres traces ind\u00e9sirables.<\/p>\n<p>Faites de l&rsquo;ordre avec des moyens simples mais efficaces!<\/p>","protected":false},"excerpt":{"rendered":"<p>\u00c0 toute heure la bonne agrafe \u00e0 port\u00e9e de mainQui n&rsquo;a pas encore v\u00e9cu cette m\u00e9saventure? Apr\u00e8s avoir p\u00e9niblement form\u00e9 des piles de feuilles pour maintenir les bons documents ensemble, tout se m\u00e9lange \u00e0 nouveau. N&rsquo;attendez pas plus longtemps: luttez <\/p>","protected":false},"featured_media":30406,"comment_status":"open","ping_status":"closed","template":"","meta":[],"product_brand":[],"product_cat":[137],"product_tag":[],"class_list":{"0":"post-30407","1":"product","2":"type-product","3":"status-publish","4":"has-post-thumbnail","6":"product_cat-article-offic","8":"first","9":"instock","10":"shipping-taxable","11":"purchasable","12":"product-type-simple"},"_links":{"self":[{"href":"https:\/\/topprixsarl.ch\/de\/wp-json\/wp\/v2\/product\/30407","targetHints":{"allow":["GET"]}}],"collection":[{"href":"https:\/\/topprixsarl.ch\/de\/wp-json\/wp\/v2\/product"}],"about":[{"href":"https:\/\/topprixsarl.ch\/de\/wp-json\/wp\/v2\/types\/product"}],"replies":[{"embeddable":true,"href":"https:\/\/topprixsarl.ch\/de\/wp-json\/wp\/v2\/comments?post=30407"}],"version-history":[{"count":2,"href":"https:\/\/topprixsarl.ch\/de\/wp-json\/wp\/v2\/product\/30407\/revisions"}],"predecessor-version":[{"id":32526,"href":"https:\/\/topprixsarl.ch\/de\/wp-json\/wp\/v2\/product\/30407\/revisions\/32526"}],"wp:featuredmedia":[{"embeddable":true,"href":"https:\/\/topprixsarl.ch\/de\/wp-json\/wp\/v2\/media\/30406"}],"wp:attachment":[{"href":"https:\/\/topprixsarl.ch\/de\/wp-json\/wp\/v2\/media?parent=30407"}],"wp:term":[{"taxonomy":"product_brand","embeddable":true,"href":"https:\/\/topprixsarl.ch\/de\/wp-json\/wp\/v2\/product_brand?post=30407"},{"taxonomy":"product_cat","embeddable":true,"href":"https:\/\/topprixsarl.ch\/de\/wp-json\/wp\/v2\/product_cat?post=30407"},{"taxonomy":"product_tag","embeddable":true,"href":"https:\/\/topprixsarl.ch\/de\/wp-json\/wp\/v2\/product_tag?post=30407"}],"curies":[{"name":"wp","href":"https:\/\/api.w.org\/{rel}","templated":true}]}}