{"id":30401,"date":"2026-01-09T13:25:03","date_gmt":"2026-01-09T13:25:03","guid":{"rendered":"https:\/\/topprixsarl.ch\/product\/agrafes-stanley-bostitch-sb8-168az-6-mm-emb-de-1050-pcs\/"},"modified":"2026-01-14T14:23:00","modified_gmt":"2026-01-14T14:23:00","slug":"agrafes-stanley-bostitch-sb8-168az-6-mm-emb-de-1050-pcs","status":"publish","type":"product","link":"https:\/\/topprixsarl.ch\/de\/product\/agrafes-stanley-bostitch-sb8-168az-6-mm-emb-de-1050-pcs\/","title":{"rendered":"Heftklammern Stanley Bostitch SB8-168AZ, 6 mm Packung mit 1050 St\u00fcck"},"content":{"rendered":"<p>Une petite pi\u00e8ce de m\u00e9tal pour une liaison fiable. <\/p>\n<p>Lors des sessions de formation, lors des pr\u00e9sentations et des r\u00e9unions, ces petits outils sont souvent importants. En effet, les agrafes de la marque Bostitch font en sorte que tout le mat\u00e9riel n\u00e9cessaire (mat\u00e9riel de pr\u00e9sentation ou prospectus) restent bien structur\u00e9s. De la sorte, vous ne pouvez que faire bonne impression aupr\u00e8s de vos interlocuteurs professionnels. <\/p>\n<p>+ Capacit\u00e9 en feuilles : 50 <\/p>\n<p>Pas moins de 1050 agrafes sont livr\u00e9es avec ce produit. Les agrafes qui se cassent au moment o\u00f9 vous voulez agrafer vos documents? Gr\u00e2ce aux solides agrafes de la marque Bostitch, tout \u00e7a, c&rsquo;est du pass\u00e9. <\/p>\n<p>+ Qualit\u00e9 : durable, sur le tr\u00e8s long terme <\/p>\n<p>Vos documents s&rsquo;\u00e9parpillent? Mettez-y un terme d\u00e8s maintenant!<\/p>","protected":false},"excerpt":{"rendered":"<p>Une petite pi\u00e8ce de m\u00e9tal pour une liaison fiable. Lors des sessions de formation, lors des pr\u00e9sentations et des r\u00e9unions, ces petits outils sont souvent importants. En effet, les agrafes de la marque Bostitch font en sorte que tout le mat\u00e9riel n\u00e9ces<\/p>","protected":false},"featured_media":30400,"comment_status":"open","ping_status":"closed","template":"","meta":[],"product_brand":[],"product_cat":[137],"product_tag":[],"class_list":{"0":"post-30401","1":"product","2":"type-product","3":"status-publish","4":"has-post-thumbnail","6":"product_cat-papier","8":"first","9":"instock","10":"shipping-taxable","11":"purchasable","12":"product-type-simple"},"_links":{"self":[{"href":"https:\/\/topprixsarl.ch\/de\/wp-json\/wp\/v2\/product\/30401","targetHints":{"allow":["GET"]}}],"collection":[{"href":"https:\/\/topprixsarl.ch\/de\/wp-json\/wp\/v2\/product"}],"about":[{"href":"https:\/\/topprixsarl.ch\/de\/wp-json\/wp\/v2\/types\/product"}],"replies":[{"embeddable":true,"href":"https:\/\/topprixsarl.ch\/de\/wp-json\/wp\/v2\/comments?post=30401"}],"version-history":[{"count":2,"href":"https:\/\/topprixsarl.ch\/de\/wp-json\/wp\/v2\/product\/30401\/revisions"}],"predecessor-version":[{"id":32523,"href":"https:\/\/topprixsarl.ch\/de\/wp-json\/wp\/v2\/product\/30401\/revisions\/32523"}],"wp:featuredmedia":[{"embeddable":true,"href":"https:\/\/topprixsarl.ch\/de\/wp-json\/wp\/v2\/media\/30400"}],"wp:attachment":[{"href":"https:\/\/topprixsarl.ch\/de\/wp-json\/wp\/v2\/media?parent=30401"}],"wp:term":[{"taxonomy":"product_brand","embeddable":true,"href":"https:\/\/topprixsarl.ch\/de\/wp-json\/wp\/v2\/product_brand?post=30401"},{"taxonomy":"product_cat","embeddable":true,"href":"https:\/\/topprixsarl.ch\/de\/wp-json\/wp\/v2\/product_cat?post=30401"},{"taxonomy":"product_tag","embeddable":true,"href":"https:\/\/topprixsarl.ch\/de\/wp-json\/wp\/v2\/product_tag?post=30401"}],"curies":[{"name":"wp","href":"https:\/\/api.w.org\/{rel}","templated":true}]}}