{"id":30393,"date":"2026-01-09T13:24:06","date_gmt":"2026-01-09T13:24:06","guid":{"rendered":"https:\/\/topprixsarl.ch\/product\/stylo-a-bille-caran-dache-825-noir\/"},"modified":"2026-01-14T14:20:27","modified_gmt":"2026-01-14T14:20:27","slug":"stylo-a-bille-caran-dache-825-noir","status":"publish","type":"product","link":"https:\/\/topprixsarl.ch\/de\/product\/stylo-a-bille-caran-dache-825-noir\/","title":{"rendered":"Stylo \u00e0 bille Caran d&rsquo;Ache 825, noir"},"content":{"rendered":"<p>Pour conf\u00e9rer une certaine classe \u00e0 votre \u00e9criture, tous ceux qui \u00e9crivent beaucoup savent \u00e0 quel point le stylo \u00e0 bille de la marque Caran d&rsquo;Ache peut faciliter le travail au quotidien. <\/p>\n<p>Il est vraiment tr\u00e8s confortable \u00e0 utiliser et particuli\u00e8rement durable. Il vous permet ainsi d&rsquo;obtenir des caract\u00e8res homog\u00e8nes, m\u00eame pour des textes plus longs. <\/p>\n<p>De plus, son design intelligent donne de vous une image professionnelle jusque dans les moindres d\u00e9tails. <\/p>\n<p>+ Encre p\u00e2teuse qui s\u00e8che rapidement pour une \u00e9criture claire, nette et pratiquement sans bavure. <\/p>\n<p>+ Pointe ogive, v\u00e9ritable classique pour un confort d&rsquo;\u00e9criture optimal. <\/p>\n<p>+ Couleur noire, sobre et classique, soulignant la polyfonctionnalit\u00e9 de l&rsquo;outil. <\/p>\n<p>Utilisez toujours cet accessoire lorsqu&rsquo;il faut faire preuve de vari\u00e9t\u00e9. Car le stylo \u00e0 bille de la marque Caran d&rsquo;Ache est fait pour la perfection. <\/p>\n<p>Il permet d&rsquo;obtenir un r\u00e9sultat facilement visible et qui vous convaincra par sa longue dur\u00e9e de vie. <\/p>\n<p>En outre, son design est tel qu&rsquo;il peut \u00e9galement \u00eatre utilis\u00e9 pour diff\u00e9rentes t\u00e2ches. <\/p>\n<p>Laissez des traces qui inspirent gr\u00e2ce \u00e0 cet outil!*<\/p>","protected":false},"excerpt":{"rendered":"<p>Pour conf\u00e9rer une certaine classe \u00e0 votre \u00e9criture Tous ceux qui \u00e9crivent beaucoup savent \u00e0 quel point le stylo \u00e0 bille de la marque Caran d&rsquo;Ache peut faciliter le travail au quotidien. Il est vraiment tr\u00e8s confortable \u00e0 utiliser et particuli\u00e8rement <\/p>","protected":false},"featured_media":30392,"comment_status":"open","ping_status":"closed","template":"","meta":[],"product_brand":[],"product_cat":[137],"product_tag":[],"class_list":{"0":"post-30393","1":"product","2":"type-product","3":"status-publish","4":"has-post-thumbnail","6":"product_cat-article-offic","8":"first","9":"instock","10":"shipping-taxable","11":"purchasable","12":"product-type-simple"},"_links":{"self":[{"href":"https:\/\/topprixsarl.ch\/de\/wp-json\/wp\/v2\/product\/30393","targetHints":{"allow":["GET"]}}],"collection":[{"href":"https:\/\/topprixsarl.ch\/de\/wp-json\/wp\/v2\/product"}],"about":[{"href":"https:\/\/topprixsarl.ch\/de\/wp-json\/wp\/v2\/types\/product"}],"replies":[{"embeddable":true,"href":"https:\/\/topprixsarl.ch\/de\/wp-json\/wp\/v2\/comments?post=30393"}],"version-history":[{"count":2,"href":"https:\/\/topprixsarl.ch\/de\/wp-json\/wp\/v2\/product\/30393\/revisions"}],"predecessor-version":[{"id":32519,"href":"https:\/\/topprixsarl.ch\/de\/wp-json\/wp\/v2\/product\/30393\/revisions\/32519"}],"wp:featuredmedia":[{"embeddable":true,"href":"https:\/\/topprixsarl.ch\/de\/wp-json\/wp\/v2\/media\/30392"}],"wp:attachment":[{"href":"https:\/\/topprixsarl.ch\/de\/wp-json\/wp\/v2\/media?parent=30393"}],"wp:term":[{"taxonomy":"product_brand","embeddable":true,"href":"https:\/\/topprixsarl.ch\/de\/wp-json\/wp\/v2\/product_brand?post=30393"},{"taxonomy":"product_cat","embeddable":true,"href":"https:\/\/topprixsarl.ch\/de\/wp-json\/wp\/v2\/product_cat?post=30393"},{"taxonomy":"product_tag","embeddable":true,"href":"https:\/\/topprixsarl.ch\/de\/wp-json\/wp\/v2\/product_tag?post=30393"}],"curies":[{"name":"wp","href":"https:\/\/api.w.org\/{rel}","templated":true}]}}