{"id":30391,"date":"2026-01-09T13:23:53","date_gmt":"2026-01-09T13:23:53","guid":{"rendered":"https:\/\/topprixsarl.ch\/product\/recharge-pour-stylo-bille-caran-dache-goliath-8422-m-bleu\/"},"modified":"2026-01-14T14:20:27","modified_gmt":"2026-01-14T14:20:27","slug":"recharge-pour-stylo-bille-caran-dache-goliath-8422-m-bleu","status":"publish","type":"product","link":"https:\/\/topprixsarl.ch\/de\/product\/recharge-pour-stylo-bille-caran-dache-goliath-8422-m-bleu\/","title":{"rendered":"Recharge pour stylo-bille Caran d&rsquo;Ache Goliath 8422, M, bleu"},"content":{"rendered":"<p>Recharges d&rsquo;encre pour un stylo comme neuf<\/p>\n<p>Peu importe le type de stylo de haute qualit\u00e9 que vous poss\u00e9dez : \u00e0 un moment donn\u00e9, il n&rsquo;y aura plus d&rsquo;encre. C&rsquo;est pour cette raison que Caran D&rsquo;Ache a con\u00e7u des recharges r\u00e9sistantes, adapt\u00e9es \u00e0 ses stylos \u00e0 pointe \u00e0 bille.<\/p>\n<p>+ Recharge d&rsquo;encre bleue Goliath M<\/p>\n<p>+ R\u00e9servoir m\u00e9tallique standard<\/p>\n<p>+ Composants particuli\u00e8rement r\u00e9sistants<\/p>\n<p>+ Dur\u00e9e de vie prolong\u00e9e par rapport aux autres recharges<\/p>\n<p>De cons\u00e9quence, elle est certainement recommandable pour les stylos de haute qualit\u00e9 de Caran D\u2019Ache. \u00c9crivez plus longtemps apr\u00e8s le refill!*<\/p>","protected":false},"excerpt":{"rendered":"<p>Recharges d&rsquo;encre pour un stylo comme neuf Peu importe le type de stylo de haute qualit\u00e9 que vous poss\u00e9dez: \u00e0 un moment donn\u00e9, il n&rsquo;y aura plus d&rsquo;encre. C&rsquo;est pour cette raison que Caran D&rsquo;Ache a con\u00e7u des recharges r\u00e9sistantes, adapt\u00e9es \u00e0 ses stylos<\/p>","protected":false},"featured_media":30390,"comment_status":"open","ping_status":"closed","template":"","meta":[],"product_brand":[],"product_cat":[137],"product_tag":[],"class_list":{"0":"post-30391","1":"product","2":"type-product","3":"status-publish","4":"has-post-thumbnail","6":"product_cat-article-offic","8":"first","9":"instock","10":"shipping-taxable","11":"purchasable","12":"product-type-simple"},"_links":{"self":[{"href":"https:\/\/topprixsarl.ch\/de\/wp-json\/wp\/v2\/product\/30391","targetHints":{"allow":["GET"]}}],"collection":[{"href":"https:\/\/topprixsarl.ch\/de\/wp-json\/wp\/v2\/product"}],"about":[{"href":"https:\/\/topprixsarl.ch\/de\/wp-json\/wp\/v2\/types\/product"}],"replies":[{"embeddable":true,"href":"https:\/\/topprixsarl.ch\/de\/wp-json\/wp\/v2\/comments?post=30391"}],"version-history":[{"count":2,"href":"https:\/\/topprixsarl.ch\/de\/wp-json\/wp\/v2\/product\/30391\/revisions"}],"predecessor-version":[{"id":32518,"href":"https:\/\/topprixsarl.ch\/de\/wp-json\/wp\/v2\/product\/30391\/revisions\/32518"}],"wp:featuredmedia":[{"embeddable":true,"href":"https:\/\/topprixsarl.ch\/de\/wp-json\/wp\/v2\/media\/30390"}],"wp:attachment":[{"href":"https:\/\/topprixsarl.ch\/de\/wp-json\/wp\/v2\/media?parent=30391"}],"wp:term":[{"taxonomy":"product_brand","embeddable":true,"href":"https:\/\/topprixsarl.ch\/de\/wp-json\/wp\/v2\/product_brand?post=30391"},{"taxonomy":"product_cat","embeddable":true,"href":"https:\/\/topprixsarl.ch\/de\/wp-json\/wp\/v2\/product_cat?post=30391"},{"taxonomy":"product_tag","embeddable":true,"href":"https:\/\/topprixsarl.ch\/de\/wp-json\/wp\/v2\/product_tag?post=30391"}],"curies":[{"name":"wp","href":"https:\/\/api.w.org\/{rel}","templated":true}]}}