{"id":30387,"date":"2026-01-09T13:23:23","date_gmt":"2026-01-09T13:23:23","guid":{"rendered":"https:\/\/topprixsarl.ch\/product\/mines-de-crayon-caran-dache-6077-2-mm-2b-boite-de-12-mines\/"},"modified":"2026-01-14T14:21:19","modified_gmt":"2026-01-14T14:21:19","slug":"mines-de-crayon-caran-dache-6077-2-mm-2b-boite-de-12-mines","status":"publish","type":"product","link":"https:\/\/topprixsarl.ch\/de\/product\/mines-de-crayon-caran-dache-6077-2-mm-2b-boite-de-12-mines\/","title":{"rendered":"Mines de crayon Caran d&rsquo;Ache 6077, 2 mm, 2B, bo\u00eete de 12 mines"},"content":{"rendered":"<p>Des mines de graphite rempla\u00e7ables d&rsquo;un grand fabricant suisse. <\/p>\n<p>Un crayon tr\u00e8s populaire pour les artistes est un crayon doux 2B pour cr\u00e9er des nuages subtils et des ombres. <\/p>\n<p>Il est p\u00e9nible pour les artistes d&rsquo;avoir des centaines de crayons qui tra\u00eenent dans l&rsquo;atelier. Avez-vous d\u00e9j\u00e0 pens\u00e9 \u00e0 utiliser un porte-mines? Les mines interchangeables peuvent vous donner la duret\u00e9 dont vous avez besoin dans un crayon \u00e9l\u00e9gant &#8211; sans tracas et facile \u00e0 transporter. <\/p>\n<p>+ Si votre mine se brise en dessinant, cela vous fait perdre du temps. <\/p>\n<p>+ Assurez-vous de travailler en toute s\u00e9curit\u00e9. <\/p>\n<p>Ces mines sont livr\u00e9es dans une bo\u00eete de protection en plastique. Elle contient douze mines pour un rangement parfait et en toute s\u00e9curit\u00e9. Les mines sont fragiles, mais elles sont prot\u00e9g\u00e9es dans leur bo\u00eete. <\/p>\n<p>+ Ces mines en graphite d\u2019un diam\u00e8tre de 2 mm sont r\u00e9sistantes et adapt\u00e9es \u00e0 une utilisation prolong\u00e9e ou \u00e0 des sessions cr\u00e9atives intenses. <\/p>\n<p>D\u00e9couvrez de nouvelles techniques de dessin avec des mines douces!<\/p>","protected":false},"excerpt":{"rendered":"<p>Des mines de graphite rempla\u00e7ables d&rsquo;un grand fabricant suisse Un crayon tr\u00e8s populaire pour les artistes est un crayon doux 2B pour cr\u00e9er des nuages subtils et des ombres. Il est p\u00e9nible pour les artistes d&rsquo;avoir des centaines de crayons qui tra\u00eenen<\/p>","protected":false},"featured_media":30386,"comment_status":"open","ping_status":"closed","template":"","meta":[],"product_brand":[],"product_cat":[137],"product_tag":[],"class_list":{"0":"post-30387","1":"product","2":"type-product","3":"status-publish","4":"has-post-thumbnail","6":"product_cat-article-offic","8":"first","9":"instock","10":"shipping-taxable","11":"purchasable","12":"product-type-simple"},"_links":{"self":[{"href":"https:\/\/topprixsarl.ch\/de\/wp-json\/wp\/v2\/product\/30387","targetHints":{"allow":["GET"]}}],"collection":[{"href":"https:\/\/topprixsarl.ch\/de\/wp-json\/wp\/v2\/product"}],"about":[{"href":"https:\/\/topprixsarl.ch\/de\/wp-json\/wp\/v2\/types\/product"}],"replies":[{"embeddable":true,"href":"https:\/\/topprixsarl.ch\/de\/wp-json\/wp\/v2\/comments?post=30387"}],"version-history":[{"count":2,"href":"https:\/\/topprixsarl.ch\/de\/wp-json\/wp\/v2\/product\/30387\/revisions"}],"predecessor-version":[{"id":32516,"href":"https:\/\/topprixsarl.ch\/de\/wp-json\/wp\/v2\/product\/30387\/revisions\/32516"}],"wp:featuredmedia":[{"embeddable":true,"href":"https:\/\/topprixsarl.ch\/de\/wp-json\/wp\/v2\/media\/30386"}],"wp:attachment":[{"href":"https:\/\/topprixsarl.ch\/de\/wp-json\/wp\/v2\/media?parent=30387"}],"wp:term":[{"taxonomy":"product_brand","embeddable":true,"href":"https:\/\/topprixsarl.ch\/de\/wp-json\/wp\/v2\/product_brand?post=30387"},{"taxonomy":"product_cat","embeddable":true,"href":"https:\/\/topprixsarl.ch\/de\/wp-json\/wp\/v2\/product_cat?post=30387"},{"taxonomy":"product_tag","embeddable":true,"href":"https:\/\/topprixsarl.ch\/de\/wp-json\/wp\/v2\/product_tag?post=30387"}],"curies":[{"name":"wp","href":"https:\/\/api.w.org\/{rel}","templated":true}]}}