{"id":30383,"date":"2026-01-09T13:22:50","date_gmt":"2026-01-09T13:22:50","guid":{"rendered":"https:\/\/topprixsarl.ch\/product\/porte-mines-rotring-tikky07-mm-rouge-lie-de-vin\/"},"modified":"2026-01-14T14:21:19","modified_gmt":"2026-01-14T14:21:19","slug":"porte-mines-rotring-tikky07-mm-rouge-lie-de-vin","status":"publish","type":"product","link":"https:\/\/topprixsarl.ch\/de\/product\/porte-mines-rotring-tikky07-mm-rouge-lie-de-vin\/","title":{"rendered":"Porte-mines Rotring Tikky,0,7 mm, rouge lie-de-vin"},"content":{"rendered":"<p>Dessinez dans les meilleures conditions !<\/p>\n<p>En dessinant, la concentration et l\u2019utilisation de fournitures de qualit\u00e9 sont essentielles. Vous pouvez vous les procurer en vous tournant vers d&rsquo;excellentes marques. <\/p>\n<p>Rotring, soci\u00e9t\u00e9 fond\u00e9e en 1928, est experte dans la production de produits professionnels pour les projets techniques, le dessin et l\u2019\u00e9criture. <\/p>\n<p>Ce porte-mines automatique Rotring Tikky est un outil performant et ing\u00e9nieux. <\/p>\n<p>+ Corps en plastique de haute qualit\u00e9 pour une meilleure prise en main. <\/p>\n<p>+ Grip en caoutchouc offrant encore plus de confort lors de longues sessions d&rsquo;\u00e9criture ou de dessin. <\/p>\n<p>+ Design \u00e9l\u00e9gant conf\u00e9rant une allure professionnelle et sophistiqu\u00e9e. <\/p>\n<p>+ Embout, bouton poussoir et clip en m\u00e9tal pour une performance exceptionnelle et durable, m\u00eame en cas d&rsquo;utilisation extr\u00eame ou prolong\u00e9e. <\/p>\n<p>+ R\u00e9sistance \u00e0 des utilisations intensives sans se briser sous la pression. <\/p>\n<p>+ Mines en graphite de 0,7 mm &#8211; la taille universelle de toutes les marques de mines. <\/p>\n<p>Apportez du confort au dessin ! <\/p>\n<p>> Garantie 2 ans<\/p>","protected":false},"excerpt":{"rendered":"<p>Dessinez dans les meilleures conditions!En dessinant, la concentration et l\u2019utilisation de fournitures de qualit\u00e9 sont essentielles. Vous pouvez vous les procurer en vous tournant vers d&rsquo;excellentes marques. Rotring, soci\u00e9t\u00e9 fond\u00e9e en 1928, est exper<\/p>","protected":false},"featured_media":30382,"comment_status":"open","ping_status":"closed","template":"","meta":[],"product_brand":[],"product_cat":[137],"product_tag":[],"class_list":{"0":"post-30383","1":"product","2":"type-product","3":"status-publish","4":"has-post-thumbnail","6":"product_cat-article-offic","8":"first","9":"instock","10":"shipping-taxable","11":"purchasable","12":"product-type-simple"},"_links":{"self":[{"href":"https:\/\/topprixsarl.ch\/de\/wp-json\/wp\/v2\/product\/30383","targetHints":{"allow":["GET"]}}],"collection":[{"href":"https:\/\/topprixsarl.ch\/de\/wp-json\/wp\/v2\/product"}],"about":[{"href":"https:\/\/topprixsarl.ch\/de\/wp-json\/wp\/v2\/types\/product"}],"replies":[{"embeddable":true,"href":"https:\/\/topprixsarl.ch\/de\/wp-json\/wp\/v2\/comments?post=30383"}],"version-history":[{"count":2,"href":"https:\/\/topprixsarl.ch\/de\/wp-json\/wp\/v2\/product\/30383\/revisions"}],"predecessor-version":[{"id":32514,"href":"https:\/\/topprixsarl.ch\/de\/wp-json\/wp\/v2\/product\/30383\/revisions\/32514"}],"wp:featuredmedia":[{"embeddable":true,"href":"https:\/\/topprixsarl.ch\/de\/wp-json\/wp\/v2\/media\/30382"}],"wp:attachment":[{"href":"https:\/\/topprixsarl.ch\/de\/wp-json\/wp\/v2\/media?parent=30383"}],"wp:term":[{"taxonomy":"product_brand","embeddable":true,"href":"https:\/\/topprixsarl.ch\/de\/wp-json\/wp\/v2\/product_brand?post=30383"},{"taxonomy":"product_cat","embeddable":true,"href":"https:\/\/topprixsarl.ch\/de\/wp-json\/wp\/v2\/product_cat?post=30383"},{"taxonomy":"product_tag","embeddable":true,"href":"https:\/\/topprixsarl.ch\/de\/wp-json\/wp\/v2\/product_tag?post=30383"}],"curies":[{"name":"wp","href":"https:\/\/api.w.org\/{rel}","templated":true}]}}