{"id":30381,"date":"2026-01-09T13:22:36","date_gmt":"2026-01-09T13:22:36","guid":{"rendered":"https:\/\/topprixsarl.ch\/product\/crayons-de-couleur-caran-dache-prismalo-i-ens-12-dans-une-boite-en-metal\/"},"modified":"2026-01-14T14:21:19","modified_gmt":"2026-01-14T14:21:19","slug":"crayons-de-couleur-caran-dache-prismalo-i-ens-12-dans-une-boite-en-metal","status":"publish","type":"product","link":"https:\/\/topprixsarl.ch\/de\/product\/crayons-de-couleur-caran-dache-prismalo-i-ens-12-dans-une-boite-en-metal\/","title":{"rendered":"Crayons de couleur Caran d&rsquo;Ache Prismalo I, ens. 12 dans une bo\u00eete en m\u00e9tal"},"content":{"rendered":"<p>Un \u00e9clat de couleurs \u00e0 port\u00e9e de crayon<\/p>\n<p>Faites briller vos pens\u00e9es! Le mat\u00e9riel de dessin de la marque Caran d&rsquo;Ache vous aide \u00e0 laisser libre cours \u00e0 votre cr\u00e9ativit\u00e9. Compos\u00e9 de colorants de haute qualit\u00e9, il offre une large gamme de possibilit\u00e9s qui vous permettront de vous \u00e9panouir. <\/p>\n<p>+ Mat\u00e9riaux de dessin disponibles dans les couleurs : blanc, noir, orange, marron, lilas, bleu clair et bleu.<\/p>\n<p>En choisissant ce produit, vous pourrez \u00e0 coup s\u00fbr utiliser les techniques de dessin les plus divers, et ce sans aucun probl\u00e8me. M\u00eame \u00e0 l&rsquo;\u00e8re du num\u00e9rique, il est indispensable de disposer d&rsquo;instruments de qualit\u00e9 pour \u00e9crire ou pour dessiner. Ils sont toujours \u00e0 port\u00e9e de main lorsque vous \u00ab\u00a0capturez\u00a0\u00bb des id\u00e9es ou lorsque vous cr\u00e9ez quelque chose. <\/p>\n<p>+ Design de haute qualit\u00e9 pour des moments agr\u00e9ables au travail.<\/p>\n<p>Le mat\u00e9riel de dessin de la marque Caran d&rsquo;Ache vous permettra de passer d&rsquo;agr\u00e9ables moments au travail gr\u00e2ce \u00e0 son design de haute qualit\u00e9. La couleur est appliqu\u00e9e de mani\u00e8re r\u00e9guli\u00e8re pour un r\u00e9sultat tout \u00e0 fait convaincant. <\/p>\n<p>+ Commandez sans plus tarder un outil dont vous ne pourrez plus vous passer!<\/p>","protected":false},"excerpt":{"rendered":"<p>Un \u00e9clat de couleurs \u00e0 port\u00e9e de crayon Faites briller vos pens\u00e9es! Le mat\u00e9riel de dessin de la marque Caran d&rsquo;Ache vous aide \u00e0 laisser libre cours \u00e0 votre cr\u00e9ativit\u00e9. Compos\u00e9 de colorants de haute qualit\u00e9, il offre une large gamme de possibilit\u00e9s qu<\/p>","protected":false},"featured_media":30380,"comment_status":"open","ping_status":"closed","template":"","meta":[],"product_brand":[],"product_cat":[137],"product_tag":[],"class_list":{"0":"post-30381","1":"product","2":"type-product","3":"status-publish","4":"has-post-thumbnail","6":"product_cat-article-offic","8":"first","9":"instock","10":"shipping-taxable","11":"purchasable","12":"product-type-simple"},"_links":{"self":[{"href":"https:\/\/topprixsarl.ch\/de\/wp-json\/wp\/v2\/product\/30381","targetHints":{"allow":["GET"]}}],"collection":[{"href":"https:\/\/topprixsarl.ch\/de\/wp-json\/wp\/v2\/product"}],"about":[{"href":"https:\/\/topprixsarl.ch\/de\/wp-json\/wp\/v2\/types\/product"}],"replies":[{"embeddable":true,"href":"https:\/\/topprixsarl.ch\/de\/wp-json\/wp\/v2\/comments?post=30381"}],"version-history":[{"count":2,"href":"https:\/\/topprixsarl.ch\/de\/wp-json\/wp\/v2\/product\/30381\/revisions"}],"predecessor-version":[{"id":32513,"href":"https:\/\/topprixsarl.ch\/de\/wp-json\/wp\/v2\/product\/30381\/revisions\/32513"}],"wp:featuredmedia":[{"embeddable":true,"href":"https:\/\/topprixsarl.ch\/de\/wp-json\/wp\/v2\/media\/30380"}],"wp:attachment":[{"href":"https:\/\/topprixsarl.ch\/de\/wp-json\/wp\/v2\/media?parent=30381"}],"wp:term":[{"taxonomy":"product_brand","embeddable":true,"href":"https:\/\/topprixsarl.ch\/de\/wp-json\/wp\/v2\/product_brand?post=30381"},{"taxonomy":"product_cat","embeddable":true,"href":"https:\/\/topprixsarl.ch\/de\/wp-json\/wp\/v2\/product_cat?post=30381"},{"taxonomy":"product_tag","embeddable":true,"href":"https:\/\/topprixsarl.ch\/de\/wp-json\/wp\/v2\/product_tag?post=30381"}],"curies":[{"name":"wp","href":"https:\/\/api.w.org\/{rel}","templated":true}]}}