{"id":30379,"date":"2026-01-09T13:22:22","date_gmt":"2026-01-09T13:22:22","guid":{"rendered":"https:\/\/topprixsarl.ch\/product\/stylos-fibre-caran-dache-fibralo-set-de-10-couleurs\/"},"modified":"2026-01-14T14:21:19","modified_gmt":"2026-01-14T14:21:19","slug":"stylos-fibre-caran-dache-fibralo-set-de-10-couleurs","status":"publish","type":"product","link":"https:\/\/topprixsarl.ch\/de\/product\/stylos-fibre-caran-dache-fibralo-set-de-10-couleurs\/","title":{"rendered":"Stylos fibre Caran d&rsquo;Ache Fibralo, set de 10 couleurs"},"content":{"rendered":"<p>Marqueurs multicolores de haute qualit\u00e9<\/p>\n<p>Les enfants adorent colorier. Ils colorent n&rsquo;importe o\u00f9 : sur le papier, sur les murs, m\u00eame sur les v\u00eatements. Si vous voulez lib\u00e9rer le v\u00e9ritable potentiel artistique d&rsquo;un enfant, vous devriez lui offrir des marqueurs de qualit\u00e9. <\/p>\n<p>+ Ils sont importants qu\u2019ils soient lavables \u00e0 la machine et non toxiques, afin que votre enfant puisse dessiner en toute s\u00e9curit\u00e9. <\/p>\n<p>La soci\u00e9t\u00e9 suisse Caran d&rsquo;Ache a produit des marqueurs de haute qualit\u00e9 avec les caract\u00e9ristiques de s\u00e9curit\u00e9 pour les enfants.<\/p>\n<p>+ Avec toutes les couleurs de l&rsquo;arc-en-ciel et plus encore : noir, jaune, orange, chair, marron, \u00e9carlate, violet, bleu cobalt, bleu clair, vert \u00e9meraude &#8211; vous, en tant que professionnel ou votre enfant, s&rsquo;amusera \u00e0 donner vie aux images. <\/p>\n<p>Les marqueurs sont livr\u00e9s dans une bo\u00eete en m\u00e9tal pour les prot\u00e9ger. <\/p>\n<p>+ De plus, leur pointe est solide pour r\u00e9sister \u00e0 la pression lors du dessin. C&rsquo;est un d\u00e9fi difficile \u00e0 relever pour tout enfant espi\u00e8gle.<\/p>\n<p>+ Ils contiennent de l\u2019encre \u00e0 base d&rsquo;eau, facile \u00e0 laver et qui ne transperce pas le papier. <\/p>\n<p>Ces marqueurs sont un investissement solide dans votre cr\u00e9ativit\u00e9. <\/p>\n<p>Exprimez-vous et donnez vie \u00e0 vos dessins !<\/p>","protected":false},"excerpt":{"rendered":"<p>Marqueurs multicolores de haute qualit\u00e9 Les enfants adorent colorier. Ils colorent n&rsquo;importe o\u00f9: sur le papier, sur les murs, m\u00eame sur les v\u00eatements. Si vous voulez lib\u00e9rer le v\u00e9ritable potentiel artistique d&rsquo;un enfant, vous devriez lui offrir des ma<\/p>","protected":false},"featured_media":30378,"comment_status":"open","ping_status":"closed","template":"","meta":[],"product_brand":[],"product_cat":[137],"product_tag":[],"class_list":{"0":"post-30379","1":"product","2":"type-product","3":"status-publish","4":"has-post-thumbnail","6":"product_cat-article-offic","8":"first","9":"instock","10":"shipping-taxable","11":"purchasable","12":"product-type-simple"},"_links":{"self":[{"href":"https:\/\/topprixsarl.ch\/de\/wp-json\/wp\/v2\/product\/30379","targetHints":{"allow":["GET"]}}],"collection":[{"href":"https:\/\/topprixsarl.ch\/de\/wp-json\/wp\/v2\/product"}],"about":[{"href":"https:\/\/topprixsarl.ch\/de\/wp-json\/wp\/v2\/types\/product"}],"replies":[{"embeddable":true,"href":"https:\/\/topprixsarl.ch\/de\/wp-json\/wp\/v2\/comments?post=30379"}],"version-history":[{"count":2,"href":"https:\/\/topprixsarl.ch\/de\/wp-json\/wp\/v2\/product\/30379\/revisions"}],"predecessor-version":[{"id":32512,"href":"https:\/\/topprixsarl.ch\/de\/wp-json\/wp\/v2\/product\/30379\/revisions\/32512"}],"wp:featuredmedia":[{"embeddable":true,"href":"https:\/\/topprixsarl.ch\/de\/wp-json\/wp\/v2\/media\/30378"}],"wp:attachment":[{"href":"https:\/\/topprixsarl.ch\/de\/wp-json\/wp\/v2\/media?parent=30379"}],"wp:term":[{"taxonomy":"product_brand","embeddable":true,"href":"https:\/\/topprixsarl.ch\/de\/wp-json\/wp\/v2\/product_brand?post=30379"},{"taxonomy":"product_cat","embeddable":true,"href":"https:\/\/topprixsarl.ch\/de\/wp-json\/wp\/v2\/product_cat?post=30379"},{"taxonomy":"product_tag","embeddable":true,"href":"https:\/\/topprixsarl.ch\/de\/wp-json\/wp\/v2\/product_tag?post=30379"}],"curies":[{"name":"wp","href":"https:\/\/api.w.org\/{rel}","templated":true}]}}