{"id":30375,"date":"2026-01-09T13:21:53","date_gmt":"2026-01-09T13:21:53","guid":{"rendered":"https:\/\/topprixsarl.ch\/product\/bloc-notes-a6-65-g-m2-4-mm-quadrille-100-feuilles\/"},"modified":"2026-01-14T14:21:20","modified_gmt":"2026-01-14T14:21:20","slug":"bloc-notes-a6-65-g-m2-4-mm-quadrille-100-feuilles","status":"publish","type":"product","link":"https:\/\/topprixsarl.ch\/de\/product\/bloc-notes-a6-65-g-m2-4-mm-quadrille-100-feuilles\/","title":{"rendered":"A6 Notizblock, 65 g\/m2, 4 mm kariert, 100 Blatt"},"content":{"rendered":"<p>Pour que prendre des notes devienne facile. <\/p>\n<p>Parfois vous ne savez pas quoi faire de toutes ces pens\u00e9es et listes de choses \u00e0 faire qui vous tourmentent? Gr\u00e2ce \u00e0 cet article, vous pourrez mieux organiser vos id\u00e9es: ce n\u2019est pas pour rien que de nombreuses personnes ayant du succ\u00e8s se servent d\u2019un bloc-notes, car des notes structur\u00e9es garantissent une gestion du temps optimis\u00e9e. <\/p>\n<p>+ Format A6 : offre suffisamment d\u2019espace pour vos notes tout en restant maniable pour \u00eatre utilis\u00e9 partout. <\/p>\n<p>+ Volume de 100 pages : parfait pour accueillir un grand nombre de notes. <\/p>\n<p>+ Feuille quadrill\u00e9e : vous offre encore beaucoup d\u2019espace pour vos notes et brouillons. <\/p>\n<p>De plus, ce bloc-notes est reli\u00e9 et a donc une apparence \u00e9l\u00e9gante et raffin\u00e9e. <\/p>\n<p>+ Microperforation : facilite la s\u00e9paration des pages. <\/p>\n<p>Peu importe combien de notes vous devez prendre: dans le futur, vous saurez exactement o\u00f9 les informations recherch\u00e9es se trouvent tout en ayant en m\u00eame temps une r\u00e9serve de feuilles. <\/p>\n<p>Lorsqu\u2019une r\u00e9union s\u2019av\u00e8re de nouveau \u00eatre riche en informations, vous serez donc muni pour les garder \u00e0 jamais. <\/p>\n<p>Essayez-le par vous-m\u00eames et veillez \u00e0 une organisation r\u00e9ussie!*<\/p>","protected":false},"excerpt":{"rendered":"<p>Pour que prendre des notes devienne facile Parfois vous ne savez pas quoi faire de toutes ces pens\u00e9es et listes de choses \u00e0 faire qui vous tourmentent? Gr\u00e2ce \u00e0 cet article, vous pourrez mieux organiser vos id\u00e9es: ce n\u2019est pas pour rien que de nombreu<\/p>","protected":false},"featured_media":30374,"comment_status":"open","ping_status":"closed","template":"","meta":[],"product_brand":[],"product_cat":[137],"product_tag":[],"class_list":{"0":"post-30375","1":"product","2":"type-product","3":"status-publish","4":"has-post-thumbnail","6":"product_cat-article-offic","8":"first","9":"instock","10":"shipping-taxable","11":"purchasable","12":"product-type-simple"},"_links":{"self":[{"href":"https:\/\/topprixsarl.ch\/de\/wp-json\/wp\/v2\/product\/30375","targetHints":{"allow":["GET"]}}],"collection":[{"href":"https:\/\/topprixsarl.ch\/de\/wp-json\/wp\/v2\/product"}],"about":[{"href":"https:\/\/topprixsarl.ch\/de\/wp-json\/wp\/v2\/types\/product"}],"replies":[{"embeddable":true,"href":"https:\/\/topprixsarl.ch\/de\/wp-json\/wp\/v2\/comments?post=30375"}],"version-history":[{"count":2,"href":"https:\/\/topprixsarl.ch\/de\/wp-json\/wp\/v2\/product\/30375\/revisions"}],"predecessor-version":[{"id":32510,"href":"https:\/\/topprixsarl.ch\/de\/wp-json\/wp\/v2\/product\/30375\/revisions\/32510"}],"wp:featuredmedia":[{"embeddable":true,"href":"https:\/\/topprixsarl.ch\/de\/wp-json\/wp\/v2\/media\/30374"}],"wp:attachment":[{"href":"https:\/\/topprixsarl.ch\/de\/wp-json\/wp\/v2\/media?parent=30375"}],"wp:term":[{"taxonomy":"product_brand","embeddable":true,"href":"https:\/\/topprixsarl.ch\/de\/wp-json\/wp\/v2\/product_brand?post=30375"},{"taxonomy":"product_cat","embeddable":true,"href":"https:\/\/topprixsarl.ch\/de\/wp-json\/wp\/v2\/product_cat?post=30375"},{"taxonomy":"product_tag","embeddable":true,"href":"https:\/\/topprixsarl.ch\/de\/wp-json\/wp\/v2\/product_tag?post=30375"}],"curies":[{"name":"wp","href":"https:\/\/api.w.org\/{rel}","templated":true}]}}