{"id":30365,"date":"2026-01-09T13:20:41","date_gmt":"2026-01-09T13:20:41","guid":{"rendered":"https:\/\/topprixsarl.ch\/product\/enveloppes-elco-premium-c5-6-fenetre-a-droite-100-g-m2-blanc\/"},"modified":"2026-01-14T14:21:20","modified_gmt":"2026-01-14T14:21:20","slug":"enveloppes-elco-premium-c5-6-fenetre-a-droite-100-g-m2-blanc","status":"publish","type":"product","link":"https:\/\/topprixsarl.ch\/de\/product\/enveloppes-elco-premium-c5-6-fenetre-a-droite-100-g-m2-blanc\/","title":{"rendered":"Enveloppes Elco Premium, C5\/6, fen\u00eatre \u00e0 droite, 100 g\/m2, blanc"},"content":{"rendered":"<p>La correspondance a atteint un nouveau niveau. <\/p>\n<p>Auparavant, la correspondance et son envoi \u00e9taient des op\u00e9rations ennuyantes. Chaque jour, il fallait envoyer plusieurs lettres \u00e0 diff\u00e9rentes adresses, passer du temps \u00e0 les pr\u00e9parer et \u00e0 les fermer, puis \u00e0 les trier soigneusement. Maintenant, tout est diff\u00e9rent. <\/p>\n<p>Vous appr\u00e9cierez le travail avec les enveloppes Elco Premium C5 \/ 6. <\/p>\n<p>+ Patte auto-adh\u00e9sive pour une fermeture simplifi\u00e9e, offrant un gain de temps consid\u00e9rable. <\/p>\n<p>+ Fen\u00eatre transparente dans le coin inf\u00e9rieur droit permettant d\u2019identifier facilement l&rsquo;adresse, finie la confusion avec les adresses. <\/p>\n<p>+ Aspect esth\u00e9tique agr\u00e9able avec un design blanc neige et une impression int\u00e9rieure gris clair, \u00e9l\u00e9gant et professionnel. <\/p>\n<p>+ Blanchiment sans chlore, sans \u00e9mission de fum\u00e9es toxiques, pr\u00e9servant votre sant\u00e9. <\/p>\n<p>+ Certificat FSC attestant que l&rsquo;enveloppe ne nuit pas \u00e0 l&rsquo;environnement, un choix respectueux de la nature. <\/p>\n<p>Que le travail par correspondance soit une joie!<\/p>","protected":false},"excerpt":{"rendered":"<p>La correspondance a atteint un nouveau niveau Auparavant, la correspondance et son envoi \u00e9taient des op\u00e9rations ennuyantes. Chaque jour, il fallait envoyer plusieurs lettres \u00e0 diff\u00e9rentes adresses, passer du temps \u00e0 les pr\u00e9parer et \u00e0 les fermer, puis<\/p>","protected":false},"featured_media":30364,"comment_status":"open","ping_status":"closed","template":"","meta":[],"product_brand":[],"product_cat":[137],"product_tag":[],"class_list":{"0":"post-30365","1":"product","2":"type-product","3":"status-publish","4":"has-post-thumbnail","6":"product_cat-article-offic","8":"first","9":"instock","10":"shipping-taxable","11":"purchasable","12":"product-type-simple"},"_links":{"self":[{"href":"https:\/\/topprixsarl.ch\/de\/wp-json\/wp\/v2\/product\/30365","targetHints":{"allow":["GET"]}}],"collection":[{"href":"https:\/\/topprixsarl.ch\/de\/wp-json\/wp\/v2\/product"}],"about":[{"href":"https:\/\/topprixsarl.ch\/de\/wp-json\/wp\/v2\/types\/product"}],"replies":[{"embeddable":true,"href":"https:\/\/topprixsarl.ch\/de\/wp-json\/wp\/v2\/comments?post=30365"}],"version-history":[{"count":2,"href":"https:\/\/topprixsarl.ch\/de\/wp-json\/wp\/v2\/product\/30365\/revisions"}],"predecessor-version":[{"id":32505,"href":"https:\/\/topprixsarl.ch\/de\/wp-json\/wp\/v2\/product\/30365\/revisions\/32505"}],"wp:featuredmedia":[{"embeddable":true,"href":"https:\/\/topprixsarl.ch\/de\/wp-json\/wp\/v2\/media\/30364"}],"wp:attachment":[{"href":"https:\/\/topprixsarl.ch\/de\/wp-json\/wp\/v2\/media?parent=30365"}],"wp:term":[{"taxonomy":"product_brand","embeddable":true,"href":"https:\/\/topprixsarl.ch\/de\/wp-json\/wp\/v2\/product_brand?post=30365"},{"taxonomy":"product_cat","embeddable":true,"href":"https:\/\/topprixsarl.ch\/de\/wp-json\/wp\/v2\/product_cat?post=30365"},{"taxonomy":"product_tag","embeddable":true,"href":"https:\/\/topprixsarl.ch\/de\/wp-json\/wp\/v2\/product_tag?post=30365"}],"curies":[{"name":"wp","href":"https:\/\/api.w.org\/{rel}","templated":true}]}}