{"id":30363,"date":"2026-01-09T13:20:28","date_gmt":"2026-01-09T13:20:28","guid":{"rendered":"https:\/\/topprixsarl.ch\/product\/enveloppes-elco-premium-32896-c5-fenetre-a-droite-100-g-m2-blanc\/"},"modified":"2026-01-14T14:21:20","modified_gmt":"2026-01-14T14:21:20","slug":"enveloppes-elco-premium-32896-c5-fenetre-a-droite-100-g-m2-blanc","status":"publish","type":"product","link":"https:\/\/topprixsarl.ch\/de\/product\/enveloppes-elco-premium-32896-c5-fenetre-a-droite-100-g-m2-blanc\/","title":{"rendered":"Enveloppes Elco Premium 32896, C5,  fen\u00eatre \u00e0 droite, 100 g\/m2, blanc"},"content":{"rendered":"<p>Une d\u00e9cision d&rsquo;envoi \u00e9cologique<\/p>\n<p>Des enveloppes de bonne qualit\u00e9 sont n\u00e9cessaires. Il s\u2019agit ici d\u2019un bon exemple d\u2019un tel produit. <\/p>\n<p>La soci\u00e9t\u00e9 suisse Elco est sp\u00e9cialis\u00e9e dans la cr\u00e9ation de fournitures de bureau \u00e9cologiques, y compris d&rsquo;enveloppes professionnelles, durables et de haute qualit\u00e9. <\/p>\n<p>+ Fabriqu\u00e9es en papier et blanchies sans chlore ni autres produits chimiques, ces enveloppes sont \u00e9cologiques et enti\u00e8rement recyclables. <\/p>\n<p>+ Dans les formats standard C5 (A5), ces enveloppes sont emball\u00e9es dans de petites bo\u00eetes faciles \u00e0 ranger. <\/p>\n<p>+ Pr\u00e9sent\u00e9es en paquets de 500, un r\u00e9approvisionnement continu n&rsquo;est pas n\u00e9cessaire. <\/p>\n<p>Les enveloppes Elco Premium sont blanc brillant \u00e0 l&rsquo;ext\u00e9rieur et gris clair \u00e0 l&rsquo;int\u00e9rieur et ont une fen\u00eatre d&rsquo;adresse plac\u00e9e en bas \u00e0 droite. <\/p>\n<p>+ Leur fermeture avec patte gomm\u00e9e assure une parfaite adh\u00e9rence. <\/p>\n<p>Envoyez des lettres intelligemment!<\/p>","protected":false},"excerpt":{"rendered":"<p>Une d\u00e9cision d&rsquo;envoi \u00e9cologique Des enveloppes de bonne qualit\u00e9 sont n\u00e9cessaires. Il s\u2019agit ici d\u2019un bon exemple d\u2019un tel produit. La soci\u00e9t\u00e9 suisse Elco est sp\u00e9cialis\u00e9e dans la cr\u00e9ation de fournitures de bureau \u00e9cologiques, y compris d&rsquo;enveloppes pr<\/p>","protected":false},"featured_media":30362,"comment_status":"open","ping_status":"closed","template":"","meta":[],"product_brand":[],"product_cat":[137],"product_tag":[],"class_list":{"0":"post-30363","1":"product","2":"type-product","3":"status-publish","4":"has-post-thumbnail","6":"product_cat-article-offic","8":"first","9":"instock","10":"shipping-taxable","11":"purchasable","12":"product-type-simple"},"_links":{"self":[{"href":"https:\/\/topprixsarl.ch\/de\/wp-json\/wp\/v2\/product\/30363","targetHints":{"allow":["GET"]}}],"collection":[{"href":"https:\/\/topprixsarl.ch\/de\/wp-json\/wp\/v2\/product"}],"about":[{"href":"https:\/\/topprixsarl.ch\/de\/wp-json\/wp\/v2\/types\/product"}],"replies":[{"embeddable":true,"href":"https:\/\/topprixsarl.ch\/de\/wp-json\/wp\/v2\/comments?post=30363"}],"version-history":[{"count":2,"href":"https:\/\/topprixsarl.ch\/de\/wp-json\/wp\/v2\/product\/30363\/revisions"}],"predecessor-version":[{"id":32504,"href":"https:\/\/topprixsarl.ch\/de\/wp-json\/wp\/v2\/product\/30363\/revisions\/32504"}],"wp:featuredmedia":[{"embeddable":true,"href":"https:\/\/topprixsarl.ch\/de\/wp-json\/wp\/v2\/media\/30362"}],"wp:attachment":[{"href":"https:\/\/topprixsarl.ch\/de\/wp-json\/wp\/v2\/media?parent=30363"}],"wp:term":[{"taxonomy":"product_brand","embeddable":true,"href":"https:\/\/topprixsarl.ch\/de\/wp-json\/wp\/v2\/product_brand?post=30363"},{"taxonomy":"product_cat","embeddable":true,"href":"https:\/\/topprixsarl.ch\/de\/wp-json\/wp\/v2\/product_cat?post=30363"},{"taxonomy":"product_tag","embeddable":true,"href":"https:\/\/topprixsarl.ch\/de\/wp-json\/wp\/v2\/product_tag?post=30363"}],"curies":[{"name":"wp","href":"https:\/\/api.w.org\/{rel}","templated":true}]}}