{"id":30359,"date":"2026-01-09T13:20:01","date_gmt":"2026-01-09T13:20:01","guid":{"rendered":"https:\/\/topprixsarl.ch\/product\/enveloppes-elco-premium-c4-fenetre-a-droite-120-g-m2-blanc\/"},"modified":"2026-01-14T14:21:20","modified_gmt":"2026-01-14T14:21:20","slug":"enveloppes-elco-premium-c4-fenetre-a-droite-120-g-m2-blanc","status":"publish","type":"product","link":"https:\/\/topprixsarl.ch\/de\/product\/enveloppes-elco-premium-c4-fenetre-a-droite-120-g-m2-blanc\/","title":{"rendered":"Enveloppes Elco Premium, C4, fen\u00eatre \u00e0 droite, 120 g\/m2, blanc"},"content":{"rendered":"<p>Prendre soin de la sant\u00e9 et de la nature sans sacrifier la qualit\u00e9. <\/p>\n<p>Les enveloppes suisses Elco Premium ont \u00e9t\u00e9 blanchies sans chlore, elles n&rsquo;\u00e9mettent donc pas de substances nocives et sont sans danger pour la sant\u00e9, tout en restant belles. Vous prenez ainsi soin de votre sant\u00e9 mais aussi de l&rsquo;environnement, comme le prouve le certificat FSC.<\/p>\n<p>+ Blanchies sans chlore pour une s\u00e9curit\u00e9 optimale<br \/>\n+ Certificat FSC pour un respect de l&rsquo;environnement  <\/p>\n<p>Elles sont pratiques \u00e0 utiliser &#8211; une petite fen\u00eatre sur l&rsquo;enveloppe vous permet de visualiser les donn\u00e9es ou indications n\u00e9cessaires et de rapidement identifier l&rsquo;enveloppe souhait\u00e9e. <\/p>\n<p>+ Petite fen\u00eatre pour une identification rapide  <\/p>\n<p>Vous disposez \u00e0 pr\u00e9sent de 250 enveloppes gracieuses, \u00e9l\u00e9gantes et respectueuses de la sant\u00e9, qui vous facilitent la vie et la rendent plus s\u00fbre. <\/p>\n<p>+ 250 enveloppes \u00e9l\u00e9gantes et pratiques  <\/p>\n<p>Prenez plaisir \u00e0 envoyer du courrier!<\/p>","protected":false},"excerpt":{"rendered":"<p>Prendre soin de la sant\u00e9 et de la nature sans sacrifier la qualit\u00e9 Les enveloppes suisses Elco Premium ont \u00e9t\u00e9 blanchies sans chlore, elles n&rsquo;\u00e9mettent donc pas de substances nocives et sont sans danger pour la sant\u00e9, tout en restant belles. Vous pren<\/p>","protected":false},"featured_media":30358,"comment_status":"open","ping_status":"closed","template":"","meta":[],"product_brand":[],"product_cat":[137],"product_tag":[],"class_list":{"0":"post-30359","1":"product","2":"type-product","3":"status-publish","4":"has-post-thumbnail","6":"product_cat-article-offic","8":"first","9":"instock","10":"shipping-taxable","11":"purchasable","12":"product-type-simple"},"_links":{"self":[{"href":"https:\/\/topprixsarl.ch\/de\/wp-json\/wp\/v2\/product\/30359","targetHints":{"allow":["GET"]}}],"collection":[{"href":"https:\/\/topprixsarl.ch\/de\/wp-json\/wp\/v2\/product"}],"about":[{"href":"https:\/\/topprixsarl.ch\/de\/wp-json\/wp\/v2\/types\/product"}],"replies":[{"embeddable":true,"href":"https:\/\/topprixsarl.ch\/de\/wp-json\/wp\/v2\/comments?post=30359"}],"version-history":[{"count":2,"href":"https:\/\/topprixsarl.ch\/de\/wp-json\/wp\/v2\/product\/30359\/revisions"}],"predecessor-version":[{"id":32502,"href":"https:\/\/topprixsarl.ch\/de\/wp-json\/wp\/v2\/product\/30359\/revisions\/32502"}],"wp:featuredmedia":[{"embeddable":true,"href":"https:\/\/topprixsarl.ch\/de\/wp-json\/wp\/v2\/media\/30358"}],"wp:attachment":[{"href":"https:\/\/topprixsarl.ch\/de\/wp-json\/wp\/v2\/media?parent=30359"}],"wp:term":[{"taxonomy":"product_brand","embeddable":true,"href":"https:\/\/topprixsarl.ch\/de\/wp-json\/wp\/v2\/product_brand?post=30359"},{"taxonomy":"product_cat","embeddable":true,"href":"https:\/\/topprixsarl.ch\/de\/wp-json\/wp\/v2\/product_cat?post=30359"},{"taxonomy":"product_tag","embeddable":true,"href":"https:\/\/topprixsarl.ch\/de\/wp-json\/wp\/v2\/product_tag?post=30359"}],"curies":[{"name":"wp","href":"https:\/\/api.w.org\/{rel}","templated":true}]}}