{"id":30355,"date":"2026-01-09T13:19:32","date_gmt":"2026-01-09T13:19:32","guid":{"rendered":"https:\/\/topprixsarl.ch\/product\/etiquettes-de-rechange-durable-1458-52-x-100-mm-blanc-paq-40-unites\/"},"modified":"2026-01-14T14:21:21","modified_gmt":"2026-01-14T14:21:21","slug":"etiquettes-de-rechange-durable-1458-52-x-100-mm-blanc-paq-40-unites","status":"publish","type":"product","link":"https:\/\/topprixsarl.ch\/de\/product\/etiquettes-de-rechange-durable-1458-52-x-100-mm-blanc-paq-40-unites\/","title":{"rendered":"\u00c9tiquettes de rechange Durable 1458, 52 x 100 mm, blanc, paq. 40\u00a0unit\u00e9s"},"content":{"rendered":"<p>Il suffit de le r\u00e9utiliser<\/p>\n<p>Qu&rsquo;il s&rsquo;agisse de badges nominatifs lors d&rsquo;une conf\u00e9rence ou de porte-nom de table lors d&rsquo;un s\u00e9minaire, les produits utilis\u00e9s peuvent \u00eatre r\u00e9utilis\u00e9s dans la plupart des cas. <\/p>\n<p>C&rsquo;est non seulement bon pour l&rsquo;environnement, mais aussi pour votre compte de profits et pertes, car vous ne devez pas acheter de nouveaux badges pour la prochaine conf\u00e9rence. <\/p>\n<p>Il suffit de se procurer de nouvelles \u00e9tiquettes ins\u00e9rables comme celles de Durable. Les inserts usag\u00e9s sont rapidement remplac\u00e9s et le badge nominatif est \u00e0 nouveau pr\u00eat \u00e0 l&#8217;emploi en un rien de temps. <\/p>\n<p>+ La plupart des imprimantes peuvent travailler avec le papier utilis\u00e9, ce qui signifie que vous pouvez imprimer le badge nominatif de mani\u00e8re personnalis\u00e9e. <\/p>\n<p>+ Dans la plupart des cas, les badges d&rsquo;insertion peuvent simplement \u00eatre jet\u00e9s. Vous pouvez \u00e9galement recycler ce produit sans aucun probl\u00e8me. <\/p>\n<p>+ Les badges d&rsquo;insertion ont \u00e9galement \u00e9t\u00e9 certifi\u00e9s PEFC, qui est obtenu par une gestion durable des for\u00eats. <\/p>\n<p>Utilisez les badges nominatifs plusieurs fois!*<\/p>","protected":false},"excerpt":{"rendered":"<p>Il suffit de le r\u00e9utiliser Qu&rsquo;il s&rsquo;agisse de badges nominatifs lors d&rsquo;une conf\u00e9rence ou de porte-nom de table lors d&rsquo;un s\u00e9minaire, les produits utilis\u00e9s peuvent \u00eatre r\u00e9utilis\u00e9s dans la plupart des cas. C&rsquo;est non seulement bon pour l&rsquo;environnement, ma<\/p>","protected":false},"featured_media":30354,"comment_status":"open","ping_status":"closed","template":"","meta":[],"product_brand":[],"product_cat":[137],"product_tag":[],"class_list":{"0":"post-30355","1":"product","2":"type-product","3":"status-publish","4":"has-post-thumbnail","6":"product_cat-article-offic","8":"first","9":"instock","10":"shipping-taxable","11":"purchasable","12":"product-type-simple"},"_links":{"self":[{"href":"https:\/\/topprixsarl.ch\/de\/wp-json\/wp\/v2\/product\/30355","targetHints":{"allow":["GET"]}}],"collection":[{"href":"https:\/\/topprixsarl.ch\/de\/wp-json\/wp\/v2\/product"}],"about":[{"href":"https:\/\/topprixsarl.ch\/de\/wp-json\/wp\/v2\/types\/product"}],"replies":[{"embeddable":true,"href":"https:\/\/topprixsarl.ch\/de\/wp-json\/wp\/v2\/comments?post=30355"}],"version-history":[{"count":2,"href":"https:\/\/topprixsarl.ch\/de\/wp-json\/wp\/v2\/product\/30355\/revisions"}],"predecessor-version":[{"id":32500,"href":"https:\/\/topprixsarl.ch\/de\/wp-json\/wp\/v2\/product\/30355\/revisions\/32500"}],"wp:featuredmedia":[{"embeddable":true,"href":"https:\/\/topprixsarl.ch\/de\/wp-json\/wp\/v2\/media\/30354"}],"wp:attachment":[{"href":"https:\/\/topprixsarl.ch\/de\/wp-json\/wp\/v2\/media?parent=30355"}],"wp:term":[{"taxonomy":"product_brand","embeddable":true,"href":"https:\/\/topprixsarl.ch\/de\/wp-json\/wp\/v2\/product_brand?post=30355"},{"taxonomy":"product_cat","embeddable":true,"href":"https:\/\/topprixsarl.ch\/de\/wp-json\/wp\/v2\/product_cat?post=30355"},{"taxonomy":"product_tag","embeddable":true,"href":"https:\/\/topprixsarl.ch\/de\/wp-json\/wp\/v2\/product_tag?post=30355"}],"curies":[{"name":"wp","href":"https:\/\/api.w.org\/{rel}","templated":true}]}}