{"id":30353,"date":"2026-01-09T13:19:19","date_gmt":"2026-01-09T13:19:19","guid":{"rendered":"https:\/\/topprixsarl.ch\/product\/stylo-bille-sur-socle-pointe-moyenne-noir\/"},"modified":"2026-01-14T14:21:21","modified_gmt":"2026-01-14T14:21:21","slug":"stylo-bille-sur-socle-pointe-moyenne-noir","status":"publish","type":"product","link":"https:\/\/topprixsarl.ch\/de\/product\/stylo-bille-sur-socle-pointe-moyenne-noir\/","title":{"rendered":"Stylo bille sur socle &#8211; pointe moyenne &#8211; noir"},"content":{"rendered":"<p>**Stylo \u00e0 bille \u00e9l\u00e9gant avec socle**<\/p>\n<p>Dans les administrations, les bureaux, les banques et autres endroits o\u00f9 la signature de documents est exig\u00e9e, les stylos sont un outil essentiel. Cependant, \u00e0 l&rsquo;\u00e9poque des nanotechnologies et des smartphones, plus personne ne porte de stylo. <\/p>\n<p>Mettez \u00e0 la disposition de vos clients un stylo, en cas de besoin. Ce stylo avec support, au design \u00e9l\u00e9gant, compl\u00e9tera l&rsquo;\u00e9quipement de votre bureau. <\/p>\n<p>+ Support d&rsquo;un diam\u00e8tre de 115 mm pour une parfaite stabilit\u00e9.<br \/>\n+ Stylo attach\u00e9 avec une cha\u00eenette pour pr\u00e9venir toute perte.<br \/>\n+ Cartouche du stylo rechargeable sans changer de socle.<br \/>\n+ Pointe universelle moyenne et conique, d\u2019une \u00e9paisseur standard de 0,6 mm, adapt\u00e9e \u00e0 un usage quotidien.  <\/p>\n<p>Alors, besoin d&rsquo;un stylo?<\/p>","protected":false},"excerpt":{"rendered":"<p>Stylo \u00e0 bille \u00e9l\u00e9gant avec socleDans les administrations, les bureaux, les banques et autres endroits o\u00f9 la signature de documents est exig\u00e9e, les stylos sont un outil essentiel. Cependant, \u00e0 l&rsquo;\u00e9poque des nanotechnologies et des smartphones, plus per<\/p>","protected":false},"featured_media":30352,"comment_status":"open","ping_status":"closed","template":"","meta":[],"product_brand":[],"product_cat":[137],"product_tag":[],"class_list":{"0":"post-30353","1":"product","2":"type-product","3":"status-publish","4":"has-post-thumbnail","6":"product_cat-article-offic","8":"first","9":"instock","10":"shipping-taxable","11":"purchasable","12":"product-type-simple"},"_links":{"self":[{"href":"https:\/\/topprixsarl.ch\/de\/wp-json\/wp\/v2\/product\/30353","targetHints":{"allow":["GET"]}}],"collection":[{"href":"https:\/\/topprixsarl.ch\/de\/wp-json\/wp\/v2\/product"}],"about":[{"href":"https:\/\/topprixsarl.ch\/de\/wp-json\/wp\/v2\/types\/product"}],"replies":[{"embeddable":true,"href":"https:\/\/topprixsarl.ch\/de\/wp-json\/wp\/v2\/comments?post=30353"}],"version-history":[{"count":2,"href":"https:\/\/topprixsarl.ch\/de\/wp-json\/wp\/v2\/product\/30353\/revisions"}],"predecessor-version":[{"id":32499,"href":"https:\/\/topprixsarl.ch\/de\/wp-json\/wp\/v2\/product\/30353\/revisions\/32499"}],"wp:featuredmedia":[{"embeddable":true,"href":"https:\/\/topprixsarl.ch\/de\/wp-json\/wp\/v2\/media\/30352"}],"wp:attachment":[{"href":"https:\/\/topprixsarl.ch\/de\/wp-json\/wp\/v2\/media?parent=30353"}],"wp:term":[{"taxonomy":"product_brand","embeddable":true,"href":"https:\/\/topprixsarl.ch\/de\/wp-json\/wp\/v2\/product_brand?post=30353"},{"taxonomy":"product_cat","embeddable":true,"href":"https:\/\/topprixsarl.ch\/de\/wp-json\/wp\/v2\/product_cat?post=30353"},{"taxonomy":"product_tag","embeddable":true,"href":"https:\/\/topprixsarl.ch\/de\/wp-json\/wp\/v2\/product_tag?post=30353"}],"curies":[{"name":"wp","href":"https:\/\/api.w.org\/{rel}","templated":true}]}}