{"id":30351,"date":"2026-01-09T13:19:06","date_gmt":"2026-01-09T13:19:06","guid":{"rendered":"https:\/\/topprixsarl.ch\/product\/roller-pilot-frixion-ball-effacable-pointe-moyenne-rouge\/"},"modified":"2026-01-14T14:21:21","modified_gmt":"2026-01-14T14:21:21","slug":"roller-pilot-frixion-ball-effacable-pointe-moyenne-rouge","status":"publish","type":"product","link":"https:\/\/topprixsarl.ch\/de\/product\/roller-pilot-frixion-ball-effacable-pointe-moyenne-rouge\/","title":{"rendered":"Roller Pilot Frixion Ball &#8211; effa\u00e7able &#8211; pointe moyenne &#8211; rouge"},"content":{"rendered":"<p>Du haut de gamme pour votre papier. <\/p>\n<p>Ce n&rsquo;est pas tout le monde qui ose s&rsquo;aventurer \u00e0 \u00e9crire quelques chapitres de l&rsquo;Histoire. Par contre, quand il s&rsquo;agit d&rsquo;\u00e9crire quelque chose, il faut que ce soit bien \u00e9crit. <\/p>\n<p>Avec le roller de la marque Pilot, vous disposez d&rsquo;un outil de haute qualit\u00e9 qui permet d&rsquo;obtenir des caract\u00e8res parfaits. <\/p>\n<p>+ Design intelligent<br \/>\n+ Pointe pr\u00e9cise pour noter toutes sortes de pens\u00e9es et transcriptions<br \/>\n+ Encre gel s\u00e9chant rapidement pour une \u00e9criture fluide et pratiquement sans bavure<br \/>\n+ Pointe conique pour dessiner m\u00eame les lignes les plus fines<br \/>\n+ Couleur rouge pour attirer les regards  <\/p>\n<p>Utilisez toujours cet ustensile lorsqu&rsquo;il faut faire preuve de vari\u00e9t\u00e9. Car le roller de la marque Pilot est fait pour la perfection. <\/p>\n<p>+ R\u00e9sultat parfaitement visible<br \/>\n+ Longue dur\u00e9e de vie<br \/>\n+ Design polyvalent pour diff\u00e9rentes t\u00e2ches  <\/p>\n<p>Procurez-vous un article qui vous inspire!<\/p>","protected":false},"excerpt":{"rendered":"<p>Du haut de gamme pour votre papier Ce n&rsquo;est pas tout le monde qui ose s&rsquo;aventurer \u00e0 \u00e9crire quelques chapitres de l&rsquo;Histoire. Par contre, quand il s&rsquo;agit d&rsquo;\u00e9crire quelque chose, il faut que ce soit bien \u00e9crit. Avec le roller de la marque Pilot, vous d<\/p>","protected":false},"featured_media":30350,"comment_status":"open","ping_status":"closed","template":"","meta":[],"product_brand":[],"product_cat":[137],"product_tag":[],"class_list":{"0":"post-30351","1":"product","2":"type-product","3":"status-publish","4":"has-post-thumbnail","6":"product_cat-article-offic","8":"first","9":"instock","10":"shipping-taxable","11":"purchasable","12":"product-type-simple"},"_links":{"self":[{"href":"https:\/\/topprixsarl.ch\/de\/wp-json\/wp\/v2\/product\/30351","targetHints":{"allow":["GET"]}}],"collection":[{"href":"https:\/\/topprixsarl.ch\/de\/wp-json\/wp\/v2\/product"}],"about":[{"href":"https:\/\/topprixsarl.ch\/de\/wp-json\/wp\/v2\/types\/product"}],"replies":[{"embeddable":true,"href":"https:\/\/topprixsarl.ch\/de\/wp-json\/wp\/v2\/comments?post=30351"}],"version-history":[{"count":2,"href":"https:\/\/topprixsarl.ch\/de\/wp-json\/wp\/v2\/product\/30351\/revisions"}],"predecessor-version":[{"id":32498,"href":"https:\/\/topprixsarl.ch\/de\/wp-json\/wp\/v2\/product\/30351\/revisions\/32498"}],"wp:featuredmedia":[{"embeddable":true,"href":"https:\/\/topprixsarl.ch\/de\/wp-json\/wp\/v2\/media\/30350"}],"wp:attachment":[{"href":"https:\/\/topprixsarl.ch\/de\/wp-json\/wp\/v2\/media?parent=30351"}],"wp:term":[{"taxonomy":"product_brand","embeddable":true,"href":"https:\/\/topprixsarl.ch\/de\/wp-json\/wp\/v2\/product_brand?post=30351"},{"taxonomy":"product_cat","embeddable":true,"href":"https:\/\/topprixsarl.ch\/de\/wp-json\/wp\/v2\/product_cat?post=30351"},{"taxonomy":"product_tag","embeddable":true,"href":"https:\/\/topprixsarl.ch\/de\/wp-json\/wp\/v2\/product_tag?post=30351"}],"curies":[{"name":"wp","href":"https:\/\/api.w.org\/{rel}","templated":true}]}}