{"id":30347,"date":"2026-01-09T13:18:37","date_gmt":"2026-01-09T13:18:37","guid":{"rendered":"https:\/\/topprixsarl.ch\/product\/corbeille-a-papier-14-l-noire\/"},"modified":"2026-01-14T14:21:21","modified_gmt":"2026-01-14T14:21:21","slug":"corbeille-a-papier-14-l-noire","status":"publish","type":"product","link":"https:\/\/topprixsarl.ch\/de\/product\/corbeille-a-papier-14-l-noire\/","title":{"rendered":"Papierkorb- 14 L- schwarz"},"content":{"rendered":"<p>Une poubelle de qualit\u00e9 <\/p>\n<p>a cr\u00e9\u00e9 un excellent produit qui remplit parfaitement ses fonctions et qui ravira par son apparence. <\/p>\n<p>+ Design \u00e9l\u00e9gant avec des contours lisses et des formes soign\u00e9es, cr\u00e9ant une poubelle qui s&rsquo;int\u00e8gre parfaitement dans chaque poste de travail. <\/p>\n<p>+ Sa taille compacte vous permet de la placer n&rsquo;importe o\u00f9 dans le bureau. <\/p>\n<p>+ Gr\u00e2ce aux poign\u00e9es pratiques, elle est facilement accessible depuis le dessous de la table, sans effort suppl\u00e9mentaire, ce qui permet \u00e0 l&#8217;employ\u00e9 de se concentrer sur les t\u00e2ches \u00e0 accomplir. <\/p>\n<p>+ Le plastique durable r\u00e9siste aux \u00e9gratignures et ne se d\u00e9colore pas avec le temps. <\/p>\n<p>Ce produit de vous servira pendant longtemps et est couvert par une garantie officielle.* <\/p>\n<p>\u00c9quipez votre bureau d&rsquo;une poubelle \u00e9l\u00e9gante et fonctionnelle!<\/p>","protected":false},"excerpt":{"rendered":"<p>Une poubelle de qualit\u00e9 a cr\u00e9\u00e9 un excellent produit qui remplit parfaitement ses fonctions et qui ravira par son apparence. Un design \u00e9l\u00e9gant avec des contours lisses et des formes soign\u00e9es cr\u00e9ent une poubelle qui s&rsquo;int\u00e8gre parfaitement dans c<\/p>","protected":false},"featured_media":30346,"comment_status":"open","ping_status":"closed","template":"","meta":[],"product_brand":[],"product_cat":[142],"product_tag":[],"class_list":{"0":"post-30347","1":"product","2":"type-product","3":"status-publish","4":"has-post-thumbnail","6":"product_cat-entretien","8":"first","9":"instock","10":"shipping-taxable","11":"purchasable","12":"product-type-simple"},"_links":{"self":[{"href":"https:\/\/topprixsarl.ch\/de\/wp-json\/wp\/v2\/product\/30347","targetHints":{"allow":["GET"]}}],"collection":[{"href":"https:\/\/topprixsarl.ch\/de\/wp-json\/wp\/v2\/product"}],"about":[{"href":"https:\/\/topprixsarl.ch\/de\/wp-json\/wp\/v2\/types\/product"}],"replies":[{"embeddable":true,"href":"https:\/\/topprixsarl.ch\/de\/wp-json\/wp\/v2\/comments?post=30347"}],"version-history":[{"count":3,"href":"https:\/\/topprixsarl.ch\/de\/wp-json\/wp\/v2\/product\/30347\/revisions"}],"predecessor-version":[{"id":33344,"href":"https:\/\/topprixsarl.ch\/de\/wp-json\/wp\/v2\/product\/30347\/revisions\/33344"}],"wp:featuredmedia":[{"embeddable":true,"href":"https:\/\/topprixsarl.ch\/de\/wp-json\/wp\/v2\/media\/30346"}],"wp:attachment":[{"href":"https:\/\/topprixsarl.ch\/de\/wp-json\/wp\/v2\/media?parent=30347"}],"wp:term":[{"taxonomy":"product_brand","embeddable":true,"href":"https:\/\/topprixsarl.ch\/de\/wp-json\/wp\/v2\/product_brand?post=30347"},{"taxonomy":"product_cat","embeddable":true,"href":"https:\/\/topprixsarl.ch\/de\/wp-json\/wp\/v2\/product_cat?post=30347"},{"taxonomy":"product_tag","embeddable":true,"href":"https:\/\/topprixsarl.ch\/de\/wp-json\/wp\/v2\/product_tag?post=30347"}],"curies":[{"name":"wp","href":"https:\/\/api.w.org\/{rel}","templated":true}]}}