{"id":30345,"date":"2026-01-09T13:18:24","date_gmt":"2026-01-09T13:18:24","guid":{"rendered":"https:\/\/topprixsarl.ch\/product\/pot-a-crayons-recycle-transparent\/"},"modified":"2026-01-14T14:21:21","modified_gmt":"2026-01-14T14:21:21","slug":"pot-a-crayons-recycle-transparent","status":"publish","type":"product","link":"https:\/\/topprixsarl.ch\/de\/product\/pot-a-crayons-recycle-transparent\/","title":{"rendered":"Stiftek\u00f6cher- recycelt- transparent"},"content":{"rendered":"<p>Cet outil de bureau est indispensable. Allez, au travail!<\/p>\n<p>Vous avez d\u00e9j\u00e0 pass\u00e9 du temps \u00e0 chercher vos fournitures de bureau cette semaine? Le d\u00e9sordre qui r\u00e8gne sur votre lieu de travail peut non seulement \u00eatre nerveusement \u00e9prouvant, mais il peut aussi \u00eatre inutilement chronophage. <\/p>\n<p>Gr\u00e2ce au porte-stylos, tout est \u00e0 sa place et vous pouvez trouver stylos, gommes et autres articles imm\u00e9diatement en cas de besoin. <\/p>\n<p>+ Mat\u00e9riau en polystyr\u00e8ne : facile \u00e0 entretenir et r\u00e9sistant. <\/p>\n<p>+ Bon rapport qualit\u00e9-prix. <\/p>\n<p>+ Transparent : s&rsquo;adapte merveilleusement \u00e0 toute autre fourniture de bureau. <\/p>\n<p>Ils roulent et vous \u00e9chappent, disparaissent dans les fissures ou deviennent invisibles : les outils de travail semblent mener une vie myst\u00e9rieuse qui leur est propre. <\/p>\n<p>Les porte-stylos de la marque vous donnent la possibilit\u00e9 de ranger votre \u00e9quipement de bureau de mani\u00e8re rapide et fiable : tout est visible et toujours \u00e0 port\u00e9e de main. <\/p>\n<p>+ Professionnalisez vos processus de travail. <\/p>\n<p>+ Design bien pens\u00e9 qui attire tous les regards. <\/p>\n<p>Structurez votre bureau d\u00e8s aujourd&rsquo;hui!<\/p>","protected":false},"excerpt":{"rendered":"<p>Cet outil de bureau est indispensable. Allez, au travail! Vous avez d\u00e9j\u00e0 pass\u00e9 du temps \u00e0 chercher vos fournitures de bureau cette semaine? Le d\u00e9sordre qui r\u00e8gne sur votre lieu de travail peut non seulement \u00eatre nerveusement \u00e9prouvant, mais il peut a<\/p>","protected":false},"featured_media":30344,"comment_status":"open","ping_status":"closed","template":"","meta":[],"product_brand":[],"product_cat":[142],"product_tag":[],"class_list":{"0":"post-30345","1":"product","2":"type-product","3":"status-publish","4":"has-post-thumbnail","6":"product_cat-entretien","8":"first","9":"instock","10":"shipping-taxable","11":"purchasable","12":"product-type-simple"},"_links":{"self":[{"href":"https:\/\/topprixsarl.ch\/de\/wp-json\/wp\/v2\/product\/30345","targetHints":{"allow":["GET"]}}],"collection":[{"href":"https:\/\/topprixsarl.ch\/de\/wp-json\/wp\/v2\/product"}],"about":[{"href":"https:\/\/topprixsarl.ch\/de\/wp-json\/wp\/v2\/types\/product"}],"replies":[{"embeddable":true,"href":"https:\/\/topprixsarl.ch\/de\/wp-json\/wp\/v2\/comments?post=30345"}],"version-history":[{"count":3,"href":"https:\/\/topprixsarl.ch\/de\/wp-json\/wp\/v2\/product\/30345\/revisions"}],"predecessor-version":[{"id":33345,"href":"https:\/\/topprixsarl.ch\/de\/wp-json\/wp\/v2\/product\/30345\/revisions\/33345"}],"wp:featuredmedia":[{"embeddable":true,"href":"https:\/\/topprixsarl.ch\/de\/wp-json\/wp\/v2\/media\/30344"}],"wp:attachment":[{"href":"https:\/\/topprixsarl.ch\/de\/wp-json\/wp\/v2\/media?parent=30345"}],"wp:term":[{"taxonomy":"product_brand","embeddable":true,"href":"https:\/\/topprixsarl.ch\/de\/wp-json\/wp\/v2\/product_brand?post=30345"},{"taxonomy":"product_cat","embeddable":true,"href":"https:\/\/topprixsarl.ch\/de\/wp-json\/wp\/v2\/product_cat?post=30345"},{"taxonomy":"product_tag","embeddable":true,"href":"https:\/\/topprixsarl.ch\/de\/wp-json\/wp\/v2\/product_tag?post=30345"}],"curies":[{"name":"wp","href":"https:\/\/api.w.org\/{rel}","templated":true}]}}