{"id":30329,"date":"2026-01-09T13:16:21","date_gmt":"2026-01-09T13:16:21","guid":{"rendered":"https:\/\/topprixsarl.ch\/product\/etiquette-dexpedition-brother-dk-11201-29-x-90-mm-blanche-rouleau-de-400\/"},"modified":"2026-01-14T14:21:22","modified_gmt":"2026-01-14T14:21:22","slug":"etiquette-dexpedition-brother-dk-11201-29-x-90-mm-blanche-rouleau-de-400","status":"publish","type":"product","link":"https:\/\/topprixsarl.ch\/de\/product\/etiquette-dexpedition-brother-dk-11201-29-x-90-mm-blanche-rouleau-de-400\/","title":{"rendered":"Etiquette d&rsquo;exp\u00e9dition Brother DK-11201 &#8211; 29 x 90 mm &#8211; blanche &#8211; rouleau de 400"},"content":{"rendered":"<p>\u00c9tiquettes sp\u00e9cialement con\u00e7ues pour l&rsquo;envoi par la poste<\/p>\n<p>M\u00eame une petite entreprise doit envoyer bon nombre de lettres, et \u00e9crire chaque fois la m\u00eame adresse est une op\u00e9ration ennuyeuse. C\u2019est encore plus fastidieux et long si le texte est manuscrit. Une erreur dans l&rsquo;adresse est toujours susceptible de cr\u00e9er un malentendu avec les clients ou les partenaires. <\/p>\n<p>Ainsi, il est pr\u00e9f\u00e9rable d&rsquo;utiliser des \u00e9tiquettes d&rsquo;adresse. La qualit\u00e9 \u00e9lev\u00e9e de ces \u00e9tiquettes fait bonne impression sur un client ou un partenaire commercial.<\/p>\n<p>+ Facilit\u00e9 d&rsquo;utilisation : Il suffit de mettre le rouleau d&rsquo;\u00e9tiquettes dans une machine QL, de saisir les adresses, d&rsquo;imprimer les \u00e9tiquettes et de les apposer sur l&rsquo;enveloppe. <\/p>\n<p>+ Gain de temps : \u00c9vitez le fastidieux processus d&rsquo;\u00e9criture manuelle.<\/p>\n<p>+ Professionnalisme : Assurez-vous que votre courrier arrivera \u00e0 la bonne adresse et donne une image soign\u00e9e de votre entreprise. <\/p>\n<p>*Note : V\u00e9rifiez la compatibilit\u00e9 de votre machine QL avec les \u00e9tiquettes avant l&rsquo;achat.*<\/p>","protected":false},"excerpt":{"rendered":"<p>\u00c9tiquettes sp\u00e9cialement con\u00e7ues pour l&rsquo;envoi par la posteM\u00eame une petite entreprise doit envoyer bon nombre de lettres, et \u00e9crire chaque fois la m\u00eame adresse est une op\u00e9ration ennuyeuse. C\u2019est encore plus fastidieux et long si le texte est manuscrit.<\/p>","protected":false},"featured_media":30328,"comment_status":"open","ping_status":"closed","template":"","meta":[],"product_brand":[],"product_cat":[137],"product_tag":[],"class_list":{"0":"post-30329","1":"product","2":"type-product","3":"status-publish","4":"has-post-thumbnail","6":"product_cat-article-offic","8":"first","9":"instock","10":"shipping-taxable","11":"purchasable","12":"product-type-simple"},"_links":{"self":[{"href":"https:\/\/topprixsarl.ch\/de\/wp-json\/wp\/v2\/product\/30329","targetHints":{"allow":["GET"]}}],"collection":[{"href":"https:\/\/topprixsarl.ch\/de\/wp-json\/wp\/v2\/product"}],"about":[{"href":"https:\/\/topprixsarl.ch\/de\/wp-json\/wp\/v2\/types\/product"}],"replies":[{"embeddable":true,"href":"https:\/\/topprixsarl.ch\/de\/wp-json\/wp\/v2\/comments?post=30329"}],"version-history":[{"count":2,"href":"https:\/\/topprixsarl.ch\/de\/wp-json\/wp\/v2\/product\/30329\/revisions"}],"predecessor-version":[{"id":32486,"href":"https:\/\/topprixsarl.ch\/de\/wp-json\/wp\/v2\/product\/30329\/revisions\/32486"}],"wp:featuredmedia":[{"embeddable":true,"href":"https:\/\/topprixsarl.ch\/de\/wp-json\/wp\/v2\/media\/30328"}],"wp:attachment":[{"href":"https:\/\/topprixsarl.ch\/de\/wp-json\/wp\/v2\/media?parent=30329"}],"wp:term":[{"taxonomy":"product_brand","embeddable":true,"href":"https:\/\/topprixsarl.ch\/de\/wp-json\/wp\/v2\/product_brand?post=30329"},{"taxonomy":"product_cat","embeddable":true,"href":"https:\/\/topprixsarl.ch\/de\/wp-json\/wp\/v2\/product_cat?post=30329"},{"taxonomy":"product_tag","embeddable":true,"href":"https:\/\/topprixsarl.ch\/de\/wp-json\/wp\/v2\/product_tag?post=30329"}],"curies":[{"name":"wp","href":"https:\/\/api.w.org\/{rel}","templated":true}]}}