{"id":30323,"date":"2026-01-09T13:15:38","date_gmt":"2026-01-09T13:15:38","guid":{"rendered":"https:\/\/topprixsarl.ch\/product\/piles-energizer-lithium-cr2025-pile-bouton-paq-2-unites\/"},"modified":"2026-01-14T14:21:22","modified_gmt":"2026-01-14T14:21:22","slug":"piles-energizer-lithium-cr2025-pile-bouton-paq-2-unites","status":"publish","type":"product","link":"https:\/\/topprixsarl.ch\/de\/product\/piles-energizer-lithium-cr2025-pile-bouton-paq-2-unites\/","title":{"rendered":"Piles Energizer Lithium CR2025, pile bouton, paq. 2\u00a0unit\u00e9s"},"content":{"rendered":"<p>Une petite solution pour de grandes t\u00e2ches<\/p>\n<p>Chaque entreprise dispose de syst\u00e8mes de s\u00e9curit\u00e9, d&rsquo;alarmes incendie, d&rsquo;outils d&rsquo;acc\u00e8s sans cl\u00e9 et d&rsquo;autres dispositifs similaires. Ils vous font gagner du temps et rendent votre travail plus efficace. C&rsquo;est g\u00e9nial. <\/p>\n<p>Mais comment choisir une source d&rsquo;alimentation fiable pour vos appareils ? Sans prises, des piles appropri\u00e9es sont n\u00e9cessaires. Sinon, ils ne fonctionneront pas correctement, et les piles doivent \u00eatre r\u00e9guli\u00e8rement remplac\u00e9es. <\/p>\n<p>Ces piles Energizer sont parfaites pour un grand nombre d&rsquo;appareils de bureau. Universelles, elles peuvent \u00eatre utilis\u00e9es pour des montres, calculatrices, syst\u00e8mes d&rsquo;alarme, t\u00e9l\u00e9commandes ou pointeurs laser qui n\u00e9cessitent une pile CR2025. <\/p>\n<p>+ Technologie innovante et compos\u00e9s sp\u00e9cifiques augmentant leur dur\u00e9e de stockage jusqu&rsquo;\u00e0 8 ans. Ainsi, le pack n&rsquo;est jamais p\u00e9rim\u00e9. <\/p>\n<p>+ Piles fiables et durables. <\/p>\n<p>+ En sortie, elles produisent 3V d&rsquo;\u00e9nergie qui convient aux produits les plus exigeants. <\/p>\n<p>+ La pile \u00e0 bobine au lithium offre une s\u00e9curit\u00e9 suppl\u00e9mentaire. <\/p>\n<p>Oubliez le remplacement fr\u00e9quent des piles ! <\/p>\n<p>> Garantie 8 ans<\/p>","protected":false},"excerpt":{"rendered":"<p>Une petite solution pour de grandes t\u00e2ches Chaque entreprise dispose de syst\u00e8mes de s\u00e9curit\u00e9, d&rsquo;alarmes incendie, d&rsquo;outils d&rsquo;acc\u00e8s sans cl\u00e9 et d&rsquo;autres dispositifs similaires. Ils vous font gagner du temps et rendent votre travail plus efficace. C&rsquo;es<\/p>","protected":false},"featured_media":30322,"comment_status":"open","ping_status":"closed","template":"","meta":[],"product_brand":[],"product_cat":[142],"product_tag":[],"class_list":{"0":"post-30323","1":"product","2":"type-product","3":"status-publish","4":"has-post-thumbnail","6":"product_cat-entretien","8":"first","9":"instock","10":"shipping-taxable","11":"purchasable","12":"product-type-simple"},"_links":{"self":[{"href":"https:\/\/topprixsarl.ch\/de\/wp-json\/wp\/v2\/product\/30323","targetHints":{"allow":["GET"]}}],"collection":[{"href":"https:\/\/topprixsarl.ch\/de\/wp-json\/wp\/v2\/product"}],"about":[{"href":"https:\/\/topprixsarl.ch\/de\/wp-json\/wp\/v2\/types\/product"}],"replies":[{"embeddable":true,"href":"https:\/\/topprixsarl.ch\/de\/wp-json\/wp\/v2\/comments?post=30323"}],"version-history":[{"count":2,"href":"https:\/\/topprixsarl.ch\/de\/wp-json\/wp\/v2\/product\/30323\/revisions"}],"predecessor-version":[{"id":32483,"href":"https:\/\/topprixsarl.ch\/de\/wp-json\/wp\/v2\/product\/30323\/revisions\/32483"}],"wp:featuredmedia":[{"embeddable":true,"href":"https:\/\/topprixsarl.ch\/de\/wp-json\/wp\/v2\/media\/30322"}],"wp:attachment":[{"href":"https:\/\/topprixsarl.ch\/de\/wp-json\/wp\/v2\/media?parent=30323"}],"wp:term":[{"taxonomy":"product_brand","embeddable":true,"href":"https:\/\/topprixsarl.ch\/de\/wp-json\/wp\/v2\/product_brand?post=30323"},{"taxonomy":"product_cat","embeddable":true,"href":"https:\/\/topprixsarl.ch\/de\/wp-json\/wp\/v2\/product_cat?post=30323"},{"taxonomy":"product_tag","embeddable":true,"href":"https:\/\/topprixsarl.ch\/de\/wp-json\/wp\/v2\/product_tag?post=30323"}],"curies":[{"name":"wp","href":"https:\/\/api.w.org\/{rel}","templated":true}]}}