{"id":30299,"date":"2026-01-09T13:12:44","date_gmt":"2026-01-09T13:12:44","guid":{"rendered":"https:\/\/topprixsarl.ch\/product\/marque-pages-post-it-onglets-rigides-coloris-neon-3-x-22-feuilles\/"},"modified":"2026-01-14T14:21:24","modified_gmt":"2026-01-14T14:21:24","slug":"marque-pages-post-it-onglets-rigides-coloris-neon-3-x-22-feuilles","status":"publish","type":"product","link":"https:\/\/topprixsarl.ch\/de\/product\/marque-pages-post-it-onglets-rigides-coloris-neon-3-x-22-feuilles\/","title":{"rendered":"Marque-pages Post-it onglets rigides &#8211; coloris n\u00e9on &#8211; 3 x 22 feuilles"},"content":{"rendered":"<p>Une place pour chaque chose, chaque chose \u00e0 sa place \u2013 assurez-vous d&rsquo;avoir un aper\u00e7u rapide! <\/p>\n<p>Vous \u00eates-vous d\u00e9j\u00e0 retrouv\u00e9 dans une telle situation? Vous cherchez dans des livres et des dossiers une citation ou un sch\u00e9ma dont vous avez absolument besoin pour votre prochaine pr\u00e9sentation? \u00c0 l&rsquo;avenir, vous utiliserez le temps consacr\u00e9 \u00e0 la recherche de fa\u00e7on plus judicieuse. <\/p>\n<p>Les marque-pages de la marque Post-it, petits mais qu&rsquo;il est quasiment impossible de ne pas remarquer, permettent de mettre en \u00e9vidence les pages d&rsquo;un livre. Lorsque le travail est termin\u00e9, le pense-b\u00eate dispara\u00eet aussit\u00f4t sans laisser de trace. <\/p>\n<p>Gr\u00e2ce aux couleurs assorties, vous gagnez encore plus de temps en ayant une vue d&rsquo;ensemble parfaite. La forme rectangulaire rend les feuilles de papier particuli\u00e8rement polyvalentes. <\/p>\n<p>Gr\u00e2ce \u00e0 une bonne force adh\u00e9sive, les feuilles restent exactement \u00e0 l&rsquo;endroit o\u00f9 elles doivent \u00eatre. Le format du marque-pages est de 25,4 x 38,1 mm. <\/p>\n<p>Les notes de la marque Post-it vous donnent la possibilit\u00e9 de vous concentrer sur les choses vraiment importantes et de ne pas perdre de vue les informations essentielles. Faites donc en sorte de toujours avoir une vue d&rsquo;ensemble quand vous \u00eates au bureau!<\/p>\n<p>+ Format : 25,4 x 38,1 mm<\/p>\n<p>+ Adh\u00e9sif fort pour un maintien optimal<\/p>\n<p>+ Couleurs assorties pour une meilleure organisation<\/p>\n<p>+ Dispara\u00eet sans laisser de trace apr\u00e8s utilisation<\/p>\n<p>+ Polyvalent et id\u00e9al pour les livres et dossiers<\/p>\n<p>*Notes de bas de page : Les informations essentielles \u00e0 ne pas perdre de vue.<\/p>","protected":false},"excerpt":{"rendered":"<p>Une place pour chaque chose, chaque chose \u00e0 sa place \u2013 assurez-vous d&rsquo;avoir un aper\u00e7u rapide! Vous \u00eates-vous d\u00e9j\u00e0 retrouv\u00e9 dans une telle situation? Vous cherchez dans des livres et des dossiers une citation ou un sch\u00e9ma dont vous avez absolument bes<\/p>","protected":false},"featured_media":30298,"comment_status":"open","ping_status":"closed","template":"","meta":[],"product_brand":[],"product_cat":[137],"product_tag":[],"class_list":{"0":"post-30299","1":"product","2":"type-product","3":"status-publish","4":"has-post-thumbnail","6":"product_cat-article-offic","8":"first","9":"instock","10":"shipping-taxable","11":"purchasable","12":"product-type-simple"},"_links":{"self":[{"href":"https:\/\/topprixsarl.ch\/de\/wp-json\/wp\/v2\/product\/30299","targetHints":{"allow":["GET"]}}],"collection":[{"href":"https:\/\/topprixsarl.ch\/de\/wp-json\/wp\/v2\/product"}],"about":[{"href":"https:\/\/topprixsarl.ch\/de\/wp-json\/wp\/v2\/types\/product"}],"replies":[{"embeddable":true,"href":"https:\/\/topprixsarl.ch\/de\/wp-json\/wp\/v2\/comments?post=30299"}],"version-history":[{"count":2,"href":"https:\/\/topprixsarl.ch\/de\/wp-json\/wp\/v2\/product\/30299\/revisions"}],"predecessor-version":[{"id":32471,"href":"https:\/\/topprixsarl.ch\/de\/wp-json\/wp\/v2\/product\/30299\/revisions\/32471"}],"wp:featuredmedia":[{"embeddable":true,"href":"https:\/\/topprixsarl.ch\/de\/wp-json\/wp\/v2\/media\/30298"}],"wp:attachment":[{"href":"https:\/\/topprixsarl.ch\/de\/wp-json\/wp\/v2\/media?parent=30299"}],"wp:term":[{"taxonomy":"product_brand","embeddable":true,"href":"https:\/\/topprixsarl.ch\/de\/wp-json\/wp\/v2\/product_brand?post=30299"},{"taxonomy":"product_cat","embeddable":true,"href":"https:\/\/topprixsarl.ch\/de\/wp-json\/wp\/v2\/product_cat?post=30299"},{"taxonomy":"product_tag","embeddable":true,"href":"https:\/\/topprixsarl.ch\/de\/wp-json\/wp\/v2\/product_tag?post=30299"}],"curies":[{"name":"wp","href":"https:\/\/api.w.org\/{rel}","templated":true}]}}