{"id":30295,"date":"2026-01-09T13:12:15","date_gmt":"2026-01-09T13:12:15","guid":{"rendered":"https:\/\/topprixsarl.ch\/product\/papier-pour-photocopieur-new-future-multi-a5-80-g-m2-blanc-paq-500-feuilles\/"},"modified":"2026-01-14T14:21:24","modified_gmt":"2026-01-14T14:21:24","slug":"papier-pour-photocopieur-new-future-multi-a5-80-g-m2-blanc-paq-500-feuilles","status":"publish","type":"product","link":"https:\/\/topprixsarl.ch\/de\/product\/papier-pour-photocopieur-new-future-multi-a5-80-g-m2-blanc-paq-500-feuilles\/","title":{"rendered":"Papier pour photocopieur New Future Multi A5, 80 g\/m2, blanc, paq. 500\u00a0feuilles"},"content":{"rendered":"<p>Papier multifonctionnel<\/p>\n<p>+ Blancheur exceptionnelle<br \/>\n+ Opacit\u00e9 \u00e9lev\u00e9e<br \/>\n+ Bonne stabilit\u00e9  <\/p>\n<p>Compatible avec :<br \/>\n+ Imprimantes laser et jet d\u2019encre<br \/>\n+ Copies recto verso<br \/>\n+ T\u00e9l\u00e9copieurs<br \/>\n+ Pr\u00e9-impression  <\/p>\n<p>Certifications :<br \/>\n+ Certifi\u00e9 FSC<br \/>\n+ Ecolabel EU  <\/p>\n<p>Emballage :<br \/>\n+ 500 feuilles par emballage<br \/>\n+ Quantit\u00e9 par palette : 480 emballages  <\/p>\n<p>Preis pro Packung.<\/p>","protected":false},"excerpt":{"rendered":"<p>Papier multifonctionnel, blancheur exceptionnelle, opacit\u00e9 \u00e9lev\u00e9e et bonne stabilit\u00e9. Pour imprimantes laser et jet d\u2019encre, copies recto verso, t\u00e9l\u00e9copieurs et pr\u00e9-impression. Certifi\u00e9 FSC et Ecolabel EU. Emballage de 500 feuilles. Quantit\u00e9 p. palet<\/p>","protected":false},"featured_media":30294,"comment_status":"open","ping_status":"closed","template":"","meta":[],"product_brand":[],"product_cat":[137],"product_tag":[],"class_list":{"0":"post-30295","1":"product","2":"type-product","3":"status-publish","4":"has-post-thumbnail","6":"product_cat-article-offic","8":"first","9":"instock","10":"shipping-taxable","11":"purchasable","12":"product-type-simple"},"_links":{"self":[{"href":"https:\/\/topprixsarl.ch\/de\/wp-json\/wp\/v2\/product\/30295","targetHints":{"allow":["GET"]}}],"collection":[{"href":"https:\/\/topprixsarl.ch\/de\/wp-json\/wp\/v2\/product"}],"about":[{"href":"https:\/\/topprixsarl.ch\/de\/wp-json\/wp\/v2\/types\/product"}],"replies":[{"embeddable":true,"href":"https:\/\/topprixsarl.ch\/de\/wp-json\/wp\/v2\/comments?post=30295"}],"version-history":[{"count":2,"href":"https:\/\/topprixsarl.ch\/de\/wp-json\/wp\/v2\/product\/30295\/revisions"}],"predecessor-version":[{"id":32469,"href":"https:\/\/topprixsarl.ch\/de\/wp-json\/wp\/v2\/product\/30295\/revisions\/32469"}],"wp:featuredmedia":[{"embeddable":true,"href":"https:\/\/topprixsarl.ch\/de\/wp-json\/wp\/v2\/media\/30294"}],"wp:attachment":[{"href":"https:\/\/topprixsarl.ch\/de\/wp-json\/wp\/v2\/media?parent=30295"}],"wp:term":[{"taxonomy":"product_brand","embeddable":true,"href":"https:\/\/topprixsarl.ch\/de\/wp-json\/wp\/v2\/product_brand?post=30295"},{"taxonomy":"product_cat","embeddable":true,"href":"https:\/\/topprixsarl.ch\/de\/wp-json\/wp\/v2\/product_cat?post=30295"},{"taxonomy":"product_tag","embeddable":true,"href":"https:\/\/topprixsarl.ch\/de\/wp-json\/wp\/v2\/product_tag?post=30295"}],"curies":[{"name":"wp","href":"https:\/\/api.w.org\/{rel}","templated":true}]}}