{"id":30293,"date":"2026-01-09T13:11:51","date_gmt":"2026-01-09T13:11:51","guid":{"rendered":"https:\/\/topprixsarl.ch\/product\/rouleau-de-serviettes-tork-matic-premium-h1-290016-2-plis-blanc-pk-de-6pcs\/"},"modified":"2026-04-11T01:25:49","modified_gmt":"2026-04-11T01:25:49","slug":"rouleau-de-serviettes-tork-matic-premium-h1-290016-2-plis-blanc-pk-de-6pcs","status":"publish","type":"product","link":"https:\/\/topprixsarl.ch\/de\/product\/rouleau-de-serviettes-tork-matic-premium-h1-290016-2-plis-blanc-pk-de-6pcs\/","title":{"rendered":"Rouleau de serviettes Tork Matic Premium H1 290016, 2 plis, blanc, pk de 6pcs"},"content":{"rendered":"<p>**Tork Matic\u00ae Essuie-mains blancs \u00e0 feuilles bleues doux H1**<\/p>\n<p>Donnez un aspect haut de gamme \u00e0 vos sanitaires gr\u00e2ce \u00e0 la douceur et au design gaufr\u00e9 de nos essuie-mains en papier. Vos clients se s\u00e9cheront les mains efficacement et confortablement gr\u00e2ce \u00e0 leur r\u00e9sistance et \u00e0 la technologie QuickDry\u2122. <\/p>\n<p>Nos essuie-mains certifi\u00e9s \u00c9colabel europ\u00e9en limitent votre impact sur l&rsquo;environnement. Gr\u00e2ce au syst\u00e8me de distribution feuille \u00e0 feuille compatible, vous r\u00e9duirez aussi le gaspillage.<\/p>\n<p>**Les avantages en un coup d\u2019\u0153il :**<\/p>\n<p>+ Papier QuickDry\u2122 ultra-absorbant<br \/>\n+ R\u00e9sistants<br \/>\n+ Efficaces et doux pour les mains<br \/>\n+ Gaufrage d\u00e9coratif attrayant<br \/>\n+ Emballage Tork Easy Handling<br \/>\n+ Certifi\u00e9s FSC<br \/>\n+ \u00c9colabel europ\u00e9en pour un impact r\u00e9duit sur l&rsquo;environnement<br \/>\n+ Certifi\u00e9s pour le contact alimentaire s\u00fbr et \u00e0 court terme<\/p>","protected":false},"excerpt":{"rendered":"<p>Tork Matic\u00ae Essuie-mains blancs \u00e0 feuilles bleues doux H1 :Donnez un aspect haut de gamme \u00e0 vos sanitaires gr\u00e2ce la douceur et au design gaufr\u00e9 de nos essuie-mains en papier. Vos clients se s\u00e9cheront les mains efficacement et confortablement gr\u00e2ce \u00e0 <\/p>","protected":false},"featured_media":30292,"comment_status":"open","ping_status":"closed","template":"","meta":[],"product_brand":[],"product_cat":[143],"product_tag":[],"class_list":{"0":"post-30293","1":"product","2":"type-product","3":"status-publish","4":"has-post-thumbnail","6":"product_cat-nettoyage","8":"first","9":"instock","10":"shipping-taxable","11":"purchasable","12":"product-type-simple"},"_links":{"self":[{"href":"https:\/\/topprixsarl.ch\/de\/wp-json\/wp\/v2\/product\/30293","targetHints":{"allow":["GET"]}}],"collection":[{"href":"https:\/\/topprixsarl.ch\/de\/wp-json\/wp\/v2\/product"}],"about":[{"href":"https:\/\/topprixsarl.ch\/de\/wp-json\/wp\/v2\/types\/product"}],"replies":[{"embeddable":true,"href":"https:\/\/topprixsarl.ch\/de\/wp-json\/wp\/v2\/comments?post=30293"}],"version-history":[{"count":2,"href":"https:\/\/topprixsarl.ch\/de\/wp-json\/wp\/v2\/product\/30293\/revisions"}],"predecessor-version":[{"id":32467,"href":"https:\/\/topprixsarl.ch\/de\/wp-json\/wp\/v2\/product\/30293\/revisions\/32467"}],"wp:featuredmedia":[{"embeddable":true,"href":"https:\/\/topprixsarl.ch\/de\/wp-json\/wp\/v2\/media\/30292"}],"wp:attachment":[{"href":"https:\/\/topprixsarl.ch\/de\/wp-json\/wp\/v2\/media?parent=30293"}],"wp:term":[{"taxonomy":"product_brand","embeddable":true,"href":"https:\/\/topprixsarl.ch\/de\/wp-json\/wp\/v2\/product_brand?post=30293"},{"taxonomy":"product_cat","embeddable":true,"href":"https:\/\/topprixsarl.ch\/de\/wp-json\/wp\/v2\/product_cat?post=30293"},{"taxonomy":"product_tag","embeddable":true,"href":"https:\/\/topprixsarl.ch\/de\/wp-json\/wp\/v2\/product_tag?post=30293"}],"curies":[{"name":"wp","href":"https:\/\/api.w.org\/{rel}","templated":true}]}}