{"id":30291,"date":"2026-01-09T13:11:36","date_gmt":"2026-01-09T13:11:36","guid":{"rendered":"https:\/\/topprixsarl.ch\/product\/essuie-mains-plie-tork-h2-2-plis-m-extra-doux-blanc-21-paquets-x-100-feuilles\/"},"modified":"2026-04-11T01:25:18","modified_gmt":"2026-04-11T01:25:18","slug":"essuie-mains-plie-tork-h2-2-plis-m-extra-doux-blanc-21-paquets-x-100-feuilles","status":"publish","type":"product","link":"https:\/\/topprixsarl.ch\/de\/product\/essuie-mains-plie-tork-h2-2-plis-m-extra-doux-blanc-21-paquets-x-100-feuilles\/","title":{"rendered":"Essuie-mains pli\u00e9 Tork H2 &#8211; 2 plis M- extra doux-blanc-21 paquets x 100 feuilles"},"content":{"rendered":"<p>Des serviettes en papier de qualit\u00e9 pour distributeurs<\/p>\n<p>Les serviettes m\u00e9diocres sont utilis\u00e9es par dix, car elles ne permettent pas un s\u00e9chage efficace des mains et g\u00eanent les employ\u00e9s ou les visiteurs aux toilettes. Cela signifie que le paquet dure moins longtemps et que vous devrez vous r\u00e9approvisionner plus souvent. Aimeriez-vous \u00e9viter tout \u00e7a? Optez pour un produit de qualit\u00e9, par exemple, des serviettes en papier Premium Tork.<\/p>\n<p>Ce produit est con\u00e7u pour les distributeurs Tork H2. Cette combinaison permet d&rsquo;obtenir la plus grande efficacit\u00e9: gr\u00e2ce \u00e0 une conception double \u00e9paisseur et une excellente absorption, vous pouvez utiliser une seule serviette pour vous s\u00e9cher les mains, pas dix. En cons\u00e9quence, la consommation est consid\u00e9rablement r\u00e9duite et l&rsquo;argent est \u00e9conomis\u00e9.<\/p>\n<p>De plus, ces serviettes offrent un toucher ultra doux \u00e0 la peau. En prime, leur design soign\u00e9 avec une impression de feuilles est agr\u00e9able \u00e0 l&rsquo;\u0153il et fait allusion au respect de l&rsquo;environnement. <\/p>\n<p>+ Produit certifi\u00e9 FSC, ce qui confirme qu&rsquo;il est respectueux de l&rsquo;environnement et peut \u00eatre utilis\u00e9 sans crainte de nuire \u00e0 la nature.<\/p>\n<p>Rechargez vos distributeurs avec des serviettes douces et efficaces!<\/p>","protected":false},"excerpt":{"rendered":"<p>Des serviettes en papier de qualit\u00e9 pour distributeurs Les serviettes m\u00e9diocres sont utilis\u00e9es par dix, car elles ne permettent pas un s\u00e9chage efficace des mains et g\u00eanent les employ\u00e9s ou les visiteurs aux toilettes. Cela signifie que le paquet dure <\/p>","protected":false},"featured_media":30290,"comment_status":"open","ping_status":"closed","template":"","meta":[],"product_brand":[],"product_cat":[143],"product_tag":[],"class_list":{"0":"post-30291","1":"product","2":"type-product","3":"status-publish","4":"has-post-thumbnail","6":"product_cat-nettoyage","8":"first","9":"instock","10":"shipping-taxable","11":"purchasable","12":"product-type-simple"},"_links":{"self":[{"href":"https:\/\/topprixsarl.ch\/de\/wp-json\/wp\/v2\/product\/30291","targetHints":{"allow":["GET"]}}],"collection":[{"href":"https:\/\/topprixsarl.ch\/de\/wp-json\/wp\/v2\/product"}],"about":[{"href":"https:\/\/topprixsarl.ch\/de\/wp-json\/wp\/v2\/types\/product"}],"replies":[{"embeddable":true,"href":"https:\/\/topprixsarl.ch\/de\/wp-json\/wp\/v2\/comments?post=30291"}],"version-history":[{"count":2,"href":"https:\/\/topprixsarl.ch\/de\/wp-json\/wp\/v2\/product\/30291\/revisions"}],"predecessor-version":[{"id":32466,"href":"https:\/\/topprixsarl.ch\/de\/wp-json\/wp\/v2\/product\/30291\/revisions\/32466"}],"wp:featuredmedia":[{"embeddable":true,"href":"https:\/\/topprixsarl.ch\/de\/wp-json\/wp\/v2\/media\/30290"}],"wp:attachment":[{"href":"https:\/\/topprixsarl.ch\/de\/wp-json\/wp\/v2\/media?parent=30291"}],"wp:term":[{"taxonomy":"product_brand","embeddable":true,"href":"https:\/\/topprixsarl.ch\/de\/wp-json\/wp\/v2\/product_brand?post=30291"},{"taxonomy":"product_cat","embeddable":true,"href":"https:\/\/topprixsarl.ch\/de\/wp-json\/wp\/v2\/product_cat?post=30291"},{"taxonomy":"product_tag","embeddable":true,"href":"https:\/\/topprixsarl.ch\/de\/wp-json\/wp\/v2\/product_tag?post=30291"}],"curies":[{"name":"wp","href":"https:\/\/api.w.org\/{rel}","templated":true}]}}