{"id":30289,"date":"2026-01-09T13:11:22","date_gmt":"2026-01-09T13:11:22","guid":{"rendered":"https:\/\/topprixsarl.ch\/product\/papier-toilette-tork-advanced-mini-jumbo-pour-t2-2-plis-12-rouleaux\/"},"modified":"2026-04-11T13:43:21","modified_gmt":"2026-04-11T13:43:21","slug":"papier-toilette-tork-advanced-mini-jumbo-pour-t2-2-plis-12-rouleaux","status":"publish","type":"product","link":"https:\/\/topprixsarl.ch\/de\/product\/papier-toilette-tork-advanced-mini-jumbo-pour-t2-2-plis-12-rouleaux\/","title":{"rendered":"Papier toilette Tork Advanced Mini Jumbo pour T2 &#8211; 2 plis &#8211; 12 rouleaux"},"content":{"rendered":"<p>Faites en sorte que vos W.-C. deviennent une vraie zone de confort. <\/p>\n<p>Octroyez-vous d\u00e8s maintenant des temps de pause encore plus longs sans que cela se fasse au d\u00e9triment de votre bien-\u00eatre! <\/p>\n<p>Le papier toilette de la marque Tork nettoie efficacement et d\u00e9licatement, et permet de prolonger la sensation de bien-\u00eatre jusque dans les toilettes. Il saura ainsi r\u00e9pondre \u00e0 vos besoins, rouleau apr\u00e8s rouleau. <\/p>\n<p>+ Format des feuilles : 12 x 9.44 cm <\/p>\n<p>+ Couleur : blanc avec un gaufrage attrayant <\/p>\n<p>+ \u00c9paisseur : deux \u00e9paisseurs avec un fort pouvoir absorbant <\/p>\n<p>+ Adapt\u00e9 au syst\u00e8me T2 <\/p>\n<p>Pour que vos coll\u00e8gues se sentent \u00e0 l&rsquo;aise dans les toilettes, mettez-leur \u00e0 disposition le papier toilette Mini du fabricant Tork. <\/p>\n<p>Il est aussi discret que fiable et apporte une douce sensation de fra\u00eecheur et de propret\u00e9. <\/p>\n<p>+ Sensation de fra\u00eecheur : toute la journ\u00e9e! <\/p>\n<p>*Note : Les informations sur le produit peuvent \u00eatre sujettes \u00e0 des modifications.<\/p>","protected":false},"excerpt":{"rendered":"<p>Faites en sorte que vos W.-C. deviennent une vraie zone de confort Octroyez-vous d\u00e8s maintenant des temps de pause encore plus longs sans que cela se fasse au d\u00e9triment de votre bien-\u00eatre! Le papier toilette de la marque Tork nettoie efficacement et <\/p>","protected":false},"featured_media":30288,"comment_status":"open","ping_status":"closed","template":"","meta":[],"product_brand":[],"product_cat":[143],"product_tag":[],"class_list":{"0":"post-30289","1":"product","2":"type-product","3":"status-publish","4":"has-post-thumbnail","6":"product_cat-nettoyage","8":"first","9":"instock","10":"shipping-taxable","11":"purchasable","12":"product-type-simple"},"_links":{"self":[{"href":"https:\/\/topprixsarl.ch\/de\/wp-json\/wp\/v2\/product\/30289","targetHints":{"allow":["GET"]}}],"collection":[{"href":"https:\/\/topprixsarl.ch\/de\/wp-json\/wp\/v2\/product"}],"about":[{"href":"https:\/\/topprixsarl.ch\/de\/wp-json\/wp\/v2\/types\/product"}],"replies":[{"embeddable":true,"href":"https:\/\/topprixsarl.ch\/de\/wp-json\/wp\/v2\/comments?post=30289"}],"version-history":[{"count":2,"href":"https:\/\/topprixsarl.ch\/de\/wp-json\/wp\/v2\/product\/30289\/revisions"}],"predecessor-version":[{"id":32465,"href":"https:\/\/topprixsarl.ch\/de\/wp-json\/wp\/v2\/product\/30289\/revisions\/32465"}],"wp:featuredmedia":[{"embeddable":true,"href":"https:\/\/topprixsarl.ch\/de\/wp-json\/wp\/v2\/media\/30288"}],"wp:attachment":[{"href":"https:\/\/topprixsarl.ch\/de\/wp-json\/wp\/v2\/media?parent=30289"}],"wp:term":[{"taxonomy":"product_brand","embeddable":true,"href":"https:\/\/topprixsarl.ch\/de\/wp-json\/wp\/v2\/product_brand?post=30289"},{"taxonomy":"product_cat","embeddable":true,"href":"https:\/\/topprixsarl.ch\/de\/wp-json\/wp\/v2\/product_cat?post=30289"},{"taxonomy":"product_tag","embeddable":true,"href":"https:\/\/topprixsarl.ch\/de\/wp-json\/wp\/v2\/product_tag?post=30289"}],"curies":[{"name":"wp","href":"https:\/\/api.w.org\/{rel}","templated":true}]}}