{"id":30285,"date":"2026-01-09T13:10:51","date_gmt":"2026-01-09T13:10:51","guid":{"rendered":"https:\/\/topprixsarl.ch\/product\/papier-couleur-a4-clairefontaine-trophee-120-g-jaune-canari-250-feuilles\/"},"modified":"2026-01-14T14:21:24","modified_gmt":"2026-01-14T14:21:24","slug":"papier-couleur-a4-clairefontaine-trophee-120-g-jaune-canari-250-feuilles","status":"publish","type":"product","link":"https:\/\/topprixsarl.ch\/de\/product\/papier-couleur-a4-clairefontaine-trophee-120-g-jaune-canari-250-feuilles\/","title":{"rendered":"Papier couleur A4 Clairefontaine Troph\u00e9e &#8211; 120 g &#8211; jaune canari &#8211; 250 feuilles"},"content":{"rendered":"<p>Le papier A4 Clairefontaine est la solution id\u00e9ale pour imprimer vos documents en couleur. <\/p>\n<p>Vous souhaitez imprimer quelque chose qui attire imm\u00e9diatement l&rsquo;attention par son design color\u00e9 ? Avec le papier color\u00e9 de Clairefontaine, vous disposez d&rsquo;un papier d&rsquo;impression pr\u00eat \u00e0 relever de nombreux d\u00e9fis. <\/p>\n<p>La surface du papier assure une reproduction vive des couleurs avec des contours ultra nets. <\/p>\n<p>Avec son format A4 (21 x 29,7 cm), ce papier color\u00e9 est un standard dans tous les bureaux. <\/p>\n<p>La couleur jaune canari de ce papier offre une parfaite reproduction de vos impressions. <\/p>\n<p>Ce produit certifi\u00e9 FSC est \u00e9co-responsable. <\/p>\n<p>Commandez ce papier maintenant par ramette de 250 feuilles ! <\/p>\n<p>+ Format de feuille : A4<br \/>\n+ Couleur : jaune canari<br \/>\n+ Grammage : 120 g\/m\u00b2<br \/>\n+ Technologie d&rsquo;impression : imprimante jet d&rsquo;encre, imprimante laser et imprimante multi-usages<\/p>","protected":false},"excerpt":{"rendered":"<p>Le papier A4 Clairefontaine est la solution id\u00e9ale pour imprimer vos documents en couleur Vous souhaitez imprimer quelque chose qui attire imm\u00e9diatement l&rsquo;attention par son design color\u00e9 ? Avec le papier color\u00e9 de Clairefontaine, vous disposez d&rsquo;un p<\/p>","protected":false},"featured_media":30284,"comment_status":"open","ping_status":"closed","template":"","meta":[],"product_brand":[],"product_cat":[137],"product_tag":[],"class_list":{"0":"post-30285","1":"product","2":"type-product","3":"status-publish","4":"has-post-thumbnail","6":"product_cat-article-offic","8":"first","9":"instock","10":"shipping-taxable","11":"purchasable","12":"product-type-simple"},"_links":{"self":[{"href":"https:\/\/topprixsarl.ch\/de\/wp-json\/wp\/v2\/product\/30285","targetHints":{"allow":["GET"]}}],"collection":[{"href":"https:\/\/topprixsarl.ch\/de\/wp-json\/wp\/v2\/product"}],"about":[{"href":"https:\/\/topprixsarl.ch\/de\/wp-json\/wp\/v2\/types\/product"}],"replies":[{"embeddable":true,"href":"https:\/\/topprixsarl.ch\/de\/wp-json\/wp\/v2\/comments?post=30285"}],"version-history":[{"count":2,"href":"https:\/\/topprixsarl.ch\/de\/wp-json\/wp\/v2\/product\/30285\/revisions"}],"predecessor-version":[{"id":32463,"href":"https:\/\/topprixsarl.ch\/de\/wp-json\/wp\/v2\/product\/30285\/revisions\/32463"}],"wp:featuredmedia":[{"embeddable":true,"href":"https:\/\/topprixsarl.ch\/de\/wp-json\/wp\/v2\/media\/30284"}],"wp:attachment":[{"href":"https:\/\/topprixsarl.ch\/de\/wp-json\/wp\/v2\/media?parent=30285"}],"wp:term":[{"taxonomy":"product_brand","embeddable":true,"href":"https:\/\/topprixsarl.ch\/de\/wp-json\/wp\/v2\/product_brand?post=30285"},{"taxonomy":"product_cat","embeddable":true,"href":"https:\/\/topprixsarl.ch\/de\/wp-json\/wp\/v2\/product_cat?post=30285"},{"taxonomy":"product_tag","embeddable":true,"href":"https:\/\/topprixsarl.ch\/de\/wp-json\/wp\/v2\/product_tag?post=30285"}],"curies":[{"name":"wp","href":"https:\/\/api.w.org\/{rel}","templated":true}]}}