{"id":30283,"date":"2026-01-09T13:10:36","date_gmt":"2026-01-09T13:10:36","guid":{"rendered":"https:\/\/topprixsarl.ch\/product\/papier-dessuyage-tork-plus-combi-roll-pour-w1-w2-2-plis-blanc-2-bobines\/"},"modified":"2026-04-11T01:25:41","modified_gmt":"2026-04-11T01:25:41","slug":"papier-dessuyage-tork-plus-combi-roll-pour-w1-w2-2-plis-blanc-2-bobines","status":"publish","type":"product","link":"https:\/\/topprixsarl.ch\/de\/product\/papier-dessuyage-tork-plus-combi-roll-pour-w1-w2-2-plis-blanc-2-bobines\/","title":{"rendered":"Papier d&rsquo;essuyage Tork Plus Combi Roll pour W1\/W2 &#8211; 2 plis &#8211; blanc &#8211; 2 bobines"},"content":{"rendered":"<p>Des essuie-tout efficaces et doux pour vos mains. <\/p>\n<p>Il est int\u00e9ressant de voir \u00e0 quelle fr\u00e9quence vous devez essuyer des surfaces en m\u00e9tal ou en verre, etc. Le papier de mauvaise qualit\u00e9 rend la t\u00e2che incroyablement difficile. Il se d\u00e9chire, n&rsquo;\u00e9limine pas la salet\u00e9 et laisse des taches. Un nettoyage simple demande donc plus de temps et d\u2019efforts. <\/p>\n<p>Mais ce probl\u00e8me peut \u00eatre r\u00e9solu en choisissant le bon produit, par exemple, le papier essuie-tout de Tork. <\/p>\n<p>+ Plus r\u00e9sistant et plus absorbant, gr\u00e2ce \u00e0 sa conception QuickDry, c\u2019est le meilleur pour nettoyer rapidement et efficacement. <\/p>\n<p>+ La grande taille du rouleau vous permet de vous essuyer sur de grandes surfaces et de s\u00e9cher les mains avec une seule serviette. <\/p>\n<p>+ Avec un paquet de deux rouleaux de 255 m\u00e8tres, ils dureront longtemps. <\/p>\n<p>De plus, une efficacit\u00e9 maximale est obtenue avec des distributeurs tels que le Tork Floor Stand Dispenser. <\/p>\n<p>+ Cela rend l&rsquo;utilisation du rouleau plus pratique, gr\u00e2ce aux fonctions d&rsquo;arrachage et de chargement facile, mais vous permet \u00e9galement de placer le rouleau \u00e0 l&rsquo;endroit n\u00e9cessaire. <\/p>\n<p>Il est important de noter que le produit est certifi\u00e9 FSC afin que vous puissiez \u00eatre assur\u00e9 qu&rsquo;il n&rsquo;endommagera pas l&rsquo;environnement. <\/p>\n<p>Effacez rapidement les salet\u00e9s avec du papier haute performance!<\/p>","protected":false},"excerpt":{"rendered":"<p>Des essuie-tout efficaces et doux pour vos mains Il est int\u00e9ressant de voir \u00e0 quelle fr\u00e9quence vous devez essuyer des surfaces en m\u00e9tal ou en verre, etc. Le papier de mauvaise qualit\u00e9 rend la t\u00e2che incroyablement difficile. Il se d\u00e9chire, n&rsquo;\u00e9limine p<\/p>","protected":false},"featured_media":30282,"comment_status":"open","ping_status":"closed","template":"","meta":[],"product_brand":[],"product_cat":[143],"product_tag":[],"class_list":{"0":"post-30283","1":"product","2":"type-product","3":"status-publish","4":"has-post-thumbnail","6":"product_cat-nettoyage","8":"first","9":"instock","10":"shipping-taxable","11":"purchasable","12":"product-type-simple"},"_links":{"self":[{"href":"https:\/\/topprixsarl.ch\/de\/wp-json\/wp\/v2\/product\/30283","targetHints":{"allow":["GET"]}}],"collection":[{"href":"https:\/\/topprixsarl.ch\/de\/wp-json\/wp\/v2\/product"}],"about":[{"href":"https:\/\/topprixsarl.ch\/de\/wp-json\/wp\/v2\/types\/product"}],"replies":[{"embeddable":true,"href":"https:\/\/topprixsarl.ch\/de\/wp-json\/wp\/v2\/comments?post=30283"}],"version-history":[{"count":2,"href":"https:\/\/topprixsarl.ch\/de\/wp-json\/wp\/v2\/product\/30283\/revisions"}],"predecessor-version":[{"id":32462,"href":"https:\/\/topprixsarl.ch\/de\/wp-json\/wp\/v2\/product\/30283\/revisions\/32462"}],"wp:featuredmedia":[{"embeddable":true,"href":"https:\/\/topprixsarl.ch\/de\/wp-json\/wp\/v2\/media\/30282"}],"wp:attachment":[{"href":"https:\/\/topprixsarl.ch\/de\/wp-json\/wp\/v2\/media?parent=30283"}],"wp:term":[{"taxonomy":"product_brand","embeddable":true,"href":"https:\/\/topprixsarl.ch\/de\/wp-json\/wp\/v2\/product_brand?post=30283"},{"taxonomy":"product_cat","embeddable":true,"href":"https:\/\/topprixsarl.ch\/de\/wp-json\/wp\/v2\/product_cat?post=30283"},{"taxonomy":"product_tag","embeddable":true,"href":"https:\/\/topprixsarl.ch\/de\/wp-json\/wp\/v2\/product_tag?post=30283"}],"curies":[{"name":"wp","href":"https:\/\/api.w.org\/{rel}","templated":true}]}}