{"id":30279,"date":"2026-01-09T13:10:06","date_gmt":"2026-01-09T13:10:06","guid":{"rendered":"https:\/\/topprixsarl.ch\/product\/papier-a-copier-multicopy-a4-90-g-m2-blanc-paquet-de-500-feuilles\/"},"modified":"2026-01-14T14:21:25","modified_gmt":"2026-01-14T14:21:25","slug":"papier-a-copier-multicopy-a4-90-g-m2-blanc-paquet-de-500-feuilles","status":"publish","type":"product","link":"https:\/\/topprixsarl.ch\/de\/product\/papier-a-copier-multicopy-a4-90-g-m2-blanc-paquet-de-500-feuilles\/","title":{"rendered":"Papier \u00e0 copier Multicopy A4, 90 g\/m2, blanc, paquet de 500 feuilles"},"content":{"rendered":"<p>Le papier \u00e0 copier pour toutes les occasions<\/p>\n<p>Un bureau sans papier? En th\u00e9orie, cela est imaginable, mais en pratique, un tel sc\u00e9nario est rarement r\u00e9alis\u00e9. M\u00eame si le vent a tourn\u00e9 ces derni\u00e8res ann\u00e9es, il y a encore des occasions o\u00f9 il est essentiel de faire des impressions de premi\u00e8re qualit\u00e9.<\/p>\n<p>Avec le papier \u00e0 copier de la marque Multicopy, vous avez \u00e0 port\u00e9e de main un papier qui offre des contrastes id\u00e9aux et des couleurs \u00e9clatantes. Sans traces, ni stries, ni encre qui coule.<\/p>\n<p>Les feuilles sont au format A4. Vu que le produit est disponible en blanc, vous pouvez donc donner des ailes \u00e0 votre cr\u00e9ativit\u00e9. En raison du degr\u00e9 de blancheur (entre le blanc et le blanc pur), il s&rsquo;agit d&rsquo;un papier universel brillant d&rsquo;un indice de 168 CIE.<\/p>\n<p>+ Grammage de 90g\/m\u00b2, les feuilles sont adapt\u00e9es \u00e0 une large gamme d&rsquo;applications.<br \/>\n+ Papier standard permettant une utilisation flexible dans la vie quotidienne au bureau.  <\/p>\n<p>Ce papier \u00e0 copier est tout \u00e0 fait convaincant. Avec le papier de la marque Multicopy, vous \u00eates parfaitement \u00e9quip\u00e9 pour transposer sur la feuille de papier une qualit\u00e9 de tout premier ordre. <\/p>\n<p>+ Finition de ce produit telle que vous ne voudrez pas vous en passer: il deviendra ainsi un \u00ab\u00a0coll\u00e8gue\u00a0\u00bb de bureau fiable.  <\/p>\n<p>Commandez d\u00e8s maintenant la meilleure qualit\u00e9!<\/p>","protected":false},"excerpt":{"rendered":"<p>Le papier \u00e0 copier pour toutes les occasions Un bureau sans papier? En th\u00e9orie, cela est imaginable, mais en pratique, un tel sc\u00e9nario est rarement r\u00e9alis\u00e9. M\u00eame si le vent a tourn\u00e9 ces derni\u00e8res ann\u00e9es, il y a encore des occasions o\u00f9 il est essentie<\/p>","protected":false},"featured_media":30278,"comment_status":"open","ping_status":"closed","template":"","meta":[],"product_brand":[],"product_cat":[137],"product_tag":[],"class_list":{"0":"post-30279","1":"product","2":"type-product","3":"status-publish","4":"has-post-thumbnail","6":"product_cat-article-offic","8":"first","9":"instock","10":"shipping-taxable","11":"purchasable","12":"product-type-simple"},"_links":{"self":[{"href":"https:\/\/topprixsarl.ch\/de\/wp-json\/wp\/v2\/product\/30279","targetHints":{"allow":["GET"]}}],"collection":[{"href":"https:\/\/topprixsarl.ch\/de\/wp-json\/wp\/v2\/product"}],"about":[{"href":"https:\/\/topprixsarl.ch\/de\/wp-json\/wp\/v2\/types\/product"}],"replies":[{"embeddable":true,"href":"https:\/\/topprixsarl.ch\/de\/wp-json\/wp\/v2\/comments?post=30279"}],"version-history":[{"count":2,"href":"https:\/\/topprixsarl.ch\/de\/wp-json\/wp\/v2\/product\/30279\/revisions"}],"predecessor-version":[{"id":32460,"href":"https:\/\/topprixsarl.ch\/de\/wp-json\/wp\/v2\/product\/30279\/revisions\/32460"}],"wp:featuredmedia":[{"embeddable":true,"href":"https:\/\/topprixsarl.ch\/de\/wp-json\/wp\/v2\/media\/30278"}],"wp:attachment":[{"href":"https:\/\/topprixsarl.ch\/de\/wp-json\/wp\/v2\/media?parent=30279"}],"wp:term":[{"taxonomy":"product_brand","embeddable":true,"href":"https:\/\/topprixsarl.ch\/de\/wp-json\/wp\/v2\/product_brand?post=30279"},{"taxonomy":"product_cat","embeddable":true,"href":"https:\/\/topprixsarl.ch\/de\/wp-json\/wp\/v2\/product_cat?post=30279"},{"taxonomy":"product_tag","embeddable":true,"href":"https:\/\/topprixsarl.ch\/de\/wp-json\/wp\/v2\/product_tag?post=30279"}],"curies":[{"name":"wp","href":"https:\/\/api.w.org\/{rel}","templated":true}]}}