{"id":30277,"date":"2026-01-09T13:09:51","date_gmt":"2026-01-09T13:09:51","guid":{"rendered":"https:\/\/topprixsarl.ch\/product\/marqueur-staedtler-lumocolor-marker-351-effacable-pointe-ogive-large-bleu\/"},"modified":"2026-04-24T09:07:53","modified_gmt":"2026-04-24T09:07:53","slug":"marqueur-staedtler-lumocolor-marker-351-effacable-pointe-ogive-large-bleu","status":"publish","type":"product","link":"https:\/\/topprixsarl.ch\/de\/product\/marqueur-staedtler-lumocolor-marker-351-effacable-pointe-ogive-large-bleu\/","title":{"rendered":"Marqueur Staedtler Lumocolor Marker 351 &#8211; effa\u00e7able &#8211; pointe ogive large &#8211; bleu"},"content":{"rendered":"<p>Pour des milliers d&rsquo;utilisations sur votre tableau blanc, combien de fois pouvez-vous \u00e9crire avec votre marqueur sur votre tableau blanc avant qu&rsquo;il ne soit sale ou tach\u00e9? Tr\u00e8s souvent, mais un mauvais marqueur peut l&rsquo;abimer. <\/p>\n<p>Le marqueur 351 de Staedler permet d&rsquo;\u00e9crire et d&rsquo;effacer autant de fois que vous le souhaitez. <\/p>\n<p>+ Encre lumineuse : Avec son encre, il \u00e9crit de fa\u00e7on tr\u00e8s lumineuse pour que chaque trait soit bien visible et attire la vue de tous. <\/p>\n<p>+ S\u00e9chage rapide : Il s\u00e8che imm\u00e9diatement pour que m\u00eame les gauchers \u00e9crivent en toute confiance sans effacer les mots. <\/p>\n<p>+ Inodore : De plus, il est inodore et, m\u00eame si vous devez \u00e9crire pendant toute votre pr\u00e9sentation, vous ne tomberez pas malade \u00e0 cause des produits chimiques. <\/p>\n<p>+ Effa\u00e7abilit\u00e9 : Et ce qui est le plus important, le marqueur Staedler 351 est facile \u00e0 effacer sans aucun r\u00e9sidu, de sorte que votre tableau blanc restera blanc pendant de nombreuses ann\u00e9es et vous pourrez l&rsquo;utiliser pour d&rsquo;autres pr\u00e9sentations. <\/p>\n<p>+ Polyvalent : De plus, il peut \u00e9galement \u00eatre facilement enlev\u00e9 d&rsquo;autres surfaces lisses comme le verre ou la porcelaine. <\/p>\n<p>+ Longue dur\u00e9e : Une autre particularit\u00e9 de ce marqueur est qu&rsquo;il ne se dess\u00e8che pas m\u00eame s&rsquo;il n&rsquo;est pas referm\u00e9 pendant plusieurs jours. M\u00eame si vous l&rsquo;avez laiss\u00e9 ouvert accidentellement, le lendemain, il \u00e9crit tout aussi bien. <\/p>\n<p>Rendez vos pr\u00e9sentations color\u00e9es chaque jour pendant de nombreuses ann\u00e9es!<\/p>","protected":false},"excerpt":{"rendered":"<p>Pour des milliers d&rsquo;utilisations sur votre tableau blanc Combien de fois pouvez-vous \u00e9crire avec votre marqueur sur votre tableau blanc avant qu&rsquo;il ne soit sale ou tach\u00e9? Tr\u00e8s souvent, mais un mauvais marqueur peut l&rsquo;abimer.Le marqueur 351 de Staedle<\/p>","protected":false},"featured_media":30276,"comment_status":"open","ping_status":"closed","template":"","meta":[],"product_brand":[],"product_cat":[137],"product_tag":[],"class_list":{"0":"post-30277","1":"product","2":"type-product","3":"status-publish","4":"has-post-thumbnail","6":"product_cat-article-offic","8":"first","9":"instock","10":"shipping-taxable","11":"purchasable","12":"product-type-simple"},"_links":{"self":[{"href":"https:\/\/topprixsarl.ch\/de\/wp-json\/wp\/v2\/product\/30277","targetHints":{"allow":["GET"]}}],"collection":[{"href":"https:\/\/topprixsarl.ch\/de\/wp-json\/wp\/v2\/product"}],"about":[{"href":"https:\/\/topprixsarl.ch\/de\/wp-json\/wp\/v2\/types\/product"}],"replies":[{"embeddable":true,"href":"https:\/\/topprixsarl.ch\/de\/wp-json\/wp\/v2\/comments?post=30277"}],"version-history":[{"count":2,"href":"https:\/\/topprixsarl.ch\/de\/wp-json\/wp\/v2\/product\/30277\/revisions"}],"predecessor-version":[{"id":32459,"href":"https:\/\/topprixsarl.ch\/de\/wp-json\/wp\/v2\/product\/30277\/revisions\/32459"}],"wp:featuredmedia":[{"embeddable":true,"href":"https:\/\/topprixsarl.ch\/de\/wp-json\/wp\/v2\/media\/30276"}],"wp:attachment":[{"href":"https:\/\/topprixsarl.ch\/de\/wp-json\/wp\/v2\/media?parent=30277"}],"wp:term":[{"taxonomy":"product_brand","embeddable":true,"href":"https:\/\/topprixsarl.ch\/de\/wp-json\/wp\/v2\/product_brand?post=30277"},{"taxonomy":"product_cat","embeddable":true,"href":"https:\/\/topprixsarl.ch\/de\/wp-json\/wp\/v2\/product_cat?post=30277"},{"taxonomy":"product_tag","embeddable":true,"href":"https:\/\/topprixsarl.ch\/de\/wp-json\/wp\/v2\/product_tag?post=30277"}],"curies":[{"name":"wp","href":"https:\/\/api.w.org\/{rel}","templated":true}]}}