{"id":30275,"date":"2026-01-09T13:09:36","date_gmt":"2026-01-09T13:09:36","guid":{"rendered":"https:\/\/topprixsarl.ch\/product\/marqueur-staedtler-lumocolor-marker-351-effacable-pointe-ogive-large-noir\/"},"modified":"2026-01-14T14:21:25","modified_gmt":"2026-01-14T14:21:25","slug":"marqueur-staedtler-lumocolor-marker-351-effacable-pointe-ogive-large-noir","status":"publish","type":"product","link":"https:\/\/topprixsarl.ch\/de\/product\/marqueur-staedtler-lumocolor-marker-351-effacable-pointe-ogive-large-noir\/","title":{"rendered":"Marqueur Staedtler Lumocolor Marker 351 &#8211; effa\u00e7able &#8211; pointe ogive large &#8211; noir"},"content":{"rendered":"<p>La classe de A \u00e0 Z <\/p>\n<p>Avec le marqueur pour tableaux de la marque Staedtler, vous pouvez facilement illustrer vos propres pens\u00e9es lors de r\u00e9unions ou conf\u00e9rences. Gr\u00e2ce \u00e0 lui, votre \u00e9criture est surlign\u00e9e avec des couleurs vives et intenses. <\/p>\n<p>+ Design bien pens\u00e9 pour une utilisation facile <\/p>\n<p>+ Pointe ogive, un classique polyvalent <\/p>\n<p>La couleur noire est sobre et classique. L&rsquo;article est \u00e9galement facile \u00e0 recharger, ce qui le rend particuli\u00e8rement respectueux de l&rsquo;environnement. <\/p>\n<p>+ Polyvalent : utilisable sur un grand nombre de surfaces telles que le tableau blanc, le verre et la porcelaine <\/p>\n<p>Utilisez toujours cet ustensile lorsqu&rsquo;il faut faire preuve de vari\u00e9t\u00e9. Car le marqueur pour tableaux de la marque Staedtler est fait pour la perfection. <\/p>\n<p>+ R\u00e9sultat facilement visible avec une longue dur\u00e9e de vie <\/p>\n<p>En outre, son design est tel qu&rsquo;il peut \u00e9galement \u00eatre utilis\u00e9 pour diff\u00e9rentes t\u00e2ches. <\/p>\n<p>+ Des lignes expressives en s\u00e9rie : achetez cet outil d\u00e8s aujourd&rsquo;hui!<\/p>","protected":false},"excerpt":{"rendered":"<p>La classe de A \u00e0 Z Avec le marqueur pour tableaux de la marque Staedtler, vous pouvez facilement illustrer vos propres pens\u00e9es lors de r\u00e9unions ou conf\u00e9rences. Gr\u00e2ce \u00e0 lui, votre \u00e9criture est surlign\u00e9e avec des couleurs vives et intenses. De plus, so<\/p>","protected":false},"featured_media":30274,"comment_status":"open","ping_status":"closed","template":"","meta":[],"product_brand":[],"product_cat":[137],"product_tag":[],"class_list":{"0":"post-30275","1":"product","2":"type-product","3":"status-publish","4":"has-post-thumbnail","6":"product_cat-article-offic","8":"first","9":"instock","10":"shipping-taxable","11":"purchasable","12":"product-type-simple"},"_links":{"self":[{"href":"https:\/\/topprixsarl.ch\/de\/wp-json\/wp\/v2\/product\/30275","targetHints":{"allow":["GET"]}}],"collection":[{"href":"https:\/\/topprixsarl.ch\/de\/wp-json\/wp\/v2\/product"}],"about":[{"href":"https:\/\/topprixsarl.ch\/de\/wp-json\/wp\/v2\/types\/product"}],"replies":[{"embeddable":true,"href":"https:\/\/topprixsarl.ch\/de\/wp-json\/wp\/v2\/comments?post=30275"}],"version-history":[{"count":2,"href":"https:\/\/topprixsarl.ch\/de\/wp-json\/wp\/v2\/product\/30275\/revisions"}],"predecessor-version":[{"id":32458,"href":"https:\/\/topprixsarl.ch\/de\/wp-json\/wp\/v2\/product\/30275\/revisions\/32458"}],"wp:featuredmedia":[{"embeddable":true,"href":"https:\/\/topprixsarl.ch\/de\/wp-json\/wp\/v2\/media\/30274"}],"wp:attachment":[{"href":"https:\/\/topprixsarl.ch\/de\/wp-json\/wp\/v2\/media?parent=30275"}],"wp:term":[{"taxonomy":"product_brand","embeddable":true,"href":"https:\/\/topprixsarl.ch\/de\/wp-json\/wp\/v2\/product_brand?post=30275"},{"taxonomy":"product_cat","embeddable":true,"href":"https:\/\/topprixsarl.ch\/de\/wp-json\/wp\/v2\/product_cat?post=30275"},{"taxonomy":"product_tag","embeddable":true,"href":"https:\/\/topprixsarl.ch\/de\/wp-json\/wp\/v2\/product_tag?post=30275"}],"curies":[{"name":"wp","href":"https:\/\/api.w.org\/{rel}","templated":true}]}}