{"id":30265,"date":"2026-01-09T13:08:20","date_gmt":"2026-01-09T13:08:20","guid":{"rendered":"https:\/\/topprixsarl.ch\/product\/feutre-universel-stabilo-841-s-encre-permanente-0-4-mm-noir\/"},"modified":"2026-01-14T14:21:25","modified_gmt":"2026-01-14T14:21:25","slug":"feutre-universel-stabilo-841-s-encre-permanente-0-4-mm-noir","status":"publish","type":"product","link":"https:\/\/topprixsarl.ch\/de\/product\/feutre-universel-stabilo-841-s-encre-permanente-0-4-mm-noir\/","title":{"rendered":"Feutre universel Stabilo 841 S, encre permanente, 0.4 mm, noir"},"content":{"rendered":"<p>Meilleure \u00e9criture sur n&rsquo;importe quelle surface<\/p>\n<p>Parmi les probl\u00e8mes courants avec les marqueurs, il y a les pointes cass\u00e9es ou d\u00e9form\u00e9es, ainsi que l&rsquo;encre s\u00e8che. Les marqueurs permanents OHPen 841 S de Stabilo ne pr\u00e9sentent pas ce genre d\u2019obstacles. <\/p>\n<p>Le marqueur Stabilo OHPen 841 S est un produit de haute qualit\u00e9 pour un usage \u00e0 long terme. <\/p>\n<p>+ Pointe renforc\u00e9e qui r\u00e9siste \u00e0 la pression sans se casser<br \/>\n+ Protection de l&rsquo;encre contre le dess\u00e8chement<br \/>\n+ Tr\u00e8s fin, id\u00e9al pour \u00e9crire de petits textes<br \/>\n+ Zone en caoutchouc sur l&rsquo;outil d&rsquo;\u00e9criture pour \u00e9viter la fatigue de la main  <\/p>\n<p>\u00c9crivez avec une pointe fine sur n&rsquo;importe quelle surface!<\/p>","protected":false},"excerpt":{"rendered":"<p>Meilleure \u00e9criture sur n&rsquo;importe quelle surface Parmi les probl\u00e8mes courants avec les marqueurs, il y a les pointes cass\u00e9es ou d\u00e9form\u00e9es, ainsi que l&rsquo;encre s\u00e8che. Les marqueurs permanents OHPen 841 S de Stabilo ne pr\u00e9sentent pas ce genre d\u2019obstacles.<\/p>","protected":false},"featured_media":30264,"comment_status":"open","ping_status":"closed","template":"","meta":[],"product_brand":[],"product_cat":[137],"product_tag":[],"class_list":{"0":"post-30265","1":"product","2":"type-product","3":"status-publish","4":"has-post-thumbnail","6":"product_cat-papier","8":"first","9":"instock","10":"shipping-taxable","11":"purchasable","12":"product-type-simple"},"_links":{"self":[{"href":"https:\/\/topprixsarl.ch\/de\/wp-json\/wp\/v2\/product\/30265","targetHints":{"allow":["GET"]}}],"collection":[{"href":"https:\/\/topprixsarl.ch\/de\/wp-json\/wp\/v2\/product"}],"about":[{"href":"https:\/\/topprixsarl.ch\/de\/wp-json\/wp\/v2\/types\/product"}],"replies":[{"embeddable":true,"href":"https:\/\/topprixsarl.ch\/de\/wp-json\/wp\/v2\/comments?post=30265"}],"version-history":[{"count":2,"href":"https:\/\/topprixsarl.ch\/de\/wp-json\/wp\/v2\/product\/30265\/revisions"}],"predecessor-version":[{"id":32453,"href":"https:\/\/topprixsarl.ch\/de\/wp-json\/wp\/v2\/product\/30265\/revisions\/32453"}],"wp:featuredmedia":[{"embeddable":true,"href":"https:\/\/topprixsarl.ch\/de\/wp-json\/wp\/v2\/media\/30264"}],"wp:attachment":[{"href":"https:\/\/topprixsarl.ch\/de\/wp-json\/wp\/v2\/media?parent=30265"}],"wp:term":[{"taxonomy":"product_brand","embeddable":true,"href":"https:\/\/topprixsarl.ch\/de\/wp-json\/wp\/v2\/product_brand?post=30265"},{"taxonomy":"product_cat","embeddable":true,"href":"https:\/\/topprixsarl.ch\/de\/wp-json\/wp\/v2\/product_cat?post=30265"},{"taxonomy":"product_tag","embeddable":true,"href":"https:\/\/topprixsarl.ch\/de\/wp-json\/wp\/v2\/product_tag?post=30265"}],"curies":[{"name":"wp","href":"https:\/\/api.w.org\/{rel}","templated":true}]}}