{"id":30253,"date":"2026-01-09T13:06:56","date_gmt":"2026-01-09T13:06:56","guid":{"rendered":"https:\/\/topprixsarl.ch\/product\/porte-nom-de-table-durable-8051-52-x-100-mm-en-plastique-transp-25-unit\/"},"modified":"2026-01-14T14:21:26","modified_gmt":"2026-01-14T14:21:26","slug":"porte-nom-de-table-durable-8051-52-x-100-mm-en-plastique-transp-25-unit","status":"publish","type":"product","link":"https:\/\/topprixsarl.ch\/de\/product\/porte-nom-de-table-durable-8051-52-x-100-mm-en-plastique-transp-25-unit\/","title":{"rendered":"Tisch-Namensschild Durable 8051, 52 x 100 mm, aus Kunststoff, transp., 25 Unit."},"content":{"rendered":"<p>Discret &#8211; et pourtant si important<\/p>\n<p>Cette situation vous est probablement famili\u00e8re : vous participez \u00e0 un stage avec des personnes que vous n&rsquo;avez jamais rencontr\u00e9es auparavant. Il peut rapidement arriver que vous ne connaissiez pas tous les noms par c\u0153ur apr\u00e8s le tour de pr\u00e9sentation. Ensuite, il devient plus difficile de demander le nom au fur et \u00e0 mesure que le temps passe. <\/p>\n<p>Durable a la solution id\u00e9ale pour cela et \u00e0 d&rsquo;autres fins, comme lors d&rsquo;une r\u00e9ception, avec le porte-nom de table. <\/p>\n<p>+ Avec ce badge de table g\u00e9n\u00e9ralement tr\u00e8s simple et discret, vous pouvez facilement afficher votre nom ou celui des participants au stage. <\/p>\n<p>+ Comme ce porte-nom de table est en plastique, il est tr\u00e8s discret par rapport aux informations affich\u00e9es. <\/p>\n<p>+ Le plastique contribue \u00e9galement \u00e0 rendre ce panneau robuste et durable. <\/p>\n<p>Parmi les autres utilisations possibles, citons une fl\u00e8che indiquant le comptoir ouvert le plus proche, ou l&rsquo;affichage de ce qui est interdit dans une zone (par exemple, fumer, manger). <\/p>\n<p>+ Simplifiez la communication par des moyens simples!*<\/p>","protected":false},"excerpt":{"rendered":"<p>Discret &#8211; et pourtant si important Cette situation vous est probablement famili\u00e8re: vous participez \u00e0 un stage avec des personnes que vous n&rsquo;avez jamais rencontr\u00e9es auparavant. Il peut rapidement arriver que vous ne connaissiez pas tous les noms par <\/p>","protected":false},"featured_media":30252,"comment_status":"open","ping_status":"closed","template":"","meta":[],"product_brand":[],"product_cat":[142],"product_tag":[],"class_list":{"0":"post-30253","1":"product","2":"type-product","3":"status-publish","4":"has-post-thumbnail","6":"product_cat-entretien","8":"first","9":"instock","10":"shipping-taxable","11":"purchasable","12":"product-type-simple"},"_links":{"self":[{"href":"https:\/\/topprixsarl.ch\/de\/wp-json\/wp\/v2\/product\/30253","targetHints":{"allow":["GET"]}}],"collection":[{"href":"https:\/\/topprixsarl.ch\/de\/wp-json\/wp\/v2\/product"}],"about":[{"href":"https:\/\/topprixsarl.ch\/de\/wp-json\/wp\/v2\/types\/product"}],"replies":[{"embeddable":true,"href":"https:\/\/topprixsarl.ch\/de\/wp-json\/wp\/v2\/comments?post=30253"}],"version-history":[{"count":2,"href":"https:\/\/topprixsarl.ch\/de\/wp-json\/wp\/v2\/product\/30253\/revisions"}],"predecessor-version":[{"id":32447,"href":"https:\/\/topprixsarl.ch\/de\/wp-json\/wp\/v2\/product\/30253\/revisions\/32447"}],"wp:featuredmedia":[{"embeddable":true,"href":"https:\/\/topprixsarl.ch\/de\/wp-json\/wp\/v2\/media\/30252"}],"wp:attachment":[{"href":"https:\/\/topprixsarl.ch\/de\/wp-json\/wp\/v2\/media?parent=30253"}],"wp:term":[{"taxonomy":"product_brand","embeddable":true,"href":"https:\/\/topprixsarl.ch\/de\/wp-json\/wp\/v2\/product_brand?post=30253"},{"taxonomy":"product_cat","embeddable":true,"href":"https:\/\/topprixsarl.ch\/de\/wp-json\/wp\/v2\/product_cat?post=30253"},{"taxonomy":"product_tag","embeddable":true,"href":"https:\/\/topprixsarl.ch\/de\/wp-json\/wp\/v2\/product_tag?post=30253"}],"curies":[{"name":"wp","href":"https:\/\/api.w.org\/{rel}","templated":true}]}}