{"id":30247,"date":"2026-01-09T13:06:08","date_gmt":"2026-01-09T13:06:08","guid":{"rendered":"https:\/\/topprixsarl.ch\/product\/regle-graduee-lyreco-20-cm-transp\/"},"modified":"2026-01-14T14:21:26","modified_gmt":"2026-01-14T14:21:26","slug":"regle-graduee-lyreco-20-cm-transp","status":"publish","type":"product","link":"https:\/\/topprixsarl.ch\/de\/product\/regle-graduee-lyreco-20-cm-transp\/","title":{"rendered":"R\u00e8gle gradu\u00e9e, 20 cm, transp."},"content":{"rendered":"<p>Faites appara\u00eetre sur le papier des univers surprenants \u2013 nous vous donnons les outils professionnels pour le faire. <\/p>\n<p>Il est possible de mesurer le succ\u00e8s, la pr\u00e9cision aussi. La r\u00e8gle de la marque combine ces deux aspects en un seul et m\u00eame produit. Un outil qui aide depuis longtemps les artistes et artisans exp\u00e9riment\u00e9s \u00e0 faire leur travail correctement, d&rsquo;une part gr\u00e2ce \u00e0 son design intelligent et d&rsquo;autre part gr\u00e2ce \u00e0 sa graduation au millim\u00e8tre pr\u00e8s. <\/p>\n<p>+ Longueur de la r\u00e8gle : 20 cm <\/p>\n<p>Le produit dispose du syst\u00e8me de mesure le plus fr\u00e9quent : le centim\u00e8tre. Par cons\u00e9quent, sa graduation est en centim\u00e8tres et en millim\u00e8tres. <\/p>\n<p>+ Bord de mesure double face pour plus de possibilit\u00e9s d&rsquo;applications <\/p>\n<p>Il est possible de mesurer le succ\u00e8s ? Gr\u00e2ce \u00e0 la r\u00e8gle de la marque, vous pourrez \u00e0 coup s\u00fbr mesurer avec succ\u00e8s. En effet, elle poss\u00e8de tout ce dont on a besoin pour r\u00e9aliser un travail fiable. <\/p>\n<p>+ Design permettant de mesurer facilement et sans accrocs <\/p>\n<p>Vous prenez ainsi le chemin le plus court pour obtenir les meilleurs r\u00e9sultats. Faites d\u00e8s aujourd&rsquo;hui l&rsquo;acquisition d&rsquo;un article de haute qualit\u00e9 !<\/p>","protected":false},"excerpt":{"rendered":"<p>Faites appara\u00eetre sur le papier des univers surprenants \u2013 nous vous donnons les outils professionnels pour le faire Il est possible de mesurer le succ\u00e8s, la pr\u00e9cision aussi. La r\u00e8gle de la marque combine ces deux aspects en un seul et m\u00eame pro<\/p>","protected":false},"featured_media":30246,"comment_status":"open","ping_status":"closed","template":"","meta":[],"product_brand":[],"product_cat":[137],"product_tag":[],"class_list":{"0":"post-30247","1":"product","2":"type-product","3":"status-publish","4":"has-post-thumbnail","6":"product_cat-papier","8":"first","9":"instock","10":"shipping-taxable","11":"purchasable","12":"product-type-simple"},"_links":{"self":[{"href":"https:\/\/topprixsarl.ch\/de\/wp-json\/wp\/v2\/product\/30247","targetHints":{"allow":["GET"]}}],"collection":[{"href":"https:\/\/topprixsarl.ch\/de\/wp-json\/wp\/v2\/product"}],"about":[{"href":"https:\/\/topprixsarl.ch\/de\/wp-json\/wp\/v2\/types\/product"}],"replies":[{"embeddable":true,"href":"https:\/\/topprixsarl.ch\/de\/wp-json\/wp\/v2\/comments?post=30247"}],"version-history":[{"count":3,"href":"https:\/\/topprixsarl.ch\/de\/wp-json\/wp\/v2\/product\/30247\/revisions"}],"predecessor-version":[{"id":33354,"href":"https:\/\/topprixsarl.ch\/de\/wp-json\/wp\/v2\/product\/30247\/revisions\/33354"}],"wp:featuredmedia":[{"embeddable":true,"href":"https:\/\/topprixsarl.ch\/de\/wp-json\/wp\/v2\/media\/30246"}],"wp:attachment":[{"href":"https:\/\/topprixsarl.ch\/de\/wp-json\/wp\/v2\/media?parent=30247"}],"wp:term":[{"taxonomy":"product_brand","embeddable":true,"href":"https:\/\/topprixsarl.ch\/de\/wp-json\/wp\/v2\/product_brand?post=30247"},{"taxonomy":"product_cat","embeddable":true,"href":"https:\/\/topprixsarl.ch\/de\/wp-json\/wp\/v2\/product_cat?post=30247"},{"taxonomy":"product_tag","embeddable":true,"href":"https:\/\/topprixsarl.ch\/de\/wp-json\/wp\/v2\/product_tag?post=30247"}],"curies":[{"name":"wp","href":"https:\/\/api.w.org\/{rel}","templated":true}]}}