{"id":30245,"date":"2026-01-09T13:05:53","date_gmt":"2026-01-09T13:05:53","guid":{"rendered":"https:\/\/topprixsarl.ch\/product\/corbeille-a-papier-metal-ajoure-15-l-noire\/"},"modified":"2026-01-14T14:21:26","modified_gmt":"2026-01-14T14:21:26","slug":"corbeille-a-papier-metal-ajoure-15-l-noire","status":"publish","type":"product","link":"https:\/\/topprixsarl.ch\/de\/product\/corbeille-a-papier-metal-ajoure-15-l-noire\/","title":{"rendered":"Papierkorb aus durchbrochenem Metall - 15 L - schwarz"},"content":{"rendered":"<p>Corbeille solide et stable en m\u00e9tal. <\/p>\n<p>+ Contenance : 15 litres<br \/>\n+ Utilise les sacs poubelle 20 litres (r\u00e9f. 3.364.597)<br \/>\n+ Dimensions : H. 34 x \u00d8 27 cm<br \/>\n+ Poids : 1,55 kg<br \/>\n+ Garantie 3 ans  <\/p>\n<p>*Fu\u00dfnoten :<br \/>\n*1. R\u00e9f. 3.364.597 pour les sacs poubelle.<\/p>","protected":false},"excerpt":{"rendered":"<p>Corbeille solide et stable en m\u00e9tal. Contenance : 15 litres. Utilise les sacs poubelle 20 litres (r\u00e9f. 3.364.597). Dim. : H. 34 x \u00d8 27 cm. Poids : 1,55 kg. > Garantie 3 ans<\/p>","protected":false},"featured_media":30244,"comment_status":"open","ping_status":"closed","template":"","meta":[],"product_brand":[],"product_cat":[138],"product_tag":[],"class_list":{"0":"post-30245","1":"product","2":"type-product","3":"status-publish","4":"has-post-thumbnail","6":"product_cat-sac-a-dechet","8":"first","9":"instock","10":"shipping-taxable","11":"purchasable","12":"product-type-simple"},"_links":{"self":[{"href":"https:\/\/topprixsarl.ch\/de\/wp-json\/wp\/v2\/product\/30245","targetHints":{"allow":["GET"]}}],"collection":[{"href":"https:\/\/topprixsarl.ch\/de\/wp-json\/wp\/v2\/product"}],"about":[{"href":"https:\/\/topprixsarl.ch\/de\/wp-json\/wp\/v2\/types\/product"}],"replies":[{"embeddable":true,"href":"https:\/\/topprixsarl.ch\/de\/wp-json\/wp\/v2\/comments?post=30245"}],"version-history":[{"count":2,"href":"https:\/\/topprixsarl.ch\/de\/wp-json\/wp\/v2\/product\/30245\/revisions"}],"predecessor-version":[{"id":32443,"href":"https:\/\/topprixsarl.ch\/de\/wp-json\/wp\/v2\/product\/30245\/revisions\/32443"}],"wp:featuredmedia":[{"embeddable":true,"href":"https:\/\/topprixsarl.ch\/de\/wp-json\/wp\/v2\/media\/30244"}],"wp:attachment":[{"href":"https:\/\/topprixsarl.ch\/de\/wp-json\/wp\/v2\/media?parent=30245"}],"wp:term":[{"taxonomy":"product_brand","embeddable":true,"href":"https:\/\/topprixsarl.ch\/de\/wp-json\/wp\/v2\/product_brand?post=30245"},{"taxonomy":"product_cat","embeddable":true,"href":"https:\/\/topprixsarl.ch\/de\/wp-json\/wp\/v2\/product_cat?post=30245"},{"taxonomy":"product_tag","embeddable":true,"href":"https:\/\/topprixsarl.ch\/de\/wp-json\/wp\/v2\/product_tag?post=30245"}],"curies":[{"name":"wp","href":"https:\/\/api.w.org\/{rel}","templated":true}]}}