{"id":30243,"date":"2026-01-09T13:05:38","date_gmt":"2026-01-09T13:05:38","guid":{"rendered":"https:\/\/topprixsarl.ch\/product\/mine-lyreco-hb-07-mm-etui-de-12\/"},"modified":"2026-01-14T14:21:26","modified_gmt":"2026-01-14T14:21:26","slug":"mine-lyreco-hb-07-mm-etui-de-12","status":"publish","type":"product","link":"https:\/\/topprixsarl.ch\/de\/product\/mine-lyreco-hb-07-mm-etui-de-12\/","title":{"rendered":"Mine- HB- 0,7 mm- \u00e9tui de 12"},"content":{"rendered":"<p>De la haute qualit\u00e9 pour votre papier. <\/p>\n<p>Les notes illisibles \u00e0 cause d&rsquo;un instrument d&rsquo;\u00e9criture trop us\u00e9 peuvent \u00eatre une source de stress. Avec la mine \u00e0 crayon de la marque, vous faites en sorte que votre instrument d&rsquo;\u00e9criture soit toujours pr\u00eat \u00e0 l&#8217;emploi. Gr\u00e2ce \u00e0 ses composants haut de gamme, vous profiterez de vos notes et de vos pens\u00e9es pendant longtemps. Ainsi, vous n&rsquo;aurez pas \u00e0 acheter inutilement de nouveaux outils et rendrez votre consommation durable. <\/p>\n<p>+ Duret\u00e9 de mine type HB correspondant \u00e0 un degr\u00e9 moyen. <\/p>\n<p>Cette mine peut \u00eatre utilis\u00e9e pour l&rsquo;\u00e9criture, entre autres. Votre instrument d&rsquo;\u00e9criture est d\u00e9j\u00e0 us\u00e9? Avec la mine \u00e0 crayon de la marque, assurez-vous un r\u00e9approvisionnement de la mani\u00e8re la plus simple qui soit. <\/p>\n<p>+ Ins\u00e9r\u00e9e rapidement, votre instrument d&rsquo;\u00e9criture est imm\u00e9diatement pr\u00eat \u00e0 l&#8217;emploi. <\/p>\n<p>Elle marque \u00e9galement des points gr\u00e2ce \u00e0 sa palette de couleurs pleines d&rsquo;intensit\u00e9, ce \u00e0 quoi s&rsquo;ajoute un excellent rendement. <\/p>\n<p>+ Efficacit\u00e9 et ma\u00eetrise de vos d\u00e9penses. <\/p>\n<p>Assurez-vous d&rsquo;avoir un stock de haute qualit\u00e9 d\u00e8s maintenant!<\/p>","protected":false},"excerpt":{"rendered":"<p>De la haute qualit\u00e9 pour votre papier Les notes illisibles \u00e0 cause d&rsquo;un instrument d&rsquo;\u00e9criture trop us\u00e9 peuvent \u00eatre une source de stress. Avec la mine \u00e0 crayon de la marque, vous faites en sorte que votre instrument d&rsquo;\u00e9criture soit toujours pr<\/p>","protected":false},"featured_media":30242,"comment_status":"open","ping_status":"closed","template":"","meta":[],"product_brand":[],"product_cat":[137],"product_tag":[],"class_list":{"0":"post-30243","1":"product","2":"type-product","3":"status-publish","4":"has-post-thumbnail","6":"product_cat-papier","8":"first","9":"instock","10":"shipping-taxable","11":"purchasable","12":"product-type-simple"},"_links":{"self":[{"href":"https:\/\/topprixsarl.ch\/de\/wp-json\/wp\/v2\/product\/30243","targetHints":{"allow":["GET"]}}],"collection":[{"href":"https:\/\/topprixsarl.ch\/de\/wp-json\/wp\/v2\/product"}],"about":[{"href":"https:\/\/topprixsarl.ch\/de\/wp-json\/wp\/v2\/types\/product"}],"replies":[{"embeddable":true,"href":"https:\/\/topprixsarl.ch\/de\/wp-json\/wp\/v2\/comments?post=30243"}],"version-history":[{"count":3,"href":"https:\/\/topprixsarl.ch\/de\/wp-json\/wp\/v2\/product\/30243\/revisions"}],"predecessor-version":[{"id":33355,"href":"https:\/\/topprixsarl.ch\/de\/wp-json\/wp\/v2\/product\/30243\/revisions\/33355"}],"wp:featuredmedia":[{"embeddable":true,"href":"https:\/\/topprixsarl.ch\/de\/wp-json\/wp\/v2\/media\/30242"}],"wp:attachment":[{"href":"https:\/\/topprixsarl.ch\/de\/wp-json\/wp\/v2\/media?parent=30243"}],"wp:term":[{"taxonomy":"product_brand","embeddable":true,"href":"https:\/\/topprixsarl.ch\/de\/wp-json\/wp\/v2\/product_brand?post=30243"},{"taxonomy":"product_cat","embeddable":true,"href":"https:\/\/topprixsarl.ch\/de\/wp-json\/wp\/v2\/product_cat?post=30243"},{"taxonomy":"product_tag","embeddable":true,"href":"https:\/\/topprixsarl.ch\/de\/wp-json\/wp\/v2\/product_tag?post=30243"}],"curies":[{"name":"wp","href":"https:\/\/api.w.org\/{rel}","templated":true}]}}