{"id":30237,"date":"2026-01-09T13:04:57","date_gmt":"2026-01-09T13:04:57","guid":{"rendered":"https:\/\/topprixsarl.ch\/product\/papier-blanc-a4-new-future-multi-80-g-ramette-500-feuilles\/"},"modified":"2026-01-14T14:21:27","modified_gmt":"2026-01-14T14:21:27","slug":"papier-blanc-a4-new-future-multi-80-g-ramette-500-feuilles","status":"publish","type":"product","link":"https:\/\/topprixsarl.ch\/de\/product\/papier-blanc-a4-new-future-multi-80-g-ramette-500-feuilles\/","title":{"rendered":"Papier blanc A4 New Future Multi &#8211; 80 g &#8211; ramette 500 feuilles"},"content":{"rendered":"<p>Papier multiusages d\u2019excellente qualit\u00e9 pour les rapports, les m\u00e9mos et diverses correspondances.<\/p>\n<p>+ Bonne opacit\u00e9<br \/>\n+ Excellent r\u00e9sultat d\u2019impression<br \/>\n+ Blancheur CIE 164<br \/>\n+ Ramettes par palette: 240  <\/p>\n<p>*Fu\u00dfnoten:<br \/>\n*Les caract\u00e9ristiques peuvent varier selon les conditions d&rsquo;utilisation.<\/p>","protected":false},"excerpt":{"rendered":"<p>Papier multiusages d\u2019excellente qualit\u00e9 pour les rapports, les m\u00e9mos et diverses correspondances. Bonne opacit\u00e9. Excellent r\u00e9sultat d\u2019impression. Blancheur CIE 164. Ramettes par palette: 240.<\/p>","protected":false},"featured_media":30236,"comment_status":"open","ping_status":"closed","template":"","meta":[],"product_brand":[],"product_cat":[137],"product_tag":[],"class_list":{"0":"post-30237","1":"product","2":"type-product","3":"status-publish","4":"has-post-thumbnail","6":"product_cat-papier","8":"first","9":"instock","10":"shipping-taxable","11":"purchasable","12":"product-type-simple"},"_links":{"self":[{"href":"https:\/\/topprixsarl.ch\/de\/wp-json\/wp\/v2\/product\/30237","targetHints":{"allow":["GET"]}}],"collection":[{"href":"https:\/\/topprixsarl.ch\/de\/wp-json\/wp\/v2\/product"}],"about":[{"href":"https:\/\/topprixsarl.ch\/de\/wp-json\/wp\/v2\/types\/product"}],"replies":[{"embeddable":true,"href":"https:\/\/topprixsarl.ch\/de\/wp-json\/wp\/v2\/comments?post=30237"}],"version-history":[{"count":2,"href":"https:\/\/topprixsarl.ch\/de\/wp-json\/wp\/v2\/product\/30237\/revisions"}],"predecessor-version":[{"id":32439,"href":"https:\/\/topprixsarl.ch\/de\/wp-json\/wp\/v2\/product\/30237\/revisions\/32439"}],"wp:featuredmedia":[{"embeddable":true,"href":"https:\/\/topprixsarl.ch\/de\/wp-json\/wp\/v2\/media\/30236"}],"wp:attachment":[{"href":"https:\/\/topprixsarl.ch\/de\/wp-json\/wp\/v2\/media?parent=30237"}],"wp:term":[{"taxonomy":"product_brand","embeddable":true,"href":"https:\/\/topprixsarl.ch\/de\/wp-json\/wp\/v2\/product_brand?post=30237"},{"taxonomy":"product_cat","embeddable":true,"href":"https:\/\/topprixsarl.ch\/de\/wp-json\/wp\/v2\/product_cat?post=30237"},{"taxonomy":"product_tag","embeddable":true,"href":"https:\/\/topprixsarl.ch\/de\/wp-json\/wp\/v2\/product_tag?post=30237"}],"curies":[{"name":"wp","href":"https:\/\/api.w.org\/{rel}","templated":true}]}}