{"id":30227,"date":"2026-01-09T13:03:42","date_gmt":"2026-01-09T13:03:42","guid":{"rendered":"https:\/\/topprixsarl.ch\/product\/marqueur-permanent-lyreco-pour-paperboard-pointe-ogive-moyenne-par-4\/"},"modified":"2026-01-14T14:21:27","modified_gmt":"2026-01-14T14:21:27","slug":"marqueur-permanent-lyreco-pour-paperboard-pointe-ogive-moyenne-par-4","status":"publish","type":"product","link":"https:\/\/topprixsarl.ch\/de\/product\/marqueur-permanent-lyreco-pour-paperboard-pointe-ogive-moyenne-par-4\/","title":{"rendered":"Marqueur permanent pour paperboard- pointe ogive moyenne- par 4"},"content":{"rendered":"<p>**: con\u00e7u pour \u00eatre votre marqueur au quotidien**<\/p>\n<p>Marqueur permanent pour tableaux papier. <\/p>\n<p>L&rsquo;encre liquide s\u00e8che rapidement et rend l&rsquo;\u00e9criture tr\u00e8s confortable. <\/p>\n<p>La pointe ogive est parfaite pour r\u00e9aliser des traits r\u00e9guliers. <\/p>\n<p>Couleur de l&rsquo;encre : assortie. <\/p>\n<p>N&rsquo;h\u00e9sitez plus, commandez d\u00e8s \u00e0 pr\u00e9sent !<\/p>\n<p>+ Marqueur permanent pour tableaux papier<br \/> + Encre liquide qui s\u00e8che rapidement<br \/> + \u00c9criture confortable<br \/> + Pointe ogive pour des traits r\u00e9guliers<br \/> + Couleur de l&rsquo;encre : assortie <\/p>\n<p>*Notes de bas de page*<\/p>","protected":false},"excerpt":{"rendered":"<p>: con\u00e7u pour \u00eatre votre marqueur au quotidien Marqueur permanent pour tableaux papier. L&rsquo;encre liquide s\u00e8che rapidement et rend l&rsquo;\u00e9criture tr\u00e8s confortable. La pointe ogive est parfaite pour r\u00e9aliser des traits r\u00e9guliers. Couleur de l&rsquo;encre : <\/p>","protected":false},"featured_media":30226,"comment_status":"open","ping_status":"closed","template":"","meta":[],"product_brand":[],"product_cat":[137],"product_tag":[],"class_list":{"0":"post-30227","1":"product","2":"type-product","3":"status-publish","4":"has-post-thumbnail","6":"product_cat-papier","8":"first","9":"instock","10":"shipping-taxable","11":"purchasable","12":"product-type-simple"},"_links":{"self":[{"href":"https:\/\/topprixsarl.ch\/de\/wp-json\/wp\/v2\/product\/30227","targetHints":{"allow":["GET"]}}],"collection":[{"href":"https:\/\/topprixsarl.ch\/de\/wp-json\/wp\/v2\/product"}],"about":[{"href":"https:\/\/topprixsarl.ch\/de\/wp-json\/wp\/v2\/types\/product"}],"replies":[{"embeddable":true,"href":"https:\/\/topprixsarl.ch\/de\/wp-json\/wp\/v2\/comments?post=30227"}],"version-history":[{"count":3,"href":"https:\/\/topprixsarl.ch\/de\/wp-json\/wp\/v2\/product\/30227\/revisions"}],"predecessor-version":[{"id":33357,"href":"https:\/\/topprixsarl.ch\/de\/wp-json\/wp\/v2\/product\/30227\/revisions\/33357"}],"wp:featuredmedia":[{"embeddable":true,"href":"https:\/\/topprixsarl.ch\/de\/wp-json\/wp\/v2\/media\/30226"}],"wp:attachment":[{"href":"https:\/\/topprixsarl.ch\/de\/wp-json\/wp\/v2\/media?parent=30227"}],"wp:term":[{"taxonomy":"product_brand","embeddable":true,"href":"https:\/\/topprixsarl.ch\/de\/wp-json\/wp\/v2\/product_brand?post=30227"},{"taxonomy":"product_cat","embeddable":true,"href":"https:\/\/topprixsarl.ch\/de\/wp-json\/wp\/v2\/product_cat?post=30227"},{"taxonomy":"product_tag","embeddable":true,"href":"https:\/\/topprixsarl.ch\/de\/wp-json\/wp\/v2\/product_tag?post=30227"}],"curies":[{"name":"wp","href":"https:\/\/api.w.org\/{rel}","templated":true}]}}