{"id":30225,"date":"2026-01-09T13:03:26","date_gmt":"2026-01-09T13:03:26","guid":{"rendered":"https:\/\/topprixsarl.ch\/product\/etiquette-multi-usages-lyreco-381-x-212-mm-coins-arrondis-par-6500\/"},"modified":"2026-01-14T14:21:27","modified_gmt":"2026-01-14T14:21:27","slug":"etiquette-multi-usages-lyreco-381-x-212-mm-coins-arrondis-par-6500","status":"publish","type":"product","link":"https:\/\/topprixsarl.ch\/de\/product\/etiquette-multi-usages-lyreco-381-x-212-mm-coins-arrondis-par-6500\/","title":{"rendered":"Etiquette multi-usages- 38,1 x 21,2 mm- coins arrondis- par 6500"},"content":{"rendered":"<p>+ Dimensions : 38,1 x 21,2 mm<\/p>\n<p>+ Nombre d&rsquo;\u00e9tiquettes par feuille : 65 \u00e9tiquettes par feuilles A4<\/p>\n<p>+ Total d&rsquo;\u00e9tiquettes par bo\u00eete : 6500 \u00e9tiquettes par bo\u00eete<\/p>\n<p>+ Caract\u00e9ristiques : Coins arrondis<\/p>\n<p>*Notes : Les dimensions et le nombre d&rsquo;\u00e9tiquettes peuvent varier l\u00e9g\u00e8rement selon le fabricant.<\/p>","protected":false},"excerpt":{"rendered":"<p>38,1 x 21,2 mm. 65 \u00e9tiquettes par feuilles A4. 6500 \u00e9tiquettes par bo\u00eete. Coins arrondis.<\/p>","protected":false},"featured_media":30224,"comment_status":"open","ping_status":"closed","template":"","meta":[],"product_brand":[],"product_cat":[137],"product_tag":[],"class_list":{"0":"post-30225","1":"product","2":"type-product","3":"status-publish","4":"has-post-thumbnail","6":"product_cat-article-offic","8":"first","9":"instock","10":"shipping-taxable","11":"purchasable","12":"product-type-simple"},"_links":{"self":[{"href":"https:\/\/topprixsarl.ch\/de\/wp-json\/wp\/v2\/product\/30225","targetHints":{"allow":["GET"]}}],"collection":[{"href":"https:\/\/topprixsarl.ch\/de\/wp-json\/wp\/v2\/product"}],"about":[{"href":"https:\/\/topprixsarl.ch\/de\/wp-json\/wp\/v2\/types\/product"}],"replies":[{"embeddable":true,"href":"https:\/\/topprixsarl.ch\/de\/wp-json\/wp\/v2\/comments?post=30225"}],"version-history":[{"count":3,"href":"https:\/\/topprixsarl.ch\/de\/wp-json\/wp\/v2\/product\/30225\/revisions"}],"predecessor-version":[{"id":33358,"href":"https:\/\/topprixsarl.ch\/de\/wp-json\/wp\/v2\/product\/30225\/revisions\/33358"}],"wp:featuredmedia":[{"embeddable":true,"href":"https:\/\/topprixsarl.ch\/de\/wp-json\/wp\/v2\/media\/30224"}],"wp:attachment":[{"href":"https:\/\/topprixsarl.ch\/de\/wp-json\/wp\/v2\/media?parent=30225"}],"wp:term":[{"taxonomy":"product_brand","embeddable":true,"href":"https:\/\/topprixsarl.ch\/de\/wp-json\/wp\/v2\/product_brand?post=30225"},{"taxonomy":"product_cat","embeddable":true,"href":"https:\/\/topprixsarl.ch\/de\/wp-json\/wp\/v2\/product_cat?post=30225"},{"taxonomy":"product_tag","embeddable":true,"href":"https:\/\/topprixsarl.ch\/de\/wp-json\/wp\/v2\/product_tag?post=30225"}],"curies":[{"name":"wp","href":"https:\/\/api.w.org\/{rel}","templated":true}]}}