{"id":30219,"date":"2026-01-09T13:02:42","date_gmt":"2026-01-09T13:02:42","guid":{"rendered":"https:\/\/topprixsarl.ch\/product\/savon-liquide-doux-tork-premium-pour-s1-recharge-de-1-l\/"},"modified":"2026-01-14T14:21:27","modified_gmt":"2026-01-14T14:21:27","slug":"savon-liquide-doux-tork-premium-pour-s1-recharge-de-1-l","status":"publish","type":"product","link":"https:\/\/topprixsarl.ch\/de\/product\/savon-liquide-doux-tork-premium-pour-s1-recharge-de-1-l\/","title":{"rendered":"Savon liquide doux Tork Premium pour S1 &#8211; recharge de 1 L"},"content":{"rendered":"<p>Excellente propret\u00e9 et mains douces<\/p>\n<p>C&rsquo;est enfin l&rsquo;heure du d\u00e9jeuner! Vous avez achet\u00e9 un d\u00e9licieux beignet de l&rsquo;autre c\u00f4t\u00e9 de la rue, mais avant de le manger, vous devriez vous laver les mains. Avec cette solution tout-en-un Tork, vous aurez toujours le savon doux parfait dans votre distributeur.<\/p>\n<p>Cette recharge de savon \u00e0 mains doux est con\u00e7ue pour le distributeur du syst\u00e8me S1 de Tork. <\/p>\n<p>+ Le savon ordinaire ass\u00e8che la peau et peut provoquer des irritations, mais ce savon sp\u00e9cial enl\u00e8ve non seulement toute la salet\u00e9, d\u00e9truisant toutes les bact\u00e9ries nocives, mais hydrate \u00e9galement la peau, la laissant plus jeune et plus douce. <\/p>\n<p>+ Il est important de noter qu&rsquo;il ne provoquera pas de r\u00e9actions allergiques.<\/p>\n<p>De plus, le savon prend soin non seulement de votre peau, mais aussi de la nature. <\/p>\n<p>+ Ce produit a re\u00e7u un certificat \u00c9colabel de l&rsquo;UE, attestant que ses composants ne sont pas nocifs pour l&rsquo;environnement. <\/p>\n<p>+ Lorsque le savon est \u00e9puis\u00e9, son emballage peut \u00eatre compact\u00e9 jusqu&rsquo;\u00e0 70% de son volume initial, ce qui signifie qu&rsquo;il prend moins de place dans votre poubelle et est facile \u00e0 jeter. <\/p>\n<p>Optez pour une fa\u00e7on agr\u00e9able et \u00e9cologique de vous laver les mains!<\/p>","protected":false},"excerpt":{"rendered":"<p>Excellente propret\u00e9 et mains douces C&rsquo;est enfin l&rsquo;heure du d\u00e9jeuner! Vous avez achet\u00e9 un d\u00e9licieux beignet de l&rsquo;autre c\u00f4t\u00e9 de la rue, mais avant de le manger, vous devriez vous laver les mains. Avec cette solution tout-en-un Tork, vous aurez toujours<\/p>","protected":false},"featured_media":30218,"comment_status":"open","ping_status":"closed","template":"","meta":[],"product_brand":[],"product_cat":[143],"product_tag":[],"class_list":{"0":"post-30219","1":"product","2":"type-product","3":"status-publish","4":"has-post-thumbnail","6":"product_cat-nettoyage","8":"first","9":"instock","10":"shipping-taxable","11":"purchasable","12":"product-type-simple"},"_links":{"self":[{"href":"https:\/\/topprixsarl.ch\/de\/wp-json\/wp\/v2\/product\/30219","targetHints":{"allow":["GET"]}}],"collection":[{"href":"https:\/\/topprixsarl.ch\/de\/wp-json\/wp\/v2\/product"}],"about":[{"href":"https:\/\/topprixsarl.ch\/de\/wp-json\/wp\/v2\/types\/product"}],"replies":[{"embeddable":true,"href":"https:\/\/topprixsarl.ch\/de\/wp-json\/wp\/v2\/comments?post=30219"}],"version-history":[{"count":2,"href":"https:\/\/topprixsarl.ch\/de\/wp-json\/wp\/v2\/product\/30219\/revisions"}],"predecessor-version":[{"id":32430,"href":"https:\/\/topprixsarl.ch\/de\/wp-json\/wp\/v2\/product\/30219\/revisions\/32430"}],"wp:featuredmedia":[{"embeddable":true,"href":"https:\/\/topprixsarl.ch\/de\/wp-json\/wp\/v2\/media\/30218"}],"wp:attachment":[{"href":"https:\/\/topprixsarl.ch\/de\/wp-json\/wp\/v2\/media?parent=30219"}],"wp:term":[{"taxonomy":"product_brand","embeddable":true,"href":"https:\/\/topprixsarl.ch\/de\/wp-json\/wp\/v2\/product_brand?post=30219"},{"taxonomy":"product_cat","embeddable":true,"href":"https:\/\/topprixsarl.ch\/de\/wp-json\/wp\/v2\/product_cat?post=30219"},{"taxonomy":"product_tag","embeddable":true,"href":"https:\/\/topprixsarl.ch\/de\/wp-json\/wp\/v2\/product_tag?post=30219"}],"curies":[{"name":"wp","href":"https:\/\/api.w.org\/{rel}","templated":true}]}}