{"id":30217,"date":"2026-01-09T13:02:25","date_gmt":"2026-01-09T13:02:25","guid":{"rendered":"https:\/\/topprixsarl.ch\/product\/regle-plate-simple-lyreco-plastique-30-cm\/"},"modified":"2026-01-14T14:21:27","modified_gmt":"2026-01-14T14:21:27","slug":"regle-plate-simple-lyreco-plastique-30-cm","status":"publish","type":"product","link":"https:\/\/topprixsarl.ch\/de\/product\/regle-plate-simple-lyreco-plastique-30-cm\/","title":{"rendered":"R\u00e8gle plate simple- plastique- 30 cm"},"content":{"rendered":"<p>Un outil simple pour des mesures simples<\/p>\n<p>Pour le travail quotidien au bureau, vous n&rsquo;avez pas besoin de r\u00e8gles hautement sp\u00e9cialis\u00e9es ou techniques. Tout ce que vous avez \u00e0 faire est de tracer des lignes et de prendre des mesures.<\/p>\n<p>Pour les t\u00e2ches simples, la meilleure option est la r\u00e8gle en plastique. <\/p>\n<p>+ Longueur exacte de 30 cm, id\u00e9ale pour une grande vari\u00e9t\u00e9 de t\u00e2ches.<\/p>\n<p>+ Compacte et pratique pour un usage quotidien.<\/p>\n<p>+ Design en plastique transparent, parfait pour tous les go\u00fbts.<\/p>\n<p>Prenez vos mesures! <\/p>\n<p>*Note: Les dimensions et le design peuvent varier l\u00e9g\u00e8rement selon les mod\u00e8les.<\/p>","protected":false},"excerpt":{"rendered":"<p>Un outil simple pour des mesures simples Pour le travail quotidien au bureau, vous n&rsquo;avez pas besoin de r\u00e8gles hautement sp\u00e9cialis\u00e9es ou techniques. Tout ce que vous avez \u00e0 faire est de tracer des lignes et de prendre des mesures.Pour les t\u00e2ches simp<\/p>","protected":false},"featured_media":30216,"comment_status":"open","ping_status":"closed","template":"","meta":[],"product_brand":[],"product_cat":[137],"product_tag":[],"class_list":{"0":"post-30217","1":"product","2":"type-product","3":"status-publish","4":"has-post-thumbnail","6":"product_cat-papier","8":"first","9":"instock","10":"shipping-taxable","11":"purchasable","12":"product-type-simple"},"_links":{"self":[{"href":"https:\/\/topprixsarl.ch\/de\/wp-json\/wp\/v2\/product\/30217","targetHints":{"allow":["GET"]}}],"collection":[{"href":"https:\/\/topprixsarl.ch\/de\/wp-json\/wp\/v2\/product"}],"about":[{"href":"https:\/\/topprixsarl.ch\/de\/wp-json\/wp\/v2\/types\/product"}],"replies":[{"embeddable":true,"href":"https:\/\/topprixsarl.ch\/de\/wp-json\/wp\/v2\/comments?post=30217"}],"version-history":[{"count":3,"href":"https:\/\/topprixsarl.ch\/de\/wp-json\/wp\/v2\/product\/30217\/revisions"}],"predecessor-version":[{"id":33360,"href":"https:\/\/topprixsarl.ch\/de\/wp-json\/wp\/v2\/product\/30217\/revisions\/33360"}],"wp:featuredmedia":[{"embeddable":true,"href":"https:\/\/topprixsarl.ch\/de\/wp-json\/wp\/v2\/media\/30216"}],"wp:attachment":[{"href":"https:\/\/topprixsarl.ch\/de\/wp-json\/wp\/v2\/media?parent=30217"}],"wp:term":[{"taxonomy":"product_brand","embeddable":true,"href":"https:\/\/topprixsarl.ch\/de\/wp-json\/wp\/v2\/product_brand?post=30217"},{"taxonomy":"product_cat","embeddable":true,"href":"https:\/\/topprixsarl.ch\/de\/wp-json\/wp\/v2\/product_cat?post=30217"},{"taxonomy":"product_tag","embeddable":true,"href":"https:\/\/topprixsarl.ch\/de\/wp-json\/wp\/v2\/product_tag?post=30217"}],"curies":[{"name":"wp","href":"https:\/\/api.w.org\/{rel}","templated":true}]}}