{"id":30209,"date":"2026-01-09T13:01:28","date_gmt":"2026-01-09T13:01:28","guid":{"rendered":"https:\/\/topprixsarl.ch\/product\/chemise-3-rabats-lyreco-carte-lustree-noire-par-10\/"},"modified":"2026-01-14T14:21:28","modified_gmt":"2026-01-14T14:21:28","slug":"chemise-3-rabats-lyreco-carte-lustree-noire-par-10","status":"publish","type":"product","link":"https:\/\/topprixsarl.ch\/de\/product\/chemise-3-rabats-lyreco-carte-lustree-noire-par-10\/","title":{"rendered":"Chemise 3 rabats- carte lustr\u00e9e- noire- par 10"},"content":{"rendered":"<p>En carton 390 g\/m\u00b2 avec 3 rabats. <\/p>\n<p>Avec \u00e9tiquette d&rsquo;indexage. <\/p>\n<p>Format : 24 x 32 cm. <\/p>\n<p>Capacit\u00e9 : max. 250 feuilles 80 g\/m\u00b2. <\/p>\n<p>Emballage de 10 pi\u00e8ces. <\/p>\n<p>Preis pro Packung. <\/p>\n<p>+ Mat\u00e9riau : Carton 390 g\/m\u00b2<br \/> + Nombre de rabats : 3<br \/> + \u00c9tiquette d&rsquo;indexage incluse<br \/> + Dimensions : 24 x 32 cm<br \/> + Capacit\u00e9 maximale : 250 feuilles 80 g\/m\u00b2<br \/> + Conditionnement : 10 pi\u00e8ces par emballage<br \/> + Prix : par emballage <\/p>\n<p>*Fu\u00dfnoten :<br \/> *Les sp\u00e9cifications peuvent varier l\u00e9g\u00e8rement selon le fabricant.<\/p>","protected":false},"excerpt":{"rendered":"<p>En carton 390 g\/m2 avec 3 rabats. Avec \u00e9tiquette d&rsquo;indexage. Format: 24&#215;32 cm. Capacit\u00e9: max. 250 feuilles 80 g\/m2. Emballage de 10 pi\u00e8ces. Prix par emballage.<\/p>","protected":false},"featured_media":30208,"comment_status":"open","ping_status":"closed","template":"","meta":[],"product_brand":[],"product_cat":[137],"product_tag":[],"class_list":{"0":"post-30209","1":"product","2":"type-product","3":"status-publish","4":"has-post-thumbnail","6":"product_cat-papier","8":"first","9":"instock","10":"shipping-taxable","11":"purchasable","12":"product-type-simple"},"_links":{"self":[{"href":"https:\/\/topprixsarl.ch\/de\/wp-json\/wp\/v2\/product\/30209","targetHints":{"allow":["GET"]}}],"collection":[{"href":"https:\/\/topprixsarl.ch\/de\/wp-json\/wp\/v2\/product"}],"about":[{"href":"https:\/\/topprixsarl.ch\/de\/wp-json\/wp\/v2\/types\/product"}],"replies":[{"embeddable":true,"href":"https:\/\/topprixsarl.ch\/de\/wp-json\/wp\/v2\/comments?post=30209"}],"version-history":[{"count":3,"href":"https:\/\/topprixsarl.ch\/de\/wp-json\/wp\/v2\/product\/30209\/revisions"}],"predecessor-version":[{"id":33363,"href":"https:\/\/topprixsarl.ch\/de\/wp-json\/wp\/v2\/product\/30209\/revisions\/33363"}],"wp:featuredmedia":[{"embeddable":true,"href":"https:\/\/topprixsarl.ch\/de\/wp-json\/wp\/v2\/media\/30208"}],"wp:attachment":[{"href":"https:\/\/topprixsarl.ch\/de\/wp-json\/wp\/v2\/media?parent=30209"}],"wp:term":[{"taxonomy":"product_brand","embeddable":true,"href":"https:\/\/topprixsarl.ch\/de\/wp-json\/wp\/v2\/product_brand?post=30209"},{"taxonomy":"product_cat","embeddable":true,"href":"https:\/\/topprixsarl.ch\/de\/wp-json\/wp\/v2\/product_cat?post=30209"},{"taxonomy":"product_tag","embeddable":true,"href":"https:\/\/topprixsarl.ch\/de\/wp-json\/wp\/v2\/product_tag?post=30209"}],"curies":[{"name":"wp","href":"https:\/\/api.w.org\/{rel}","templated":true}]}}