{"id":30205,"date":"2026-01-09T13:00:59","date_gmt":"2026-01-09T13:00:59","guid":{"rendered":"https:\/\/topprixsarl.ch\/product\/chemise-coin-lyreco-premium-a4-pp-13-100e-transparente-par-25\/"},"modified":"2026-01-14T14:21:28","modified_gmt":"2026-01-14T14:21:28","slug":"chemise-coin-lyreco-premium-a4-pp-13-100e-transparente-par-25","status":"publish","type":"product","link":"https:\/\/topprixsarl.ch\/de\/product\/chemise-coin-lyreco-premium-a4-pp-13-100e-transparente-par-25\/","title":{"rendered":"Chemise coin Premium A4- PP 13\/100e- transparente- par 25"},"content":{"rendered":"<p>Classez vos documents en toute simplicit\u00e9 avec cette chemise !<\/p>\n<p>Premium vous propose une chemise de documents de qualit\u00e9, l\u00e9g\u00e8re et facile \u00e0 manipuler, qui prot\u00e8gera vos documents efficacement. De plus, ses dimensions compactes vous permettent de rangement une grande vari\u00e9t\u00e9 de documents sans encombrer votre espace de travail.<\/p>\n<p>Avantages :<br \/> + R\u00e9sistante aux plis gr\u00e2ce \u00e0 son \u00e9paisseur de 150 micron(s)<br \/> + Visibilit\u00e9 des documents : transparente, vous pouvez visualiser en un coup d&rsquo;\u0153il le premier document.<\/p>\n<p>Caract\u00e9ristiques cl\u00e9s :<br \/> + Convient aux documents format A4.<br \/> + Capacit\u00e9 : 15 feuilles.<br \/> + Mati\u00e8re polypropyl\u00e8ne, \u00e9paisseur 150 micron(s). <\/p>\n<p>Une vraie solution professionnelle dans votre quotidien.<\/p>","protected":false},"excerpt":{"rendered":"<p>Classez vos documents en toute simplicit\u00e9 avec cette chemise ! Premium vous propose une chemise de documents de qualit\u00e9, l\u00e9g\u00e8re et facile \u00e0 manipuler, qui prot\u00e8gera vos documents efficacement. De plus, ses dimensions compactes vous permettent <\/p>","protected":false},"featured_media":30204,"comment_status":"open","ping_status":"closed","template":"","meta":[],"product_brand":[],"product_cat":[137],"product_tag":[],"class_list":{"0":"post-30205","1":"product","2":"type-product","3":"status-publish","4":"has-post-thumbnail","6":"product_cat-papier","8":"first","9":"instock","10":"shipping-taxable","11":"purchasable","12":"product-type-simple"},"_links":{"self":[{"href":"https:\/\/topprixsarl.ch\/de\/wp-json\/wp\/v2\/product\/30205","targetHints":{"allow":["GET"]}}],"collection":[{"href":"https:\/\/topprixsarl.ch\/de\/wp-json\/wp\/v2\/product"}],"about":[{"href":"https:\/\/topprixsarl.ch\/de\/wp-json\/wp\/v2\/types\/product"}],"replies":[{"embeddable":true,"href":"https:\/\/topprixsarl.ch\/de\/wp-json\/wp\/v2\/comments?post=30205"}],"version-history":[{"count":3,"href":"https:\/\/topprixsarl.ch\/de\/wp-json\/wp\/v2\/product\/30205\/revisions"}],"predecessor-version":[{"id":33365,"href":"https:\/\/topprixsarl.ch\/de\/wp-json\/wp\/v2\/product\/30205\/revisions\/33365"}],"wp:featuredmedia":[{"embeddable":true,"href":"https:\/\/topprixsarl.ch\/de\/wp-json\/wp\/v2\/media\/30204"}],"wp:attachment":[{"href":"https:\/\/topprixsarl.ch\/de\/wp-json\/wp\/v2\/media?parent=30205"}],"wp:term":[{"taxonomy":"product_brand","embeddable":true,"href":"https:\/\/topprixsarl.ch\/de\/wp-json\/wp\/v2\/product_brand?post=30205"},{"taxonomy":"product_cat","embeddable":true,"href":"https:\/\/topprixsarl.ch\/de\/wp-json\/wp\/v2\/product_cat?post=30205"},{"taxonomy":"product_tag","embeddable":true,"href":"https:\/\/topprixsarl.ch\/de\/wp-json\/wp\/v2\/product_tag?post=30205"}],"curies":[{"name":"wp","href":"https:\/\/api.w.org\/{rel}","templated":true}]}}