{"id":30197,"date":"2026-01-09T13:00:03","date_gmt":"2026-01-09T13:00:03","guid":{"rendered":"https:\/\/topprixsarl.ch\/product\/encre-pour-tampon-encreur-n2-noir-flacon-plastique-de-30-ml\/"},"modified":"2026-01-14T14:21:28","modified_gmt":"2026-01-14T14:21:28","slug":"encre-pour-tampon-encreur-n2-noir-flacon-plastique-de-30-ml","status":"publish","type":"product","link":"https:\/\/topprixsarl.ch\/de\/product\/encre-pour-tampon-encreur-n2-noir-flacon-plastique-de-30-ml\/","title":{"rendered":"Encre pour tampon encreur n\u00b02 &#8211; noir &#8211; flacon plastique de 30 ml"},"content":{"rendered":"<p>Encre de haute qualit\u00e9 pour vos tampons<\/p>\n<p>Les documents importants, les contrats et les dipl\u00f4mes exigent un aspect final clair et agr\u00e9able. Parfois, ils ont aussi besoin d&rsquo;\u00eatre sign\u00e9s avec un tampon. <\/p>\n<p>Afin de mettre des marques sur vos papiers, vous devriez toujours garder ce petit flacon sur votre bureau, pour \u00eatre s\u00fbr de ne pas \u00eatre \u00e0 court d&rsquo;encre. <\/p>\n<p>Cette recharge pratique vous donnera autant d&rsquo;encre que n\u00e9cessaire. <\/p>\n<p>C&rsquo;est un produit de tr\u00e8s bonne qualit\u00e9 qui dessine des lignes nettes et intenses. C&rsquo;est parfait pour les tampons en caoutchouc. <\/p>\n<p>N&rsquo;achetez pas d&rsquo;autres tampons &#8211; rechargez simplement l&rsquo;encre!<\/p>\n<p>+ Encre de haute qualit\u00e9 pour des impressions nettes<br \/>\n+ Recharge pratique pour ne jamais manquer d&rsquo;encre<br \/>\n+ Id\u00e9al pour les tampons en caoutchouc<br \/>\n+ Produit con\u00e7u pour des documents importants  <\/p>\n<p>*Note: Les performances peuvent varier en fonction de l&rsquo;utilisation et du type de tampon.*<\/p>","protected":false},"excerpt":{"rendered":"<p>Encre de haute qualit\u00e9 pour vos tampons Les documents importants, les contrats et les dipl\u00f4mes exigent un aspect final clair et agr\u00e9able. Parfois, ils ont aussi besoin d&rsquo;\u00eatre sign\u00e9s avec un tampon. Afin de mettre des marques sur vos papiers, vous dev<\/p>","protected":false},"featured_media":30196,"comment_status":"open","ping_status":"closed","template":"","meta":[],"product_brand":[],"product_cat":[137],"product_tag":[],"class_list":{"0":"post-30197","1":"product","2":"type-product","3":"status-publish","4":"has-post-thumbnail","6":"product_cat-papier","8":"first","9":"instock","10":"shipping-taxable","11":"purchasable","12":"product-type-simple"},"_links":{"self":[{"href":"https:\/\/topprixsarl.ch\/de\/wp-json\/wp\/v2\/product\/30197","targetHints":{"allow":["GET"]}}],"collection":[{"href":"https:\/\/topprixsarl.ch\/de\/wp-json\/wp\/v2\/product"}],"about":[{"href":"https:\/\/topprixsarl.ch\/de\/wp-json\/wp\/v2\/types\/product"}],"replies":[{"embeddable":true,"href":"https:\/\/topprixsarl.ch\/de\/wp-json\/wp\/v2\/comments?post=30197"}],"version-history":[{"count":2,"href":"https:\/\/topprixsarl.ch\/de\/wp-json\/wp\/v2\/product\/30197\/revisions"}],"predecessor-version":[{"id":32419,"href":"https:\/\/topprixsarl.ch\/de\/wp-json\/wp\/v2\/product\/30197\/revisions\/32419"}],"wp:featuredmedia":[{"embeddable":true,"href":"https:\/\/topprixsarl.ch\/de\/wp-json\/wp\/v2\/media\/30196"}],"wp:attachment":[{"href":"https:\/\/topprixsarl.ch\/de\/wp-json\/wp\/v2\/media?parent=30197"}],"wp:term":[{"taxonomy":"product_brand","embeddable":true,"href":"https:\/\/topprixsarl.ch\/de\/wp-json\/wp\/v2\/product_brand?post=30197"},{"taxonomy":"product_cat","embeddable":true,"href":"https:\/\/topprixsarl.ch\/de\/wp-json\/wp\/v2\/product_cat?post=30197"},{"taxonomy":"product_tag","embeddable":true,"href":"https:\/\/topprixsarl.ch\/de\/wp-json\/wp\/v2\/product_tag?post=30197"}],"curies":[{"name":"wp","href":"https:\/\/api.w.org\/{rel}","templated":true}]}}