{"id":30191,"date":"2026-01-09T12:59:21","date_gmt":"2026-01-09T12:59:21","guid":{"rendered":"https:\/\/topprixsarl.ch\/product\/agrafeuse-de-bureau-leitz-nexxt-metal-5502-capacite-30-feuilles-noire\/"},"modified":"2026-01-14T14:21:29","modified_gmt":"2026-01-14T14:21:29","slug":"agrafeuse-de-bureau-leitz-nexxt-metal-5502-capacite-30-feuilles-noire","status":"publish","type":"product","link":"https:\/\/topprixsarl.ch\/de\/product\/agrafeuse-de-bureau-leitz-nexxt-metal-5502-capacite-30-feuilles-noire\/","title":{"rendered":"Leitz NeXXt Metall-Heftger\u00e4t 5502 - Kapazit\u00e4t 30 Blatt - schwarz"},"content":{"rendered":"<p>Agrafage pr\u00e9cis et sans effort<\/p>\n<p>Tout le monde sait que la cl\u00e9 du succ\u00e8s r\u00e9side dans le soin de tous les d\u00e9tails. Cette agrafeuse de la s\u00e9rie Leiz Nexxt est \u00e9l\u00e9gante et pr\u00e9cise, ce qui est parfait pour tous vos besoins de bureau. Elle vous garantira des r\u00e9sultats excellents et d\u00e9taill\u00e9s.<\/p>\n<p>+ Capacit\u00e9 d&rsquo;agrafage : jusqu&rsquo;\u00e0 30 feuilles simultan\u00e9ment, ce qui vous permet de gagner du temps.<\/p>\n<p>+ Enclume rotative : permet de clouer et d&rsquo;ouvrir l&rsquo;outil jusqu&rsquo;\u00e0 180\u00b0.<\/p>\n<p>Essayez une agrafeuse de haute qualit\u00e9!<\/p>\n<p>> Garantie 10 ans*<\/p>","protected":false},"excerpt":{"rendered":"<p>Agrafage pr\u00e9cis et sans effort Tout le monde sait que la cl\u00e9 du succ\u00e8s r\u00e9side dans le soin de tous les d\u00e9tails. Cette agrafeuse de la s\u00e9rie Leiz Nexxt est \u00e9l\u00e9gante et pr\u00e9cise, ce qui est parfait pour tous vos besoins de bureau. Elle vous garantira de<\/p>","protected":false},"featured_media":30190,"comment_status":"open","ping_status":"closed","template":"","meta":[],"product_brand":[],"product_cat":[137],"product_tag":[],"class_list":{"0":"post-30191","1":"product","2":"type-product","3":"status-publish","4":"has-post-thumbnail","6":"product_cat-papier","8":"first","9":"instock","10":"shipping-taxable","11":"purchasable","12":"product-type-simple"},"_links":{"self":[{"href":"https:\/\/topprixsarl.ch\/de\/wp-json\/wp\/v2\/product\/30191","targetHints":{"allow":["GET"]}}],"collection":[{"href":"https:\/\/topprixsarl.ch\/de\/wp-json\/wp\/v2\/product"}],"about":[{"href":"https:\/\/topprixsarl.ch\/de\/wp-json\/wp\/v2\/types\/product"}],"replies":[{"embeddable":true,"href":"https:\/\/topprixsarl.ch\/de\/wp-json\/wp\/v2\/comments?post=30191"}],"version-history":[{"count":2,"href":"https:\/\/topprixsarl.ch\/de\/wp-json\/wp\/v2\/product\/30191\/revisions"}],"predecessor-version":[{"id":32416,"href":"https:\/\/topprixsarl.ch\/de\/wp-json\/wp\/v2\/product\/30191\/revisions\/32416"}],"wp:featuredmedia":[{"embeddable":true,"href":"https:\/\/topprixsarl.ch\/de\/wp-json\/wp\/v2\/media\/30190"}],"wp:attachment":[{"href":"https:\/\/topprixsarl.ch\/de\/wp-json\/wp\/v2\/media?parent=30191"}],"wp:term":[{"taxonomy":"product_brand","embeddable":true,"href":"https:\/\/topprixsarl.ch\/de\/wp-json\/wp\/v2\/product_brand?post=30191"},{"taxonomy":"product_cat","embeddable":true,"href":"https:\/\/topprixsarl.ch\/de\/wp-json\/wp\/v2\/product_cat?post=30191"},{"taxonomy":"product_tag","embeddable":true,"href":"https:\/\/topprixsarl.ch\/de\/wp-json\/wp\/v2\/product_tag?post=30191"}],"curies":[{"name":"wp","href":"https:\/\/api.w.org\/{rel}","templated":true}]}}