{"id":30187,"date":"2026-01-09T12:58:54","date_gmt":"2026-01-09T12:58:54","guid":{"rendered":"https:\/\/topprixsarl.ch\/product\/ruban-dymo-d1-12-mm-noir-sur-blanc\/"},"modified":"2026-01-14T14:21:29","modified_gmt":"2026-01-14T14:21:29","slug":"ruban-dymo-d1-12-mm-noir-sur-blanc","status":"publish","type":"product","link":"https:\/\/topprixsarl.ch\/de\/product\/ruban-dymo-d1-12-mm-noir-sur-blanc\/","title":{"rendered":"Ruban Dymo D1 &#8211; 12 mm &#8211; noir sur blanc"},"content":{"rendered":"<p>Pour des \u00e9tiquettes durables <\/p>\n<p>Une \u00e9tiquette en papier ordinaire semble facile \u00e0 nettoyer. C\u2019est peut-\u00eatre une solution pour un dossier rarement utilis\u00e9 dans un bureau. Dans un autre sc\u00e9nario, l\u2019\u00e9tiquette serait salie, imbib\u00e9e d&rsquo;eau et effac\u00e9e. <\/p>\n<p>Utilisez plut\u00f4t les rubans d&rsquo;\u00e9tiquetage Dymo D1. <\/p>\n<p>+ Fabriqu\u00e9s dans un mat\u00e9riau r\u00e9sistant \u00e0 l&rsquo;eau, ils sont r\u00e9sistants aux dommages, \u00e0 l&rsquo;eau, \u00e0 l&rsquo;huile ou \u00e0 la graisse. <\/p>\n<p>+ Les rubans ont \u00e9t\u00e9 d\u00e9velopp\u00e9s pour r\u00e9sister aux temp\u00e9ratures extr\u00eames allant jusqu&rsquo;\u00e0 90 degr\u00e9s Celsius. <\/p>\n<p>+ Ils sont pratiques pour le bureau, l\u2019entrep\u00f4t, l\u2019usine et pour les activit\u00e9s en ext\u00e9rieur. <\/p>\n<p>+ Ils sont sp\u00e9cialement con\u00e7us pour les \u00e9tiqueteuses Dymo. <\/p>\n<p>+ Simples \u00e0 utiliser, ils fonctionnent parfaitement avec une grande vari\u00e9t\u00e9 d&rsquo;entre elles. Il suffit de remplacer un vieux rouleau par celui-ci et de continuer \u00e0 imprimer les \u00e9tiquettes. <\/p>\n<p>+ De plus, ces \u00e9tiquettes sont faciles \u00e0 coller. <\/p>\n<p>Un rouleau contient 7m de ruban adh\u00e9sif, suffisant pour 200 \u00e9tiquettes. <\/p>\n<p>Cr\u00e9ez de meilleures \u00e9tiquettes qui dureront dans le temps !<\/p>","protected":false},"excerpt":{"rendered":"<p>Pour des \u00e9tiquettes durables Une \u00e9tiquette en papier ordinaire semble facile \u00e0 nettoyer. C\u2019est peut \u00eatre une solution pour un dossier rarement utilis\u00e9 dans un bureau. Dans un autre sc\u00e9nario, l\u2019\u00e9tiquette serait salie, imbib\u00e9e d&rsquo;eau et effac\u00e9e. Utilise<\/p>","protected":false},"featured_media":30186,"comment_status":"open","ping_status":"closed","template":"","meta":[],"product_brand":[],"product_cat":[137],"product_tag":[],"class_list":{"0":"post-30187","1":"product","2":"type-product","3":"status-publish","4":"has-post-thumbnail","6":"product_cat-article-offic","8":"first","9":"instock","10":"shipping-taxable","11":"purchasable","12":"product-type-simple"},"_links":{"self":[{"href":"https:\/\/topprixsarl.ch\/de\/wp-json\/wp\/v2\/product\/30187","targetHints":{"allow":["GET"]}}],"collection":[{"href":"https:\/\/topprixsarl.ch\/de\/wp-json\/wp\/v2\/product"}],"about":[{"href":"https:\/\/topprixsarl.ch\/de\/wp-json\/wp\/v2\/types\/product"}],"replies":[{"embeddable":true,"href":"https:\/\/topprixsarl.ch\/de\/wp-json\/wp\/v2\/comments?post=30187"}],"version-history":[{"count":2,"href":"https:\/\/topprixsarl.ch\/de\/wp-json\/wp\/v2\/product\/30187\/revisions"}],"predecessor-version":[{"id":32414,"href":"https:\/\/topprixsarl.ch\/de\/wp-json\/wp\/v2\/product\/30187\/revisions\/32414"}],"wp:featuredmedia":[{"embeddable":true,"href":"https:\/\/topprixsarl.ch\/de\/wp-json\/wp\/v2\/media\/30186"}],"wp:attachment":[{"href":"https:\/\/topprixsarl.ch\/de\/wp-json\/wp\/v2\/media?parent=30187"}],"wp:term":[{"taxonomy":"product_brand","embeddable":true,"href":"https:\/\/topprixsarl.ch\/de\/wp-json\/wp\/v2\/product_brand?post=30187"},{"taxonomy":"product_cat","embeddable":true,"href":"https:\/\/topprixsarl.ch\/de\/wp-json\/wp\/v2\/product_cat?post=30187"},{"taxonomy":"product_tag","embeddable":true,"href":"https:\/\/topprixsarl.ch\/de\/wp-json\/wp\/v2\/product_tag?post=30187"}],"curies":[{"name":"wp","href":"https:\/\/api.w.org\/{rel}","templated":true}]}}