{"id":30181,"date":"2026-01-09T12:58:13","date_gmt":"2026-01-09T12:58:13","guid":{"rendered":"https:\/\/topprixsarl.ch\/product\/feutre-permanent-staedtler-lumocolor-pointe-fine-noir\/"},"modified":"2026-04-11T01:26:33","modified_gmt":"2026-04-11T01:26:33","slug":"feutre-permanent-staedtler-lumocolor-pointe-fine-noir","status":"publish","type":"product","link":"https:\/\/topprixsarl.ch\/de\/product\/feutre-permanent-staedtler-lumocolor-pointe-fine-noir\/","title":{"rendered":"Feutre permanent Staedtler Lumocolor &#8211; pointe fine &#8211; noir"},"content":{"rendered":"<p>Pas de probl\u00e8mes de pression<\/p>\n<p>Lorsque la pression d&rsquo;air diminue, les marqueurs communs ont tendance \u00e0 fuir et \u00e0 devenir compl\u00e8tement inutiles. Le Staedtler 318 OHPen F a \u00e9t\u00e9 con\u00e7u pour r\u00e9soudre ce probl\u00e8me.<\/p>\n<p>+ Utilisation en toute s\u00e9curit\u00e9 dans toutes les conditions de pression, puisqu&rsquo;il ne fuit pas : il sera aussi efficace qu&rsquo;un marqueur standard.<\/p>\n<p>De plus, son embout de 0,6 mm permet de distribuer l&rsquo;encre sur de nombreuses surfaces, telles que le plastique, le bois, le m\u00e9tal et le verre.<\/p>\n<p>+ Encre permanente et totalement ind\u00e9l\u00e9bile !<\/p>\n<p>Ecrivez dans toutes les conditions !<\/p>","protected":false},"excerpt":{"rendered":"<p>Pas de probl\u00e8mes de pressionLorsque la pression d&rsquo;air diminue, les marqueurs communs ont tendance \u00e0 fuir et \u00e0 devenir compl\u00e8tement inutiles. Le Staedtler 318 OHPen F a \u00e9t\u00e9 con\u00e7u pour r\u00e9soudre ce probl\u00e8me.Staedtler 318 OHPen F peut \u00eatre utilis\u00e9 en tou<\/p>","protected":false},"featured_media":30180,"comment_status":"open","ping_status":"closed","template":"","meta":[],"product_brand":[],"product_cat":[143],"product_tag":[],"class_list":{"0":"post-30181","1":"product","2":"type-product","3":"status-publish","4":"has-post-thumbnail","6":"product_cat-nettoyage","8":"first","9":"instock","10":"shipping-taxable","11":"purchasable","12":"product-type-simple"},"_links":{"self":[{"href":"https:\/\/topprixsarl.ch\/de\/wp-json\/wp\/v2\/product\/30181","targetHints":{"allow":["GET"]}}],"collection":[{"href":"https:\/\/topprixsarl.ch\/de\/wp-json\/wp\/v2\/product"}],"about":[{"href":"https:\/\/topprixsarl.ch\/de\/wp-json\/wp\/v2\/types\/product"}],"replies":[{"embeddable":true,"href":"https:\/\/topprixsarl.ch\/de\/wp-json\/wp\/v2\/comments?post=30181"}],"version-history":[{"count":2,"href":"https:\/\/topprixsarl.ch\/de\/wp-json\/wp\/v2\/product\/30181\/revisions"}],"predecessor-version":[{"id":32411,"href":"https:\/\/topprixsarl.ch\/de\/wp-json\/wp\/v2\/product\/30181\/revisions\/32411"}],"wp:featuredmedia":[{"embeddable":true,"href":"https:\/\/topprixsarl.ch\/de\/wp-json\/wp\/v2\/media\/30180"}],"wp:attachment":[{"href":"https:\/\/topprixsarl.ch\/de\/wp-json\/wp\/v2\/media?parent=30181"}],"wp:term":[{"taxonomy":"product_brand","embeddable":true,"href":"https:\/\/topprixsarl.ch\/de\/wp-json\/wp\/v2\/product_brand?post=30181"},{"taxonomy":"product_cat","embeddable":true,"href":"https:\/\/topprixsarl.ch\/de\/wp-json\/wp\/v2\/product_cat?post=30181"},{"taxonomy":"product_tag","embeddable":true,"href":"https:\/\/topprixsarl.ch\/de\/wp-json\/wp\/v2\/product_tag?post=30181"}],"curies":[{"name":"wp","href":"https:\/\/api.w.org\/{rel}","templated":true}]}}